{"id":3904,"date":"2025-01-31T11:12:20","date_gmt":"2025-01-31T10:12:20","guid":{"rendered":"https:\/\/www.bachmann.ch\/?page_id=3904"},"modified":"2025-01-31T11:24:46","modified_gmt":"2025-01-31T10:24:46","slug":"foodwaste","status":"publish","type":"page","link":"https:\/\/www.bachmann.ch\/nl\/nachhaltigkeit\/foodwaste\/","title":{"rendered":"Voedselverspilling"},"content":{"rendered":"<div id=\"pl-3904\"  class=\"panel-layout\" ><div id=\"pg-3904-0\"  class=\"panel-grid panel-has-style\" ><div data-iw-animation-delay=\"\" data-iw-animation-position=\"\" class=\"panel-row-style panel-row-style-for-3904-0\" ><div id=\"pgc-3904-0-0\"  class=\"panel-grid-cell\" ><div id=\"panel-3904-0-0-0\" class=\"so-panel widget widget_media_image panel-first-child\" data-index=\"0\" ><div data-iw-animation-delay=\"\" data-iw-animation-position=\"\" class=\"panel-widget-style panel-widget-style-for-3904-0-0-0\" ><img loading=\"lazy\" decoding=\"async\" width=\"1920\" height=\"500\" src=\"https:\/\/www.bachmann.ch\/wp-content\/uploads\/Foodwaste.jpg\" class=\"image wp-image-3908  attachment-full size-full\" alt=\"\" style=\"max-width: 100%; height: auto;\" srcset=\"https:\/\/www.bachmann.ch\/wp-content\/uploads\/Foodwaste.jpg 1920w, https:\/\/www.bachmann.ch\/wp-content\/uploads\/Foodwaste-300x78.jpg 300w, https:\/\/www.bachmann.ch\/wp-content\/uploads\/Foodwaste-1024x267.jpg 1024w, https:\/\/www.bachmann.ch\/wp-content\/uploads\/Foodwaste-768x200.jpg 768w, https:\/\/www.bachmann.ch\/wp-content\/uploads\/Foodwaste-1536x400.jpg 1536w\" sizes=\"auto, (max-width: 1920px) 100vw, 1920px\" \/><\/div><\/div><div id=\"panel-3904-0-0-1\" class=\"so-panel widget widget_bachmanncontentspacer-widget panel-last-child\" data-index=\"1\" ><div data-iw-animation-delay=\"\" data-iw-animation-position=\"\" class=\"panel-widget-style panel-widget-style-for-3904-0-0-1\" ><div\n\t\t\t\n\t\t\tclass=\"so-widget-bachmanncontentspacer-widget so-widget-bachmanncontentspacer-widget-base\"\n\t\t\t\n\t\t>    <div class=\"contentspacer-small\"><\/div>\n<\/div><\/div><\/div><\/div><\/div><\/div><div id=\"pg-3904-1\"  class=\"panel-grid panel-has-style\" ><div data-iw-animation-delay=\"\" data-iw-animation-position=\"\" class=\"panel-row-style panel-row-style-for-3904-1\" ><div id=\"pgc-3904-1-0\"  class=\"panel-grid-cell\" ><div id=\"panel-3904-1-0-0\" class=\"so-panel widget widget_sow-editor panel-first-child panel-last-child\" data-index=\"2\" ><div data-iw-animation-delay=\"\" data-iw-animation-position=\"\" class=\"panel-widget-style panel-widget-style-for-3904-1-0-0\" ><div\n\t\t\t\n\t\t\tclass=\"so-widget-sow-editor so-widget-sow-editor-base\"\n\t\t\t\n\t\t>\n<div class=\"siteorigin-widget-tinymce textwidget\">\n\t<p>Een verpakking vervult verschillende functies en draagt op verschillende manieren bij aan het verminderen van voedselverspilling:<\/p>\n<ul>\n<li><b>Bescherming tegen omgevingsinvloeden: <\/b>Voedsel wordt beschermd tegen verlies, beschadiging of diefstal.<\/li>\n<li><b>Voorkomen van besmetting: <\/b>Een veilige afdichting voorkomt dat voedsel in contact komt met ziektekiemen of vuil.<\/li>\n<li><b>Verlengde houdbaarheid door verschillende technologie\u00ebn: <\/b>Technologie\u00ebn zoals vacu\u00fcmverpakkingen of gemodificeerde atmosferen en de juiste materiaalkeuze helpen de houdbaarheid van voedsel te verlengen.<\/li>\n<li><b>Effici\u00ebntere en betere opslag en transport: <\/b>Verpakkingen zorgen voor een compacter en veiliger opslaan en transporteren van voedsel, waardoor schade en verliezen worden verminderd.<\/li>\n<\/ul>\n<p>Wist je dat het aandeel van verpakkingen in de CO2-voetafdruk van verpakte levensmiddelen slechts ongeveer 3% bedraagt (dvi, 2023)?<\/p>\n<\/div>\n<\/div><\/div><\/div><\/div><\/div><\/div><\/div>","protected":false},"excerpt":{"rendered":"<p>Een verpakking vervult verschillende functies en draagt op verschillende manieren bij aan het verminderen van voedselverspilling: Bescherming tegen omgevingsinvloeden: Voedsel wordt beschermd tegen verlies, beschadiging of diefstal. Voorkomen van besmetting: Een veilige afdichting voorkomt dat voedsel in contact komt met ziektekiemen of vuil. Verlengde houdbaarheid door verschillende technologie\u00ebn: Technologie\u00ebn zoals vacu\u00fcmverpakkingen of gemodificeerde atmosferen en [&hellip;]<\/p>\n","protected":false},"author":10,"featured_media":0,"parent":3209,"menu_order":0,"comment_status":"closed","ping_status":"closed","template":"page-gruppe.php","meta":{"footnotes":""},"class_list":["post-3904","page","type-page","status-publish","hentry"],"yoast_head":"<!-- This site is optimized with the Yoast SEO plugin v25.9 - https:\/\/yoast.com\/wordpress\/plugins\/seo\/ -->\n<title>Voedselverspilling - BACHMANN GROUP<\/title>\n<meta name=\"robots\" content=\"index, follow, max-snippet:-1, max-image-preview:large, max-video-preview:-1\" \/>\n<link rel=\"canonical\" href=\"https:\/\/www.bachmann.ch\/nl\/nachhaltigkeit\/foodwaste\/\" \/>\n<meta property=\"og:locale\" content=\"nl_NL\" \/>\n<meta property=\"og:type\" content=\"article\" \/>\n<meta property=\"og:title\" content=\"Voedselverspilling - BACHMANN GROUP\" \/>\n<meta property=\"og:description\" content=\"Een verpakking vervult verschillende functies en draagt op verschillende manieren bij aan het verminderen van voedselverspilling: Bescherming tegen omgevingsinvloeden: Voedsel wordt beschermd tegen verlies, beschadiging of diefstal. Voorkomen van besmetting: Een veilige afdichting voorkomt dat voedsel in contact komt met ziektekiemen of vuil. Verlengde houdbaarheid door verschillende technologie\u00ebn: Technologie\u00ebn zoals vacu\u00fcmverpakkingen of gemodificeerde atmosferen en [&hellip;]\" \/>\n<meta property=\"og:url\" content=\"https:\/\/www.bachmann.ch\/nl\/nachhaltigkeit\/foodwaste\/\" \/>\n<meta property=\"og:site_name\" content=\"BACHMANN GROUP\" \/>\n<meta property=\"article:modified_time\" content=\"2025-01-31T10:24:46+00:00\" \/>\n<meta name=\"twitter:card\" content=\"summary_large_image\" \/>\n<meta name=\"twitter:label1\" content=\"Geschatte leestijd\" \/>\n\t<meta name=\"twitter:data1\" content=\"1 minuut\" \/>\n<script type=\"application\/ld+json\" class=\"yoast-schema-graph\">{\"@context\":\"https:\/\/schema.org\",\"@graph\":[{\"@type\":\"WebPage\",\"@id\":\"https:\/\/www.bachmann.ch\/nl\/nachhaltigkeit\/foodwaste\/\",\"url\":\"https:\/\/www.bachmann.ch\/nl\/nachhaltigkeit\/foodwaste\/\",\"name\":\"Voedselverspilling - BACHMANN GROUP\",\"isPartOf\":{\"@id\":\"https:\/\/www.bachmann.ch\/en\/#website\"},\"datePublished\":\"2025-01-31T10:12:20+00:00\",\"dateModified\":\"2025-01-31T10:24:46+00:00\",\"breadcrumb\":{\"@id\":\"https:\/\/www.bachmann.ch\/nl\/nachhaltigkeit\/foodwaste\/#breadcrumb\"},\"inLanguage\":\"nl-NL\",\"potentialAction\":[{\"@type\":\"ReadAction\",\"target\":[\"https:\/\/www.bachmann.ch\/nl\/nachhaltigkeit\/foodwaste\/\"]}]},{\"@type\":\"BreadcrumbList\",\"@id\":\"https:\/\/www.bachmann.ch\/nl\/nachhaltigkeit\/foodwaste\/#breadcrumb\",\"itemListElement\":[{\"@type\":\"ListItem\",\"position\":1,\"name\":\"Home\",\"item\":\"https:\/\/www.bachmann.ch\/nl\/\"},{\"@type\":\"ListItem\",\"position\":2,\"name\":\"Onze duurzaamheidsgebieden\",\"item\":\"https:\/\/www.bachmann.ch\/nl\/nachhaltigkeit\/\"},{\"@type\":\"ListItem\",\"position\":3,\"name\":\"Voedselverspilling\"}]},{\"@type\":\"WebSite\",\"@id\":\"https:\/\/www.bachmann.ch\/en\/#website\",\"url\":\"https:\/\/www.bachmann.ch\/en\/\",\"name\":\"BACHMANN GROUP\",\"description\":\"\",\"potentialAction\":[{\"@type\":\"SearchAction\",\"target\":{\"@type\":\"EntryPoint\",\"urlTemplate\":\"https:\/\/www.bachmann.ch\/en\/?s={search_term_string}\"},\"query-input\":{\"@type\":\"PropertyValueSpecification\",\"valueRequired\":true,\"valueName\":\"search_term_string\"}}],\"inLanguage\":\"nl-NL\"}]}<\/script>\n<!-- \/ Yoast SEO plugin. -->","yoast_head_json":{"title":"Voedselverspilling - BACHMANN GROUP","robots":{"index":"index","follow":"follow","max-snippet":"max-snippet:-1","max-image-preview":"max-image-preview:large","max-video-preview":"max-video-preview:-1"},"canonical":"https:\/\/www.bachmann.ch\/nl\/nachhaltigkeit\/foodwaste\/","og_locale":"nl_NL","og_type":"article","og_title":"Voedselverspilling - BACHMANN GROUP","og_description":"Een verpakking vervult verschillende functies en draagt op verschillende manieren bij aan het verminderen van voedselverspilling: Bescherming tegen omgevingsinvloeden: Voedsel wordt beschermd tegen verlies, beschadiging of diefstal. Voorkomen van besmetting: Een veilige afdichting voorkomt dat voedsel in contact komt met ziektekiemen of vuil. Verlengde houdbaarheid door verschillende technologie\u00ebn: Technologie\u00ebn zoals vacu\u00fcmverpakkingen of gemodificeerde atmosferen en [&hellip;]","og_url":"https:\/\/www.bachmann.ch\/nl\/nachhaltigkeit\/foodwaste\/","og_site_name":"BACHMANN GROUP","article_modified_time":"2025-01-31T10:24:46+00:00","twitter_card":"summary_large_image","twitter_misc":{"Geschatte leestijd":"1 minuut"},"schema":{"@context":"https:\/\/schema.org","@graph":[{"@type":"WebPage","@id":"https:\/\/www.bachmann.ch\/nl\/nachhaltigkeit\/foodwaste\/","url":"https:\/\/www.bachmann.ch\/nl\/nachhaltigkeit\/foodwaste\/","name":"Voedselverspilling - BACHMANN GROUP","isPartOf":{"@id":"https:\/\/www.bachmann.ch\/en\/#website"},"datePublished":"2025-01-31T10:12:20+00:00","dateModified":"2025-01-31T10:24:46+00:00","breadcrumb":{"@id":"https:\/\/www.bachmann.ch\/nl\/nachhaltigkeit\/foodwaste\/#breadcrumb"},"inLanguage":"nl-NL","potentialAction":[{"@type":"ReadAction","target":["https:\/\/www.bachmann.ch\/nl\/nachhaltigkeit\/foodwaste\/"]}]},{"@type":"BreadcrumbList","@id":"https:\/\/www.bachmann.ch\/nl\/nachhaltigkeit\/foodwaste\/#breadcrumb","itemListElement":[{"@type":"ListItem","position":1,"name":"Home","item":"https:\/\/www.bachmann.ch\/nl\/"},{"@type":"ListItem","position":2,"name":"Onze duurzaamheidsgebieden","item":"https:\/\/www.bachmann.ch\/nl\/nachhaltigkeit\/"},{"@type":"ListItem","position":3,"name":"Voedselverspilling"}]},{"@type":"WebSite","@id":"https:\/\/www.bachmann.ch\/en\/#website","url":"https:\/\/www.bachmann.ch\/en\/","name":"BACHMANN GROUP","description":"","potentialAction":[{"@type":"SearchAction","target":{"@type":"EntryPoint","urlTemplate":"https:\/\/www.bachmann.ch\/en\/?s={search_term_string}"},"query-input":{"@type":"PropertyValueSpecification","valueRequired":true,"valueName":"search_term_string"}}],"inLanguage":"nl-NL"}]}},"_links":{"self":[{"href":"https:\/\/www.bachmann.ch\/nl\/wp-json\/wp\/v2\/pages\/3904","targetHints":{"allow":["GET"]}}],"collection":[{"href":"https:\/\/www.bachmann.ch\/nl\/wp-json\/wp\/v2\/pages"}],"about":[{"href":"https:\/\/www.bachmann.ch\/nl\/wp-json\/wp\/v2\/types\/page"}],"author":[{"embeddable":true,"href":"https:\/\/www.bachmann.ch\/nl\/wp-json\/wp\/v2\/users\/10"}],"replies":[{"embeddable":true,"href":"https:\/\/www.bachmann.ch\/nl\/wp-json\/wp\/v2\/comments?post=3904"}],"version-history":[{"count":4,"href":"https:\/\/www.bachmann.ch\/nl\/wp-json\/wp\/v2\/pages\/3904\/revisions"}],"predecessor-version":[{"id":3991,"href":"https:\/\/www.bachmann.ch\/nl\/wp-json\/wp\/v2\/pages\/3904\/revisions\/3991"}],"up":[{"embeddable":true,"href":"https:\/\/www.bachmann.ch\/nl\/wp-json\/wp\/v2\/pages\/3209"}],"wp:attachment":[{"href":"https:\/\/www.bachmann.ch\/nl\/wp-json\/wp\/v2\/media?parent=3904"}],"curies":[{"name":"wp","href":"https:\/\/api.w.org\/{rel}","templated":true}]}}