{"id":430,"date":"2020-09-04T10:38:52","date_gmt":"2020-09-04T08:38:52","guid":{"rendered":"http:\/\/vmkrgwrep.cyon.link\/nachhaltigkeit\/circular-packaging\/"},"modified":"2021-03-29T12:19:02","modified_gmt":"2021-03-29T10:19:02","slug":"circular-packaging","status":"publish","type":"page","link":"https:\/\/www.bachmann.ch\/fr\/nachhaltigkeit\/circular-packaging\/","title":{"rendered":"Circular Packaging"},"content":{"rendered":"<div id=\"pl-430\"  class=\"panel-layout\" ><div id=\"pg-430-0\"  class=\"panel-grid panel-has-style\" ><div data-iw-animation-delay=\"\" data-iw-animation-position=\"\" class=\"panel-row-style panel-row-style-for-430-0\" ><div id=\"pgc-430-0-0\"  class=\"panel-grid-cell\" ><div id=\"panel-430-0-0-0\" class=\"so-panel widget widget_sow-image panel-first-child panel-last-child\" data-index=\"0\" ><div data-iw-animation-delay=\"\" data-iw-animation-position=\"\" class=\"panel-widget-style panel-widget-style-for-430-0-0-0\" ><div\n\t\t\t\n\t\t\tclass=\"so-widget-sow-image so-widget-sow-image-default-8b5b6f678277-430\"\n\t\t\t\n\t\t>\n<div class=\"sow-image-container\">\n\t\t<img \n\tsrc=\"https:\/\/www.bachmann.ch\/wp-content\/uploads\/Nachhaltigkeit_Circular-Packaging.jpg\" width=\"800\" height=\"444\" srcset=\"https:\/\/www.bachmann.ch\/wp-content\/uploads\/Nachhaltigkeit_Circular-Packaging.jpg 800w, https:\/\/www.bachmann.ch\/wp-content\/uploads\/Nachhaltigkeit_Circular-Packaging-300x167.jpg 300w, https:\/\/www.bachmann.ch\/wp-content\/uploads\/Nachhaltigkeit_Circular-Packaging-768x426.jpg 768w\" sizes=\"(max-width: 800px) 100vw, 800px\" alt=\"\" \t\tclass=\"so-widget-image\"\/>\n\t<\/div>\n\n<\/div><\/div><\/div><\/div><div id=\"pgc-430-0-1\"  class=\"panel-grid-cell\" ><div id=\"panel-430-0-1-0\" class=\"so-panel widget widget_sow-editor panel-first-child\" data-index=\"1\" ><div data-iw-animation-delay=\"\" data-iw-animation-position=\"\" class=\"panel-widget-style panel-widget-style-for-430-0-1-0\" ><div\n\t\t\t\n\t\t\tclass=\"so-widget-sow-editor so-widget-sow-editor-base\"\n\t\t\t\n\t\t>\n<div class=\"siteorigin-widget-tinymce textwidget\">\n\t<p>Une \u00e9conomie circulaire vise \u00e0 utiliser les ressources limit\u00e9es de la plan\u00e8te encore et encore dans un cycle continu. Pour nous, cela signifie utiliser des plastiques recycl\u00e9s aussi souvent que possible et recourir \u00e0 une conception intelligente pour s'assurer que nos emballages retournent dans le flux des mat\u00e9riaux et sont recycl\u00e9s.<\/p>\n<p>En tant que membre de la Circular Plastic Alliance, nous soutenons l'objectif europ\u00e9en de porter l'utilisation des recyclats \u00e0 10 millions de tonnes par an d'ici 2025.<\/p>\n<p><strong>Notre objectif ambitieux : d'ici 2025, nous ne traiterons que des plastiques recycl\u00e9s et\/ou recyclables.<\/strong><\/p>\n<\/div>\n<\/div><\/div><\/div><div id=\"panel-430-0-1-1\" class=\"so-panel widget widget_bachmannlink-widget panel-last-child\" data-index=\"2\" ><div data-iw-animation-delay=\"\" data-iw-animation-position=\"\" class=\"panel-widget-style panel-widget-style-for-430-0-1-1\" ><div\n\t\t\t\n\t\t\tclass=\"so-widget-bachmannlink-widget so-widget-bachmannlink-widget-base\"\n\t\t\t\n\t\t>\n<div class=\"link link_dark\">\n    <a href='https:\/\/www.youtube.com\/watch?v=-lDAjxEBkLw&feature=youtu.be' target='_blank'>Circular Plastic Alliance<span uk-icon=\"icon: arrow-right; ratio: 1.2;\"><\/span><\/a>\n<\/div>\n<\/div><\/div><\/div><\/div><\/div><\/div><\/div>","protected":false},"excerpt":{"rendered":"<p>Une \u00e9conomie circulaire vise \u00e0 utiliser les ressources limit\u00e9es de la plan\u00e8te encore et encore dans un cycle continu. Pour nous, cela signifie utiliser des plastiques recycl\u00e9s aussi souvent que possible et recourir \u00e0 une conception intelligente pour s&rsquo;assurer que nos emballages retournent dans le flux des mat\u00e9riaux et sont recycl\u00e9s. En tant que membre [&hellip;]<\/p>\n","protected":false},"author":1,"featured_media":0,"parent":3211,"menu_order":10,"comment_status":"closed","ping_status":"closed","template":"page-gruppe.php","meta":{"footnotes":""},"class_list":["post-430","page","type-page","status-publish","hentry"],"yoast_head":"<!-- This site is optimized with the Yoast SEO plugin v25.9 - https:\/\/yoast.com\/wordpress\/plugins\/seo\/ -->\n<title>Circular Packaging - BACHMANN GROUP<\/title>\n<meta name=\"robots\" content=\"index, follow, max-snippet:-1, max-image-preview:large, max-video-preview:-1\" \/>\n<link rel=\"canonical\" href=\"https:\/\/www.bachmann.ch\/nachhaltigkeit\/circular-packaging\/\" \/>\n<meta property=\"og:locale\" content=\"fr_FR\" \/>\n<meta property=\"og:type\" content=\"article\" \/>\n<meta property=\"og:title\" content=\"Circular Packaging - BACHMANN GROUP\" \/>\n<meta property=\"og:description\" content=\"Une \u00e9conomie circulaire vise \u00e0 utiliser les ressources limit\u00e9es de la plan\u00e8te encore et encore dans un cycle continu. Pour nous, cela signifie utiliser des plastiques recycl\u00e9s aussi souvent que possible et recourir \u00e0 une conception intelligente pour s&#039;assurer que nos emballages retournent dans le flux des mat\u00e9riaux et sont recycl\u00e9s. En tant que membre [&hellip;]\" \/>\n<meta property=\"og:url\" content=\"https:\/\/www.bachmann.ch\/nachhaltigkeit\/circular-packaging\/\" \/>\n<meta property=\"og:site_name\" content=\"BACHMANN GROUP\" \/>\n<meta property=\"article:modified_time\" content=\"2021-03-29T10:19:02+00:00\" \/>\n<meta name=\"twitter:card\" content=\"summary_large_image\" \/>\n<meta name=\"twitter:label1\" content=\"Dur\u00e9e de lecture estim\u00e9e\" \/>\n\t<meta name=\"twitter:data1\" content=\"1 minute\" \/>\n<script type=\"application\/ld+json\" class=\"yoast-schema-graph\">{\"@context\":\"https:\/\/schema.org\",\"@graph\":[{\"@type\":\"WebPage\",\"@id\":\"https:\/\/www.bachmann.ch\/nachhaltigkeit\/circular-packaging\/\",\"url\":\"https:\/\/www.bachmann.ch\/nachhaltigkeit\/circular-packaging\/\",\"name\":\"Circular Packaging - BACHMANN GROUP\",\"isPartOf\":{\"@id\":\"https:\/\/www.bachmann.ch\/en\/#website\"},\"datePublished\":\"2020-09-04T08:38:52+00:00\",\"dateModified\":\"2021-03-29T10:19:02+00:00\",\"breadcrumb\":{\"@id\":\"https:\/\/www.bachmann.ch\/nachhaltigkeit\/circular-packaging\/#breadcrumb\"},\"inLanguage\":\"fr-FR\",\"potentialAction\":[{\"@type\":\"ReadAction\",\"target\":[\"https:\/\/www.bachmann.ch\/nachhaltigkeit\/circular-packaging\/\"]}]},{\"@type\":\"BreadcrumbList\",\"@id\":\"https:\/\/www.bachmann.ch\/nachhaltigkeit\/circular-packaging\/#breadcrumb\",\"itemListElement\":[{\"@type\":\"ListItem\",\"position\":1,\"name\":\"Home\",\"item\":\"https:\/\/www.bachmann.ch\/fr\/\"},{\"@type\":\"ListItem\",\"position\":2,\"name\":\"Durabilit\u00e9\",\"item\":\"https:\/\/www.bachmann.ch\/nachhaltigkeit\/\"},{\"@type\":\"ListItem\",\"position\":3,\"name\":\"Circular Packaging\"}]},{\"@type\":\"WebSite\",\"@id\":\"https:\/\/www.bachmann.ch\/en\/#website\",\"url\":\"https:\/\/www.bachmann.ch\/en\/\",\"name\":\"BACHMANN GROUP\",\"description\":\"\",\"potentialAction\":[{\"@type\":\"SearchAction\",\"target\":{\"@type\":\"EntryPoint\",\"urlTemplate\":\"https:\/\/www.bachmann.ch\/en\/?s={search_term_string}\"},\"query-input\":{\"@type\":\"PropertyValueSpecification\",\"valueRequired\":true,\"valueName\":\"search_term_string\"}}],\"inLanguage\":\"fr-FR\"}]}<\/script>\n<!-- \/ Yoast SEO plugin. -->","yoast_head_json":{"title":"Circular Packaging - BACHMANN GROUP","robots":{"index":"index","follow":"follow","max-snippet":"max-snippet:-1","max-image-preview":"max-image-preview:large","max-video-preview":"max-video-preview:-1"},"canonical":"https:\/\/www.bachmann.ch\/nachhaltigkeit\/circular-packaging\/","og_locale":"fr_FR","og_type":"article","og_title":"Circular Packaging - BACHMANN GROUP","og_description":"Une \u00e9conomie circulaire vise \u00e0 utiliser les ressources limit\u00e9es de la plan\u00e8te encore et encore dans un cycle continu. Pour nous, cela signifie utiliser des plastiques recycl\u00e9s aussi souvent que possible et recourir \u00e0 une conception intelligente pour s'assurer que nos emballages retournent dans le flux des mat\u00e9riaux et sont recycl\u00e9s. En tant que membre [&hellip;]","og_url":"https:\/\/www.bachmann.ch\/nachhaltigkeit\/circular-packaging\/","og_site_name":"BACHMANN GROUP","article_modified_time":"2021-03-29T10:19:02+00:00","twitter_card":"summary_large_image","twitter_misc":{"Dur\u00e9e de lecture estim\u00e9e":"1 minute"},"schema":{"@context":"https:\/\/schema.org","@graph":[{"@type":"WebPage","@id":"https:\/\/www.bachmann.ch\/nachhaltigkeit\/circular-packaging\/","url":"https:\/\/www.bachmann.ch\/nachhaltigkeit\/circular-packaging\/","name":"Circular Packaging - BACHMANN GROUP","isPartOf":{"@id":"https:\/\/www.bachmann.ch\/en\/#website"},"datePublished":"2020-09-04T08:38:52+00:00","dateModified":"2021-03-29T10:19:02+00:00","breadcrumb":{"@id":"https:\/\/www.bachmann.ch\/nachhaltigkeit\/circular-packaging\/#breadcrumb"},"inLanguage":"fr-FR","potentialAction":[{"@type":"ReadAction","target":["https:\/\/www.bachmann.ch\/nachhaltigkeit\/circular-packaging\/"]}]},{"@type":"BreadcrumbList","@id":"https:\/\/www.bachmann.ch\/nachhaltigkeit\/circular-packaging\/#breadcrumb","itemListElement":[{"@type":"ListItem","position":1,"name":"Home","item":"https:\/\/www.bachmann.ch\/fr\/"},{"@type":"ListItem","position":2,"name":"Durabilit\u00e9","item":"https:\/\/www.bachmann.ch\/nachhaltigkeit\/"},{"@type":"ListItem","position":3,"name":"Circular Packaging"}]},{"@type":"WebSite","@id":"https:\/\/www.bachmann.ch\/en\/#website","url":"https:\/\/www.bachmann.ch\/en\/","name":"BACHMANN GROUP","description":"","potentialAction":[{"@type":"SearchAction","target":{"@type":"EntryPoint","urlTemplate":"https:\/\/www.bachmann.ch\/en\/?s={search_term_string}"},"query-input":{"@type":"PropertyValueSpecification","valueRequired":true,"valueName":"search_term_string"}}],"inLanguage":"fr-FR"}]}},"_links":{"self":[{"href":"https:\/\/www.bachmann.ch\/fr\/wp-json\/wp\/v2\/pages\/430","targetHints":{"allow":["GET"]}}],"collection":[{"href":"https:\/\/www.bachmann.ch\/fr\/wp-json\/wp\/v2\/pages"}],"about":[{"href":"https:\/\/www.bachmann.ch\/fr\/wp-json\/wp\/v2\/types\/page"}],"author":[{"embeddable":true,"href":"https:\/\/www.bachmann.ch\/fr\/wp-json\/wp\/v2\/users\/1"}],"replies":[{"embeddable":true,"href":"https:\/\/www.bachmann.ch\/fr\/wp-json\/wp\/v2\/comments?post=430"}],"version-history":[{"count":4,"href":"https:\/\/www.bachmann.ch\/fr\/wp-json\/wp\/v2\/pages\/430\/revisions"}],"predecessor-version":[{"id":606,"href":"https:\/\/www.bachmann.ch\/fr\/wp-json\/wp\/v2\/pages\/430\/revisions\/606"}],"up":[{"embeddable":true,"href":"https:\/\/www.bachmann.ch\/fr\/wp-json\/wp\/v2\/pages\/3211"}],"wp:attachment":[{"href":"https:\/\/www.bachmann.ch\/fr\/wp-json\/wp\/v2\/media?parent=430"}],"curies":[{"name":"wp","href":"https:\/\/api.w.org\/{rel}","templated":true}]}}