{"id":406,"date":"2021-02-09T16:04:47","date_gmt":"2021-02-09T14:04:47","guid":{"rendered":"http:\/\/vmkrgwrep.cyon.link\/nachhaltigkeit\/energie-effizienz\/"},"modified":"2021-03-29T12:30:49","modified_gmt":"2021-03-29T10:30:49","slug":"efficacite-energetique","status":"publish","type":"page","link":"https:\/\/www.bachmann.ch\/fr\/nachhaltigkeit\/efficacite-energetique\/","title":{"rendered":"Efficacit\u00e9 \u00e9nerg\u00e9tique"},"content":{"rendered":"<div id=\"pl-406\"  class=\"panel-layout\" ><div id=\"pg-406-0\"  class=\"panel-grid panel-has-style\" ><div data-iw-animation-delay=\"\" data-iw-animation-position=\"\" class=\"panel-row-style panel-row-style-for-406-0\" ><div id=\"pgc-406-0-0\"  class=\"panel-grid-cell\" ><div id=\"panel-406-0-0-0\" class=\"so-panel widget widget_sow-editor panel-first-child panel-last-child\" data-index=\"0\" ><div data-iw-animation-delay=\"\" data-iw-animation-position=\"\" class=\"panel-widget-style panel-widget-style-for-406-0-0-0\" ><div\n\t\t\t\n\t\t\tclass=\"so-widget-sow-editor so-widget-sow-editor-base\"\n\t\t\t\n\t\t>\n<div class=\"siteorigin-widget-tinymce textwidget\">\n\t<p>Par conviction, notre entreprise s'engage pour une protection durable du climat. Avec notre participation volontaire au programme de l'Agence de l'\u00e9nergie pour l'\u00e9conomie, nous nous engageons \u00e0 r\u00e9duire activement les \u00e9missions de CO2 et \u00e0 optimiser l'efficacit\u00e9 \u00e9nerg\u00e9tique. La convention d'objectifs est reconnue par la Conf\u00e9d\u00e9ration, les cantons et les partenaires de l'\u00e9conomie.<\/p>\n<\/div>\n<\/div><\/div><\/div><\/div><div id=\"pgc-406-0-1\"  class=\"panel-grid-cell\" ><div id=\"panel-406-0-1-0\" class=\"so-panel widget widget_sow-image panel-first-child panel-last-child\" data-index=\"1\" ><div data-iw-animation-delay=\"\" data-iw-animation-position=\"\" class=\"panel-widget-style panel-widget-style-for-406-0-1-0\" ><div\n\t\t\t\n\t\t\tclass=\"so-widget-sow-image so-widget-sow-image-default-8b5b6f678277-406\"\n\t\t\t\n\t\t>\n<div class=\"sow-image-container\">\n\t\t<img \n\tsrc=\"https:\/\/www.bachmann.ch\/wp-content\/uploads\/Energie_Effizienz.jpg\" width=\"596\" height=\"354\" srcset=\"https:\/\/www.bachmann.ch\/wp-content\/uploads\/Energie_Effizienz.jpg 596w, https:\/\/www.bachmann.ch\/wp-content\/uploads\/Energie_Effizienz-300x178.jpg 300w\" sizes=\"(max-width: 596px) 100vw, 596px\" alt=\"\" \t\tclass=\"so-widget-image\"\/>\n\t<\/div>\n\n<\/div><\/div><\/div><\/div><\/div><\/div><\/div>","protected":false},"excerpt":{"rendered":"<p>Par conviction, notre entreprise s&rsquo;engage pour une protection durable du climat. Avec notre participation volontaire au programme de l&rsquo;Agence de l&rsquo;\u00e9nergie pour l&rsquo;\u00e9conomie, nous nous engageons \u00e0 r\u00e9duire activement les \u00e9missions de CO2 et \u00e0 optimiser l&rsquo;efficacit\u00e9 \u00e9nerg\u00e9tique. La convention d&rsquo;objectifs est reconnue par la Conf\u00e9d\u00e9ration, les cantons et les partenaires de l&rsquo;\u00e9conomie.<\/p>\n","protected":false},"author":1,"featured_media":0,"parent":3211,"menu_order":70,"comment_status":"closed","ping_status":"closed","template":"page-gruppe.php","meta":{"footnotes":""},"class_list":["post-406","page","type-page","status-publish","hentry"],"yoast_head":"<!-- This site is optimized with the Yoast SEO plugin v25.9 - https:\/\/yoast.com\/wordpress\/plugins\/seo\/ -->\n<title>Efficacit\u00e9 \u00e9nerg\u00e9tique - BACHMANN GROUP<\/title>\n<meta name=\"robots\" content=\"index, follow, max-snippet:-1, max-image-preview:large, max-video-preview:-1\" \/>\n<link rel=\"canonical\" href=\"https:\/\/www.bachmann.ch\/nachhaltigkeit\/energie-effizienz\/\" \/>\n<meta property=\"og:locale\" content=\"fr_FR\" \/>\n<meta property=\"og:type\" content=\"article\" \/>\n<meta property=\"og:title\" content=\"Efficacit\u00e9 \u00e9nerg\u00e9tique - BACHMANN GROUP\" \/>\n<meta property=\"og:description\" content=\"Par conviction, notre entreprise s&#039;engage pour une protection durable du climat. Avec notre participation volontaire au programme de l&#039;Agence de l&#039;\u00e9nergie pour l&#039;\u00e9conomie, nous nous engageons \u00e0 r\u00e9duire activement les \u00e9missions de CO2 et \u00e0 optimiser l&#039;efficacit\u00e9 \u00e9nerg\u00e9tique. La convention d&#039;objectifs est reconnue par la Conf\u00e9d\u00e9ration, les cantons et les partenaires de l&#039;\u00e9conomie.\" \/>\n<meta property=\"og:url\" content=\"https:\/\/www.bachmann.ch\/nachhaltigkeit\/energie-effizienz\/\" \/>\n<meta property=\"og:site_name\" content=\"BACHMANN GROUP\" \/>\n<meta property=\"article:modified_time\" content=\"2021-03-29T10:30:49+00:00\" \/>\n<meta name=\"twitter:card\" content=\"summary_large_image\" \/>\n<script type=\"application\/ld+json\" class=\"yoast-schema-graph\">{\"@context\":\"https:\/\/schema.org\",\"@graph\":[{\"@type\":\"WebPage\",\"@id\":\"https:\/\/www.bachmann.ch\/nachhaltigkeit\/energie-effizienz\/\",\"url\":\"https:\/\/www.bachmann.ch\/nachhaltigkeit\/energie-effizienz\/\",\"name\":\"Efficacit\u00e9 \u00e9nerg\u00e9tique - BACHMANN GROUP\",\"isPartOf\":{\"@id\":\"https:\/\/www.bachmann.ch\/en\/#website\"},\"datePublished\":\"2021-02-09T14:04:47+00:00\",\"dateModified\":\"2021-03-29T10:30:49+00:00\",\"breadcrumb\":{\"@id\":\"https:\/\/www.bachmann.ch\/nachhaltigkeit\/energie-effizienz\/#breadcrumb\"},\"inLanguage\":\"fr-FR\",\"potentialAction\":[{\"@type\":\"ReadAction\",\"target\":[\"https:\/\/www.bachmann.ch\/nachhaltigkeit\/energie-effizienz\/\"]}]},{\"@type\":\"BreadcrumbList\",\"@id\":\"https:\/\/www.bachmann.ch\/nachhaltigkeit\/energie-effizienz\/#breadcrumb\",\"itemListElement\":[{\"@type\":\"ListItem\",\"position\":1,\"name\":\"Home\",\"item\":\"https:\/\/www.bachmann.ch\/fr\/\"},{\"@type\":\"ListItem\",\"position\":2,\"name\":\"Durabilit\u00e9\",\"item\":\"https:\/\/www.bachmann.ch\/nachhaltigkeit\/\"},{\"@type\":\"ListItem\",\"position\":3,\"name\":\"Efficacit\u00e9 \u00e9nerg\u00e9tique\"}]},{\"@type\":\"WebSite\",\"@id\":\"https:\/\/www.bachmann.ch\/en\/#website\",\"url\":\"https:\/\/www.bachmann.ch\/en\/\",\"name\":\"BACHMANN GROUP\",\"description\":\"\",\"potentialAction\":[{\"@type\":\"SearchAction\",\"target\":{\"@type\":\"EntryPoint\",\"urlTemplate\":\"https:\/\/www.bachmann.ch\/en\/?s={search_term_string}\"},\"query-input\":{\"@type\":\"PropertyValueSpecification\",\"valueRequired\":true,\"valueName\":\"search_term_string\"}}],\"inLanguage\":\"fr-FR\"}]}<\/script>\n<!-- \/ Yoast SEO plugin. -->","yoast_head_json":{"title":"Efficacit\u00e9 \u00e9nerg\u00e9tique - BACHMANN GROUP","robots":{"index":"index","follow":"follow","max-snippet":"max-snippet:-1","max-image-preview":"max-image-preview:large","max-video-preview":"max-video-preview:-1"},"canonical":"https:\/\/www.bachmann.ch\/nachhaltigkeit\/energie-effizienz\/","og_locale":"fr_FR","og_type":"article","og_title":"Efficacit\u00e9 \u00e9nerg\u00e9tique - BACHMANN GROUP","og_description":"Par conviction, notre entreprise s'engage pour une protection durable du climat. Avec notre participation volontaire au programme de l'Agence de l'\u00e9nergie pour l'\u00e9conomie, nous nous engageons \u00e0 r\u00e9duire activement les \u00e9missions de CO2 et \u00e0 optimiser l'efficacit\u00e9 \u00e9nerg\u00e9tique. La convention d'objectifs est reconnue par la Conf\u00e9d\u00e9ration, les cantons et les partenaires de l'\u00e9conomie.","og_url":"https:\/\/www.bachmann.ch\/nachhaltigkeit\/energie-effizienz\/","og_site_name":"BACHMANN GROUP","article_modified_time":"2021-03-29T10:30:49+00:00","twitter_card":"summary_large_image","schema":{"@context":"https:\/\/schema.org","@graph":[{"@type":"WebPage","@id":"https:\/\/www.bachmann.ch\/nachhaltigkeit\/energie-effizienz\/","url":"https:\/\/www.bachmann.ch\/nachhaltigkeit\/energie-effizienz\/","name":"Efficacit\u00e9 \u00e9nerg\u00e9tique - BACHMANN GROUP","isPartOf":{"@id":"https:\/\/www.bachmann.ch\/en\/#website"},"datePublished":"2021-02-09T14:04:47+00:00","dateModified":"2021-03-29T10:30:49+00:00","breadcrumb":{"@id":"https:\/\/www.bachmann.ch\/nachhaltigkeit\/energie-effizienz\/#breadcrumb"},"inLanguage":"fr-FR","potentialAction":[{"@type":"ReadAction","target":["https:\/\/www.bachmann.ch\/nachhaltigkeit\/energie-effizienz\/"]}]},{"@type":"BreadcrumbList","@id":"https:\/\/www.bachmann.ch\/nachhaltigkeit\/energie-effizienz\/#breadcrumb","itemListElement":[{"@type":"ListItem","position":1,"name":"Home","item":"https:\/\/www.bachmann.ch\/fr\/"},{"@type":"ListItem","position":2,"name":"Durabilit\u00e9","item":"https:\/\/www.bachmann.ch\/nachhaltigkeit\/"},{"@type":"ListItem","position":3,"name":"Efficacit\u00e9 \u00e9nerg\u00e9tique"}]},{"@type":"WebSite","@id":"https:\/\/www.bachmann.ch\/en\/#website","url":"https:\/\/www.bachmann.ch\/en\/","name":"BACHMANN GROUP","description":"","potentialAction":[{"@type":"SearchAction","target":{"@type":"EntryPoint","urlTemplate":"https:\/\/www.bachmann.ch\/en\/?s={search_term_string}"},"query-input":{"@type":"PropertyValueSpecification","valueRequired":true,"valueName":"search_term_string"}}],"inLanguage":"fr-FR"}]}},"_links":{"self":[{"href":"https:\/\/www.bachmann.ch\/fr\/wp-json\/wp\/v2\/pages\/406","targetHints":{"allow":["GET"]}}],"collection":[{"href":"https:\/\/www.bachmann.ch\/fr\/wp-json\/wp\/v2\/pages"}],"about":[{"href":"https:\/\/www.bachmann.ch\/fr\/wp-json\/wp\/v2\/types\/page"}],"author":[{"embeddable":true,"href":"https:\/\/www.bachmann.ch\/fr\/wp-json\/wp\/v2\/users\/1"}],"replies":[{"embeddable":true,"href":"https:\/\/www.bachmann.ch\/fr\/wp-json\/wp\/v2\/comments?post=406"}],"version-history":[{"count":4,"href":"https:\/\/www.bachmann.ch\/fr\/wp-json\/wp\/v2\/pages\/406\/revisions"}],"predecessor-version":[{"id":621,"href":"https:\/\/www.bachmann.ch\/fr\/wp-json\/wp\/v2\/pages\/406\/revisions\/621"}],"up":[{"embeddable":true,"href":"https:\/\/www.bachmann.ch\/fr\/wp-json\/wp\/v2\/pages\/3211"}],"wp:attachment":[{"href":"https:\/\/www.bachmann.ch\/fr\/wp-json\/wp\/v2\/media?parent=406"}],"curies":[{"name":"wp","href":"https:\/\/api.w.org\/{rel}","templated":true}]}}