{"id":403,"date":"2020-10-15T13:40:03","date_gmt":"2020-10-15T11:40:03","guid":{"rendered":"http:\/\/vmkrgwrep.cyon.link\/jobs-ausbildung\/ausbildung\/"},"modified":"2021-04-27T15:22:40","modified_gmt":"2021-04-27T13:22:40","slug":"formation","status":"publish","type":"page","link":"https:\/\/www.bachmann.ch\/fr\/formation\/","title":{"rendered":"Formation"},"content":{"rendered":"<div id=\"pl-403\"  class=\"panel-layout\" ><div id=\"pg-403-0\"  class=\"panel-grid panel-has-style\" ><div data-iw-animation-delay=\"\" data-iw-animation-position=\"\" class=\"panel-row-style panel-row-style-for-403-0\" ><div id=\"pgc-403-0-0\"  class=\"panel-grid-cell\" ><div id=\"panel-403-0-0-0\" class=\"so-panel widget widget_sow-editor panel-first-child\" data-index=\"0\" ><div data-iw-animation-delay=\"\" data-iw-animation-position=\"\" class=\"panel-widget-style panel-widget-style-for-403-0-0-0\" ><div\n\t\t\t\n\t\t\tclass=\"so-widget-sow-editor so-widget-sow-editor-base\"\n\t\t\t\n\t\t>\n<div class=\"siteorigin-widget-tinymce textwidget\">\n\t<p>BACHMANN GROUP forme des apprentis dans sept professions. Notre objectif est de vous offrir des perspectives d'\u00e9volution int\u00e9ressantes et vari\u00e9es au sein de notre entreprise, m\u00eame apr\u00e8s votre formation.<\/p>\n<\/div>\n<\/div><\/div><\/div><div id=\"panel-403-0-0-1\" class=\"so-panel widget widget_sow-editor panel-last-child\" data-index=\"1\" ><div data-iw-animation-delay=\"\" data-iw-animation-position=\"\" class=\"panel-widget-style panel-widget-style-for-403-0-0-1\" ><div\n\t\t\t\n\t\t\tclass=\"so-widget-sow-editor so-widget-sow-editor-base\"\n\t\t\t\n\t\t>\n<div class=\"siteorigin-widget-tinymce textwidget\">\n\t<p>Vous pouvez apprendre les m\u00e9tiers de r\u00eave suivants avec nous:<\/p>\n<ul>\n<li>Formenbauer\/in EFZ<\/li>\n<li>Polymechaniker\/in EFZ<\/li>\n<li>Kunststofftechnologe\/in EFZ<\/li>\n<li>Kunststoffverarbeiter\/in EBA<\/li>\n<li>Logistiker\/in EFZ<\/li>\n<li>Informatiker\/in EFZ<\/li>\n<li>Anlagenf\u00fchrer\/in EFZ<\/li>\n<\/ul>\n<p>&nbsp;<\/p>\n<p>Vous trouverez <a href=\"https:\/\/jobs.bachmann.ch\/\">ici<\/a> notre <a href=\"https:\/\/jobs.bachmann.ch\/\">portail d'emploi<\/a>.<\/p>\n<\/div>\n<\/div><\/div><\/div><\/div><div id=\"pgc-403-0-1\"  class=\"panel-grid-cell\" ><div id=\"panel-403-0-1-0\" class=\"so-panel widget widget_ink-image panel-first-child panel-last-child\" data-index=\"2\" ><div data-iw-animation-delay=\"\" data-iw-animation-position=\"\" class=\"panel-widget-style panel-widget-style-for-403-0-1-0\" ><div\n\t\t\t\n\t\t\tclass=\"so-widget-ink-image so-widget-ink-image-image-922fc8bd92b7-403\"\n\t\t\t\n\t\t><div class=\"iw-so-image-wrapper\">\n        <div class=\"iw-so-image\">\n\n        <div class=\"iw-so-image-container\">\n            <img loading=\"lazy\" decoding=\"async\" width=\"1800\" height=\"1911\" src=\"https:\/\/www.bachmann.ch\/wp-content\/uploads\/Jobs-und-Ausbildung_Ausbildung.jpg\" class=\"attachment-full size-full\" alt=\"\" srcset=\"https:\/\/www.bachmann.ch\/wp-content\/uploads\/Jobs-und-Ausbildung_Ausbildung.jpg 1800w, https:\/\/www.bachmann.ch\/wp-content\/uploads\/Jobs-und-Ausbildung_Ausbildung-283x300.jpg 283w, https:\/\/www.bachmann.ch\/wp-content\/uploads\/Jobs-und-Ausbildung_Ausbildung-965x1024.jpg 965w, https:\/\/www.bachmann.ch\/wp-content\/uploads\/Jobs-und-Ausbildung_Ausbildung-768x815.jpg 768w, https:\/\/www.bachmann.ch\/wp-content\/uploads\/Jobs-und-Ausbildung_Ausbildung-1447x1536.jpg 1447w\" sizes=\"auto, (max-width: 1800px) 100vw, 1800px\" \/>        <\/div>\n\n        <div class=\"iw-so-caption-wrapper\">\n            <div class=\"iw-so-image-caption\">\n                <figcaption>\n                                                        <\/figcaption>\n            <\/div>\n        <\/div>\n\n                                <a class=\"iw-so-image-popup\" href=\"https:\/\/www.bachmann.ch\/wp-content\/uploads\/Jobs-und-Ausbildung_Ausbildung.jpg\"><\/a>\n        \n    <\/div>\n    <\/div>\n<\/div><\/div><\/div><\/div><\/div><\/div><div id=\"pg-403-1\"  class=\"panel-grid panel-has-style\" ><div data-iw-animation-delay=\"\" data-iw-animation-position=\"\" class=\"panel-row-style panel-row-style-for-403-1\" ><div id=\"pgc-403-1-0\"  class=\"panel-grid-cell\" ><div id=\"panel-403-1-0-0\" class=\"so-panel widget widget_bachmanncontentspacer-widget panel-first-child\" data-index=\"3\" ><div data-iw-animation-delay=\"\" data-iw-animation-position=\"\" class=\"panel-widget-style panel-widget-style-for-403-1-0-0\" ><div\n\t\t\t\n\t\t\tclass=\"so-widget-bachmanncontentspacer-widget so-widget-bachmanncontentspacer-widget-base\"\n\t\t\t\n\t\t>    <div class=\"contentspacer-small\"><\/div>\n<\/div><\/div><\/div><div id=\"panel-403-1-0-1\" class=\"so-panel widget widget_sow-editor\" data-index=\"4\" ><div data-iw-animation-delay=\"\" data-iw-animation-position=\"\" class=\"panel-widget-style panel-widget-style-for-403-1-0-1\" ><div\n\t\t\t\n\t\t\tclass=\"so-widget-sow-editor so-widget-sow-editor-base\"\n\t\t\t\n\t\t>\n<div class=\"siteorigin-widget-tinymce textwidget\">\n\t<p>&nbsp;<\/p>\n<h6>Dans la vid\u00e9o, nos apprentis montrent leur vie professionnelle quotidienne et la diversit\u00e9 des t\u00e2ches.<\/h6>\n<\/div>\n<\/div><\/div><\/div><div id=\"panel-403-1-0-2\" class=\"so-panel widget widget_media_video panel-last-child\" data-index=\"5\" ><div data-iw-animation-delay=\"\" data-iw-animation-position=\"\" class=\"panel-widget-style panel-widget-style-for-403-1-0-2\" ><div style=\"width:100%;\" class=\"wp-video\"><!--[if lt IE 9]><script>document.createElement('video');<\/script><![endif]-->\n<video class=\"wp-video-shortcode\" id=\"video-403-1\" preload=\"metadata\" controls=\"controls\"><source type=\"video\/mp4\" src=\"https:\/\/www.bachmann.ch\/wp-content\/uploads\/Video-Lernende-BACHMANNGROUP.mp4?_=1\" \/><source type=\"video\/mp4\" src=\"https:\/\/www.bachmann.ch\/wp-content\/uploads\/Video-Lernende-BACHMANNGROUP.mp4?_=1\" \/><a href=\"https:\/\/www.bachmann.ch\/wp-content\/uploads\/Video-Lernende-BACHMANNGROUP.mp4\">https:\/\/www.bachmann.ch\/wp-content\/uploads\/Video-Lernende-BACHMANNGROUP.mp4<\/a><\/video><\/div><\/div><\/div><\/div><\/div><\/div><\/div>","protected":false},"excerpt":{"rendered":"<p>L&#8217;emploi de vos r\u00eaves, c&rsquo;est chez nous!<\/p>\n","protected":false},"author":1,"featured_media":0,"parent":0,"menu_order":10,"comment_status":"closed","ping_status":"closed","template":"page-gruppe.php","meta":{"footnotes":""},"class_list":["post-403","page","type-page","status-publish","hentry"],"yoast_head":"<!-- This site is optimized with the Yoast SEO plugin v25.9 - https:\/\/yoast.com\/wordpress\/plugins\/seo\/ -->\n<title>Formation - BACHMANN GROUP<\/title>\n<meta name=\"robots\" content=\"index, follow, max-snippet:-1, max-image-preview:large, max-video-preview:-1\" \/>\n<link rel=\"canonical\" href=\"https:\/\/www.bachmann.ch\/fr\/formation\/\" \/>\n<meta property=\"og:locale\" content=\"fr_FR\" \/>\n<meta property=\"og:type\" content=\"article\" \/>\n<meta property=\"og:title\" content=\"Formation - BACHMANN GROUP\" \/>\n<meta property=\"og:description\" content=\"L&#039;emploi de vos r\u00eaves, c&#039;est chez nous!\" \/>\n<meta property=\"og:url\" content=\"https:\/\/www.bachmann.ch\/fr\/formation\/\" \/>\n<meta property=\"og:site_name\" content=\"BACHMANN GROUP\" \/>\n<meta property=\"article:modified_time\" content=\"2021-04-27T13:22:40+00:00\" \/>\n<meta name=\"twitter:card\" content=\"summary_large_image\" \/>\n<meta name=\"twitter:label1\" content=\"Dur\u00e9e de lecture estim\u00e9e\" \/>\n\t<meta name=\"twitter:data1\" content=\"1 minute\" \/>\n<script type=\"application\/ld+json\" class=\"yoast-schema-graph\">{\"@context\":\"https:\/\/schema.org\",\"@graph\":[{\"@type\":\"WebPage\",\"@id\":\"https:\/\/www.bachmann.ch\/fr\/formation\/\",\"url\":\"https:\/\/www.bachmann.ch\/fr\/formation\/\",\"name\":\"Formation - BACHMANN GROUP\",\"isPartOf\":{\"@id\":\"https:\/\/www.bachmann.ch\/en\/#website\"},\"datePublished\":\"2020-10-15T11:40:03+00:00\",\"dateModified\":\"2021-04-27T13:22:40+00:00\",\"breadcrumb\":{\"@id\":\"https:\/\/www.bachmann.ch\/fr\/formation\/#breadcrumb\"},\"inLanguage\":\"fr-FR\",\"potentialAction\":[{\"@type\":\"ReadAction\",\"target\":[\"https:\/\/www.bachmann.ch\/fr\/formation\/\"]}]},{\"@type\":\"BreadcrumbList\",\"@id\":\"https:\/\/www.bachmann.ch\/fr\/formation\/#breadcrumb\",\"itemListElement\":[{\"@type\":\"ListItem\",\"position\":1,\"name\":\"Home\",\"item\":\"https:\/\/www.bachmann.ch\/fr\/\"},{\"@type\":\"ListItem\",\"position\":2,\"name\":\"Formation\"}]},{\"@type\":\"WebSite\",\"@id\":\"https:\/\/www.bachmann.ch\/en\/#website\",\"url\":\"https:\/\/www.bachmann.ch\/en\/\",\"name\":\"BACHMANN GROUP\",\"description\":\"\",\"potentialAction\":[{\"@type\":\"SearchAction\",\"target\":{\"@type\":\"EntryPoint\",\"urlTemplate\":\"https:\/\/www.bachmann.ch\/en\/?s={search_term_string}\"},\"query-input\":{\"@type\":\"PropertyValueSpecification\",\"valueRequired\":true,\"valueName\":\"search_term_string\"}}],\"inLanguage\":\"fr-FR\"}]}<\/script>\n<!-- \/ Yoast SEO plugin. -->","yoast_head_json":{"title":"Formation - BACHMANN GROUP","robots":{"index":"index","follow":"follow","max-snippet":"max-snippet:-1","max-image-preview":"max-image-preview:large","max-video-preview":"max-video-preview:-1"},"canonical":"https:\/\/www.bachmann.ch\/fr\/formation\/","og_locale":"fr_FR","og_type":"article","og_title":"Formation - BACHMANN GROUP","og_description":"L'emploi de vos r\u00eaves, c'est chez nous!","og_url":"https:\/\/www.bachmann.ch\/fr\/formation\/","og_site_name":"BACHMANN GROUP","article_modified_time":"2021-04-27T13:22:40+00:00","twitter_card":"summary_large_image","twitter_misc":{"Dur\u00e9e de lecture estim\u00e9e":"1 minute"},"schema":{"@context":"https:\/\/schema.org","@graph":[{"@type":"WebPage","@id":"https:\/\/www.bachmann.ch\/fr\/formation\/","url":"https:\/\/www.bachmann.ch\/fr\/formation\/","name":"Formation - BACHMANN GROUP","isPartOf":{"@id":"https:\/\/www.bachmann.ch\/en\/#website"},"datePublished":"2020-10-15T11:40:03+00:00","dateModified":"2021-04-27T13:22:40+00:00","breadcrumb":{"@id":"https:\/\/www.bachmann.ch\/fr\/formation\/#breadcrumb"},"inLanguage":"fr-FR","potentialAction":[{"@type":"ReadAction","target":["https:\/\/www.bachmann.ch\/fr\/formation\/"]}]},{"@type":"BreadcrumbList","@id":"https:\/\/www.bachmann.ch\/fr\/formation\/#breadcrumb","itemListElement":[{"@type":"ListItem","position":1,"name":"Home","item":"https:\/\/www.bachmann.ch\/fr\/"},{"@type":"ListItem","position":2,"name":"Formation"}]},{"@type":"WebSite","@id":"https:\/\/www.bachmann.ch\/en\/#website","url":"https:\/\/www.bachmann.ch\/en\/","name":"BACHMANN GROUP","description":"","potentialAction":[{"@type":"SearchAction","target":{"@type":"EntryPoint","urlTemplate":"https:\/\/www.bachmann.ch\/en\/?s={search_term_string}"},"query-input":{"@type":"PropertyValueSpecification","valueRequired":true,"valueName":"search_term_string"}}],"inLanguage":"fr-FR"}]}},"_links":{"self":[{"href":"https:\/\/www.bachmann.ch\/fr\/wp-json\/wp\/v2\/pages\/403","targetHints":{"allow":["GET"]}}],"collection":[{"href":"https:\/\/www.bachmann.ch\/fr\/wp-json\/wp\/v2\/pages"}],"about":[{"href":"https:\/\/www.bachmann.ch\/fr\/wp-json\/wp\/v2\/types\/page"}],"author":[{"embeddable":true,"href":"https:\/\/www.bachmann.ch\/fr\/wp-json\/wp\/v2\/users\/1"}],"replies":[{"embeddable":true,"href":"https:\/\/www.bachmann.ch\/fr\/wp-json\/wp\/v2\/comments?post=403"}],"version-history":[{"count":8,"href":"https:\/\/www.bachmann.ch\/fr\/wp-json\/wp\/v2\/pages\/403\/revisions"}],"predecessor-version":[{"id":748,"href":"https:\/\/www.bachmann.ch\/fr\/wp-json\/wp\/v2\/pages\/403\/revisions\/748"}],"wp:attachment":[{"href":"https:\/\/www.bachmann.ch\/fr\/wp-json\/wp\/v2\/media?parent=403"}],"curies":[{"name":"wp","href":"https:\/\/api.w.org\/{rel}","templated":true}]}}