{"id":397,"date":"2021-01-22T10:39:44","date_gmt":"2021-01-22T08:39:44","guid":{"rendered":"http:\/\/vmkrgwrep.cyon.link\/tradition-trifft-highend\/"},"modified":"2026-03-18T10:09:19","modified_gmt":"2026-03-18T09:09:19","slug":"bachmann-group","status":"publish","type":"page","link":"https:\/\/www.bachmann.ch\/fr\/bachmann-group\/","title":{"rendered":"BACHMANN GROUP"},"content":{"rendered":"<div id=\"pl-397\"  class=\"panel-layout\" ><div id=\"pg-397-0\"  class=\"panel-grid panel-has-style\" ><div data-iw-animation-delay=\"\" data-iw-animation-position=\"\" class=\"panel-row-style panel-row-style-for-397-0\" ><div id=\"pgc-397-0-0\"  class=\"panel-grid-cell\" ><div id=\"panel-397-0-0-0\" class=\"so-panel widget widget_sow-editor panel-first-child\" data-index=\"0\" ><div data-iw-animation-delay=\"\" data-iw-animation-position=\"\" class=\"panel-widget-style panel-widget-style-for-397-0-0-0\" ><div\n\t\t\t\n\t\t\tclass=\"so-widget-sow-editor so-widget-sow-editor-base\"\n\t\t\t\n\t\t>\n<div class=\"siteorigin-widget-tinymce textwidget\">\n\t<p>Le groupe BACHMANN est une entreprise familiale suisse dont le si\u00e8ge est situ\u00e9 \u00e0 Hochdorf, pr\u00e8s de Lucerne, en Suisse, avec un second site \u00e0 Ering\/Inn, en Allemagne. Aujourd\u2019hui, ce groupe fort de 60 ans d\u2019exp\u00e9rience se compose de deux divisions sp\u00e9cialis\u00e9es, d\u00e9di\u00e9es aux emballages ainsi qu\u2019aux syst\u00e8mes de transport et de culture pour l\u2019horticulture, enti\u00e8rement orient\u00e9es vers les besoins de leurs clients.<\/p>\n<\/div>\n<\/div><\/div><\/div><div id=\"panel-397-0-0-1\" class=\"so-panel widget widget_bachmanncontentspacer-widget\" data-index=\"1\" ><div data-iw-animation-delay=\"\" data-iw-animation-position=\"\" class=\"panel-widget-style panel-widget-style-for-397-0-0-1\" ><div\n\t\t\t\n\t\t\tclass=\"so-widget-bachmanncontentspacer-widget so-widget-bachmanncontentspacer-widget-base\"\n\t\t\t\n\t\t>    <div class=\"contentspacer-small\"><\/div>\n<\/div><\/div><\/div><div id=\"panel-397-0-0-2\" class=\"so-panel widget widget_bachmannlink-widget\" data-index=\"2\" ><div data-iw-animation-delay=\"\" data-iw-animation-position=\"\" class=\"panel-widget-style panel-widget-style-for-397-0-0-2\" ><div\n\t\t\t\n\t\t\tclass=\"so-widget-bachmannlink-widget so-widget-bachmannlink-widget-base\"\n\t\t\t\n\t\t>\n<div class=\"link link_dark\">\n    <a href='https:\/\/www.bachmann-kunststoff-verpackungen.ch\/fr\/' target='_self'>BACHMANN FORMING AG<span uk-icon=\"icon: arrow-right; ratio: 1.2;\"><\/span><\/a>\n<\/div>\n<\/div><\/div><\/div><div id=\"panel-397-0-0-3\" class=\"so-panel widget widget_bachmannlink-widget\" data-index=\"3\" ><div data-iw-animation-delay=\"\" data-iw-animation-position=\"\" class=\"panel-widget-style panel-widget-style-for-397-0-0-3\" ><div\n\t\t\t\n\t\t\tclass=\"so-widget-bachmannlink-widget so-widget-bachmannlink-widget-base\"\n\t\t\t\n\t\t>\n<div class=\"link link_dark\">\n    <a href='https:\/\/www.bachmann-pflanzentrays.ch\/fr\/' target='_self'>BACHMANN PLANTEC AG<span uk-icon=\"icon: arrow-right; ratio: 1.2;\"><\/span><\/a>\n<\/div>\n<\/div><\/div><\/div><div id=\"panel-397-0-0-4\" class=\"so-panel widget widget_bachmannlink-widget panel-last-child\" data-index=\"4\" ><div data-iw-animation-delay=\"\" data-iw-animation-position=\"\" class=\"panel-widget-style panel-widget-style-for-397-0-0-4\" ><div\n\t\t\t\n\t\t\tclass=\"so-widget-bachmannlink-widget so-widget-bachmannlink-widget-base\"\n\t\t\t\n\t\t>\n<div class=\"link link_dark\">\n    <a href='https:\/\/www.herkuplast.com\/fr\/accueil.html' target='_self'>HERKUPLAST KUBERN GMBH<span uk-icon=\"icon: arrow-right; ratio: 1.2;\"><\/span><\/a>\n<\/div>\n<\/div><\/div><\/div><\/div><div id=\"pgc-397-0-1\"  class=\"panel-grid-cell\" ><div id=\"panel-397-0-1-0\" class=\"so-panel widget widget_sow-image panel-first-child panel-last-child\" data-index=\"5\" ><div data-iw-animation-delay=\"\" data-iw-animation-position=\"\" class=\"panel-widget-style panel-widget-style-for-397-0-1-0\" ><div\n\t\t\t\n\t\t\tclass=\"so-widget-sow-image so-widget-sow-image-default-8b5b6f678277-397\"\n\t\t\t\n\t\t>\n<div class=\"sow-image-container\">\n\t\t<img \n\tsrc=\"https:\/\/www.bachmann.ch\/wp-content\/uploads\/Bachmann-Reto_low.jpg\" width=\"700\" height=\"467\" srcset=\"https:\/\/www.bachmann.ch\/wp-content\/uploads\/Bachmann-Reto_low.jpg 700w, https:\/\/www.bachmann.ch\/wp-content\/uploads\/Bachmann-Reto_low-300x200.jpg 300w, https:\/\/www.bachmann.ch\/wp-content\/uploads\/Bachmann-Reto_low-600x400.jpg 600w\" sizes=\"(max-width: 700px) 100vw, 700px\" title=\"Bachmann Reto_low\" alt=\"\" \t\tclass=\"so-widget-image\"\/>\n\t<\/div>\n\n<\/div><\/div><\/div><\/div><\/div><\/div><\/div>","protected":false},"excerpt":{"rendered":"<p>Le respect, l&rsquo;ouverture d&rsquo;esprit, le professionnalisme et l&rsquo;enthousiasme sont les principes fondamentaux pour le fils du fondateur de l\u2019entreprise et pour les 310 employ\u00e9s.<\/p>\n","protected":false},"author":1,"featured_media":0,"parent":0,"menu_order":100,"comment_status":"closed","ping_status":"closed","template":"page-gruppe.php","meta":{"footnotes":""},"class_list":["post-397","page","type-page","status-publish","hentry"],"yoast_head":"<!-- This site is optimized with the Yoast SEO plugin v25.9 - https:\/\/yoast.com\/wordpress\/plugins\/seo\/ -->\n<title>BACHMANN GROUP - BACHMANN GROUP<\/title>\n<meta name=\"robots\" content=\"index, follow, max-snippet:-1, max-image-preview:large, max-video-preview:-1\" \/>\n<link rel=\"canonical\" href=\"https:\/\/www.bachmann.ch\/fr\/bachmann-group\/\" \/>\n<meta property=\"og:locale\" content=\"fr_FR\" \/>\n<meta property=\"og:type\" content=\"article\" \/>\n<meta property=\"og:title\" content=\"BACHMANN GROUP - BACHMANN GROUP\" \/>\n<meta property=\"og:description\" content=\"Le respect, l&#039;ouverture d&#039;esprit, le professionnalisme et l&#039;enthousiasme sont les principes fondamentaux pour le fils du fondateur de l\u2019entreprise et pour les 310 employ\u00e9s.\" \/>\n<meta property=\"og:url\" content=\"https:\/\/www.bachmann.ch\/fr\/bachmann-group\/\" \/>\n<meta property=\"og:site_name\" content=\"BACHMANN GROUP\" \/>\n<meta property=\"article:modified_time\" content=\"2026-03-18T09:09:19+00:00\" \/>\n<meta name=\"twitter:card\" content=\"summary_large_image\" \/>\n<meta name=\"twitter:label1\" content=\"Dur\u00e9e de lecture estim\u00e9e\" \/>\n\t<meta name=\"twitter:data1\" content=\"1 minute\" \/>\n<script type=\"application\/ld+json\" class=\"yoast-schema-graph\">{\"@context\":\"https:\/\/schema.org\",\"@graph\":[{\"@type\":\"WebPage\",\"@id\":\"https:\/\/www.bachmann.ch\/fr\/bachmann-group\/\",\"url\":\"https:\/\/www.bachmann.ch\/fr\/bachmann-group\/\",\"name\":\"BACHMANN GROUP - BACHMANN GROUP\",\"isPartOf\":{\"@id\":\"https:\/\/www.bachmann.ch\/en\/#website\"},\"datePublished\":\"2021-01-22T08:39:44+00:00\",\"dateModified\":\"2026-03-18T09:09:19+00:00\",\"breadcrumb\":{\"@id\":\"https:\/\/www.bachmann.ch\/fr\/bachmann-group\/#breadcrumb\"},\"inLanguage\":\"fr-FR\",\"potentialAction\":[{\"@type\":\"ReadAction\",\"target\":[\"https:\/\/www.bachmann.ch\/fr\/bachmann-group\/\"]}]},{\"@type\":\"BreadcrumbList\",\"@id\":\"https:\/\/www.bachmann.ch\/fr\/bachmann-group\/#breadcrumb\",\"itemListElement\":[{\"@type\":\"ListItem\",\"position\":1,\"name\":\"Home\",\"item\":\"https:\/\/www.bachmann.ch\/fr\/\"},{\"@type\":\"ListItem\",\"position\":2,\"name\":\"BACHMANN GROUP\"}]},{\"@type\":\"WebSite\",\"@id\":\"https:\/\/www.bachmann.ch\/en\/#website\",\"url\":\"https:\/\/www.bachmann.ch\/en\/\",\"name\":\"BACHMANN GROUP\",\"description\":\"\",\"potentialAction\":[{\"@type\":\"SearchAction\",\"target\":{\"@type\":\"EntryPoint\",\"urlTemplate\":\"https:\/\/www.bachmann.ch\/en\/?s={search_term_string}\"},\"query-input\":{\"@type\":\"PropertyValueSpecification\",\"valueRequired\":true,\"valueName\":\"search_term_string\"}}],\"inLanguage\":\"fr-FR\"}]}<\/script>\n<!-- \/ Yoast SEO plugin. -->","yoast_head_json":{"title":"BACHMANN GROUP - BACHMANN GROUP","robots":{"index":"index","follow":"follow","max-snippet":"max-snippet:-1","max-image-preview":"max-image-preview:large","max-video-preview":"max-video-preview:-1"},"canonical":"https:\/\/www.bachmann.ch\/fr\/bachmann-group\/","og_locale":"fr_FR","og_type":"article","og_title":"BACHMANN GROUP - BACHMANN GROUP","og_description":"Le respect, l'ouverture d'esprit, le professionnalisme et l'enthousiasme sont les principes fondamentaux pour le fils du fondateur de l\u2019entreprise et pour les 310 employ\u00e9s.","og_url":"https:\/\/www.bachmann.ch\/fr\/bachmann-group\/","og_site_name":"BACHMANN GROUP","article_modified_time":"2026-03-18T09:09:19+00:00","twitter_card":"summary_large_image","twitter_misc":{"Dur\u00e9e de lecture estim\u00e9e":"1 minute"},"schema":{"@context":"https:\/\/schema.org","@graph":[{"@type":"WebPage","@id":"https:\/\/www.bachmann.ch\/fr\/bachmann-group\/","url":"https:\/\/www.bachmann.ch\/fr\/bachmann-group\/","name":"BACHMANN GROUP - BACHMANN GROUP","isPartOf":{"@id":"https:\/\/www.bachmann.ch\/en\/#website"},"datePublished":"2021-01-22T08:39:44+00:00","dateModified":"2026-03-18T09:09:19+00:00","breadcrumb":{"@id":"https:\/\/www.bachmann.ch\/fr\/bachmann-group\/#breadcrumb"},"inLanguage":"fr-FR","potentialAction":[{"@type":"ReadAction","target":["https:\/\/www.bachmann.ch\/fr\/bachmann-group\/"]}]},{"@type":"BreadcrumbList","@id":"https:\/\/www.bachmann.ch\/fr\/bachmann-group\/#breadcrumb","itemListElement":[{"@type":"ListItem","position":1,"name":"Home","item":"https:\/\/www.bachmann.ch\/fr\/"},{"@type":"ListItem","position":2,"name":"BACHMANN GROUP"}]},{"@type":"WebSite","@id":"https:\/\/www.bachmann.ch\/en\/#website","url":"https:\/\/www.bachmann.ch\/en\/","name":"BACHMANN GROUP","description":"","potentialAction":[{"@type":"SearchAction","target":{"@type":"EntryPoint","urlTemplate":"https:\/\/www.bachmann.ch\/en\/?s={search_term_string}"},"query-input":{"@type":"PropertyValueSpecification","valueRequired":true,"valueName":"search_term_string"}}],"inLanguage":"fr-FR"}]}},"_links":{"self":[{"href":"https:\/\/www.bachmann.ch\/fr\/wp-json\/wp\/v2\/pages\/397","targetHints":{"allow":["GET"]}}],"collection":[{"href":"https:\/\/www.bachmann.ch\/fr\/wp-json\/wp\/v2\/pages"}],"about":[{"href":"https:\/\/www.bachmann.ch\/fr\/wp-json\/wp\/v2\/types\/page"}],"author":[{"embeddable":true,"href":"https:\/\/www.bachmann.ch\/fr\/wp-json\/wp\/v2\/users\/1"}],"replies":[{"embeddable":true,"href":"https:\/\/www.bachmann.ch\/fr\/wp-json\/wp\/v2\/comments?post=397"}],"version-history":[{"count":11,"href":"https:\/\/www.bachmann.ch\/fr\/wp-json\/wp\/v2\/pages\/397\/revisions"}],"predecessor-version":[{"id":4322,"href":"https:\/\/www.bachmann.ch\/fr\/wp-json\/wp\/v2\/pages\/397\/revisions\/4322"}],"wp:attachment":[{"href":"https:\/\/www.bachmann.ch\/fr\/wp-json\/wp\/v2\/media?parent=397"}],"curies":[{"name":"wp","href":"https:\/\/api.w.org\/{rel}","templated":true}]}}