{"id":3946,"date":"2025-01-31T11:17:01","date_gmt":"2025-01-31T10:17:01","guid":{"rendered":"https:\/\/www.bachmann.ch\/?page_id=3946"},"modified":"2025-01-31T11:17:23","modified_gmt":"2025-01-31T10:17:23","slug":"circular-by-2025-2","status":"publish","type":"page","link":"https:\/\/www.bachmann.ch\/fr\/nachhaltigkeit\/circular-by-2025-2\/","title":{"rendered":"Un seul fournisseur"},"content":{"rendered":"<div id=\"pl-3946\"  class=\"panel-layout\" ><div id=\"pg-3946-0\"  class=\"panel-grid panel-has-style\" ><div data-iw-animation-delay=\"\" data-iw-animation-position=\"\" class=\"panel-row-style panel-row-style-for-3946-0\" ><div id=\"pgc-3946-0-0\"  class=\"panel-grid-cell\" ><div id=\"panel-3946-0-0-0\" class=\"so-panel widget widget_media_image panel-first-child\" data-index=\"0\" ><div data-iw-animation-delay=\"\" data-iw-animation-position=\"\" class=\"panel-widget-style panel-widget-style-for-3946-0-0-0\" ><img loading=\"lazy\" decoding=\"async\" width=\"1920\" height=\"500\" src=\"https:\/\/www.bachmann.ch\/wp-content\/uploads\/Alles-aus-einer-Hand-Teaser.png\" class=\"image wp-image-3964  attachment-full size-full\" alt=\"\" style=\"max-width: 100%; height: auto;\" srcset=\"https:\/\/www.bachmann.ch\/wp-content\/uploads\/Alles-aus-einer-Hand-Teaser.png 1920w, https:\/\/www.bachmann.ch\/wp-content\/uploads\/Alles-aus-einer-Hand-Teaser-300x78.png 300w, https:\/\/www.bachmann.ch\/wp-content\/uploads\/Alles-aus-einer-Hand-Teaser-1024x267.png 1024w, https:\/\/www.bachmann.ch\/wp-content\/uploads\/Alles-aus-einer-Hand-Teaser-768x200.png 768w, https:\/\/www.bachmann.ch\/wp-content\/uploads\/Alles-aus-einer-Hand-Teaser-1536x400.png 1536w\" sizes=\"auto, (max-width: 1920px) 100vw, 1920px\" \/><\/div><\/div><div id=\"panel-3946-0-0-1\" class=\"so-panel widget widget_bachmanncontentspacer-widget panel-last-child\" data-index=\"1\" ><div data-iw-animation-delay=\"\" data-iw-animation-position=\"\" class=\"panel-widget-style panel-widget-style-for-3946-0-0-1\" ><div\n\t\t\t\n\t\t\tclass=\"so-widget-bachmanncontentspacer-widget so-widget-bachmanncontentspacer-widget-base\"\n\t\t\t\n\t\t>    <div class=\"contentspacer-small\"><\/div>\n<\/div><\/div><\/div><\/div><\/div><\/div><div id=\"pg-3946-1\"  class=\"panel-grid panel-has-style\" ><div data-iw-animation-delay=\"\" data-iw-animation-position=\"\" class=\"panel-row-style panel-row-style-for-3946-1\" ><div id=\"pgc-3946-1-0\"  class=\"panel-grid-cell\" ><div id=\"panel-3946-1-0-0\" class=\"so-panel widget widget_sow-editor panel-first-child panel-last-child\" data-index=\"2\" ><div data-iw-animation-delay=\"\" data-iw-animation-position=\"\" class=\"panel-widget-style panel-widget-style-for-3946-1-0-0\" ><div\n\t\t\t\n\t\t\tclass=\"so-widget-sow-editor so-widget-sow-editor-base\"\n\t\t\t\n\t\t>\n<div class=\"siteorigin-widget-tinymce textwidget\">\n\t<p>Nous offrons \u00e0 nos clients des emballages sur mesure. Le processus commence par une consultation compl\u00e8te au cours de laquelle nous analysons en d\u00e9tail les besoins de nos clients. Dans la prochaine \u00e9tape, nous d\u00e9veloppons un produit personnalis\u00e9, parfaitement adapt\u00e9 \u00e0 leurs besoins. Ensuite, les outils n\u00e9cessaires \u00e0 la production sont fabriqu\u00e9s en interne. La production des produits finaux a \u00e9galement lieu directement dans notre installation \u00e0 Hochdorf. La livraison est effectu\u00e9e en collaboration avec nos partenaires de longue date.<\/p>\n<p>Cette approche nous permet d'offrir \u00e0 nos clients un haut degr\u00e9 de flexibilit\u00e9 et de qualit\u00e9.<\/p>\n<p><b>BACHMANN GROUP - Tout d'une seule main !<\/b><\/p>\n<\/div>\n<\/div><\/div><\/div><\/div><div id=\"pgc-3946-1-1\"  class=\"panel-grid-cell\" ><div id=\"panel-3946-1-1-0\" class=\"so-panel widget widget_media_image panel-first-child panel-last-child\" data-index=\"3\" ><div data-iw-animation-delay=\"\" data-iw-animation-position=\"\" class=\"panel-widget-style panel-widget-style-for-3946-1-1-0\" ><img loading=\"lazy\" decoding=\"async\" width=\"923\" height=\"761\" src=\"https:\/\/www.bachmann.ch\/wp-content\/uploads\/Bild2.png\" class=\"image wp-image-3971  attachment-full size-full\" alt=\"\" style=\"max-width: 100%; height: auto;\" srcset=\"https:\/\/www.bachmann.ch\/wp-content\/uploads\/Bild2.png 923w, https:\/\/www.bachmann.ch\/wp-content\/uploads\/Bild2-300x247.png 300w, https:\/\/www.bachmann.ch\/wp-content\/uploads\/Bild2-768x633.png 768w\" sizes=\"auto, (max-width: 923px) 100vw, 923px\" \/><\/div><\/div><\/div><\/div><\/div><\/div>","protected":false},"excerpt":{"rendered":"<p>Nous offrons \u00e0 nos clients des emballages sur mesure. Le processus commence par une consultation compl\u00e8te au cours de laquelle nous analysons en d\u00e9tail les besoins de nos clients. Dans la prochaine \u00e9tape, nous d\u00e9veloppons un produit personnalis\u00e9, parfaitement adapt\u00e9 \u00e0 leurs besoins. Ensuite, les outils n\u00e9cessaires \u00e0 la production sont fabriqu\u00e9s en interne. La [&hellip;]<\/p>\n","protected":false},"author":10,"featured_media":0,"parent":3211,"menu_order":0,"comment_status":"closed","ping_status":"closed","template":"page-gruppe.php","meta":{"footnotes":""},"class_list":["post-3946","page","type-page","status-publish","hentry"],"yoast_head":"<!-- This site is optimized with the Yoast SEO plugin v25.9 - https:\/\/yoast.com\/wordpress\/plugins\/seo\/ -->\n<title>Un seul fournisseur - BACHMANN GROUP<\/title>\n<meta name=\"robots\" content=\"index, follow, max-snippet:-1, max-image-preview:large, max-video-preview:-1\" \/>\n<link rel=\"canonical\" href=\"https:\/\/www.bachmann.ch\/fr\/nachhaltigkeit\/circular-by-2025-2\/\" \/>\n<meta property=\"og:locale\" content=\"fr_FR\" \/>\n<meta property=\"og:type\" content=\"article\" \/>\n<meta property=\"og:title\" content=\"Un seul fournisseur - BACHMANN GROUP\" \/>\n<meta property=\"og:description\" content=\"Nous offrons \u00e0 nos clients des emballages sur mesure. Le processus commence par une consultation compl\u00e8te au cours de laquelle nous analysons en d\u00e9tail les besoins de nos clients. Dans la prochaine \u00e9tape, nous d\u00e9veloppons un produit personnalis\u00e9, parfaitement adapt\u00e9 \u00e0 leurs besoins. Ensuite, les outils n\u00e9cessaires \u00e0 la production sont fabriqu\u00e9s en interne. La [&hellip;]\" \/>\n<meta property=\"og:url\" content=\"https:\/\/www.bachmann.ch\/fr\/nachhaltigkeit\/circular-by-2025-2\/\" \/>\n<meta property=\"og:site_name\" content=\"BACHMANN GROUP\" \/>\n<meta property=\"article:modified_time\" content=\"2025-01-31T10:17:23+00:00\" \/>\n<meta name=\"twitter:card\" content=\"summary_large_image\" \/>\n<meta name=\"twitter:label1\" content=\"Dur\u00e9e de lecture estim\u00e9e\" \/>\n\t<meta name=\"twitter:data1\" content=\"1 minute\" \/>\n<script type=\"application\/ld+json\" class=\"yoast-schema-graph\">{\"@context\":\"https:\/\/schema.org\",\"@graph\":[{\"@type\":\"WebPage\",\"@id\":\"https:\/\/www.bachmann.ch\/fr\/nachhaltigkeit\/circular-by-2025-2\/\",\"url\":\"https:\/\/www.bachmann.ch\/fr\/nachhaltigkeit\/circular-by-2025-2\/\",\"name\":\"Un seul fournisseur - BACHMANN GROUP\",\"isPartOf\":{\"@id\":\"https:\/\/www.bachmann.ch\/en\/#website\"},\"datePublished\":\"2025-01-31T10:17:01+00:00\",\"dateModified\":\"2025-01-31T10:17:23+00:00\",\"breadcrumb\":{\"@id\":\"https:\/\/www.bachmann.ch\/fr\/nachhaltigkeit\/circular-by-2025-2\/#breadcrumb\"},\"inLanguage\":\"fr-FR\",\"potentialAction\":[{\"@type\":\"ReadAction\",\"target\":[\"https:\/\/www.bachmann.ch\/fr\/nachhaltigkeit\/circular-by-2025-2\/\"]}]},{\"@type\":\"BreadcrumbList\",\"@id\":\"https:\/\/www.bachmann.ch\/fr\/nachhaltigkeit\/circular-by-2025-2\/#breadcrumb\",\"itemListElement\":[{\"@type\":\"ListItem\",\"position\":1,\"name\":\"Home\",\"item\":\"https:\/\/www.bachmann.ch\/fr\/\"},{\"@type\":\"ListItem\",\"position\":2,\"name\":\"Durabilit\u00e9\",\"item\":\"https:\/\/www.bachmann.ch\/fr\/nachhaltigkeit\/\"},{\"@type\":\"ListItem\",\"position\":3,\"name\":\"Un seul fournisseur\"}]},{\"@type\":\"WebSite\",\"@id\":\"https:\/\/www.bachmann.ch\/en\/#website\",\"url\":\"https:\/\/www.bachmann.ch\/en\/\",\"name\":\"BACHMANN GROUP\",\"description\":\"\",\"potentialAction\":[{\"@type\":\"SearchAction\",\"target\":{\"@type\":\"EntryPoint\",\"urlTemplate\":\"https:\/\/www.bachmann.ch\/en\/?s={search_term_string}\"},\"query-input\":{\"@type\":\"PropertyValueSpecification\",\"valueRequired\":true,\"valueName\":\"search_term_string\"}}],\"inLanguage\":\"fr-FR\"}]}<\/script>\n<!-- \/ Yoast SEO plugin. -->","yoast_head_json":{"title":"Un seul fournisseur - BACHMANN GROUP","robots":{"index":"index","follow":"follow","max-snippet":"max-snippet:-1","max-image-preview":"max-image-preview:large","max-video-preview":"max-video-preview:-1"},"canonical":"https:\/\/www.bachmann.ch\/fr\/nachhaltigkeit\/circular-by-2025-2\/","og_locale":"fr_FR","og_type":"article","og_title":"Un seul fournisseur - BACHMANN GROUP","og_description":"Nous offrons \u00e0 nos clients des emballages sur mesure. Le processus commence par une consultation compl\u00e8te au cours de laquelle nous analysons en d\u00e9tail les besoins de nos clients. Dans la prochaine \u00e9tape, nous d\u00e9veloppons un produit personnalis\u00e9, parfaitement adapt\u00e9 \u00e0 leurs besoins. Ensuite, les outils n\u00e9cessaires \u00e0 la production sont fabriqu\u00e9s en interne. La [&hellip;]","og_url":"https:\/\/www.bachmann.ch\/fr\/nachhaltigkeit\/circular-by-2025-2\/","og_site_name":"BACHMANN GROUP","article_modified_time":"2025-01-31T10:17:23+00:00","twitter_card":"summary_large_image","twitter_misc":{"Dur\u00e9e de lecture estim\u00e9e":"1 minute"},"schema":{"@context":"https:\/\/schema.org","@graph":[{"@type":"WebPage","@id":"https:\/\/www.bachmann.ch\/fr\/nachhaltigkeit\/circular-by-2025-2\/","url":"https:\/\/www.bachmann.ch\/fr\/nachhaltigkeit\/circular-by-2025-2\/","name":"Un seul fournisseur - BACHMANN GROUP","isPartOf":{"@id":"https:\/\/www.bachmann.ch\/en\/#website"},"datePublished":"2025-01-31T10:17:01+00:00","dateModified":"2025-01-31T10:17:23+00:00","breadcrumb":{"@id":"https:\/\/www.bachmann.ch\/fr\/nachhaltigkeit\/circular-by-2025-2\/#breadcrumb"},"inLanguage":"fr-FR","potentialAction":[{"@type":"ReadAction","target":["https:\/\/www.bachmann.ch\/fr\/nachhaltigkeit\/circular-by-2025-2\/"]}]},{"@type":"BreadcrumbList","@id":"https:\/\/www.bachmann.ch\/fr\/nachhaltigkeit\/circular-by-2025-2\/#breadcrumb","itemListElement":[{"@type":"ListItem","position":1,"name":"Home","item":"https:\/\/www.bachmann.ch\/fr\/"},{"@type":"ListItem","position":2,"name":"Durabilit\u00e9","item":"https:\/\/www.bachmann.ch\/fr\/nachhaltigkeit\/"},{"@type":"ListItem","position":3,"name":"Un seul fournisseur"}]},{"@type":"WebSite","@id":"https:\/\/www.bachmann.ch\/en\/#website","url":"https:\/\/www.bachmann.ch\/en\/","name":"BACHMANN GROUP","description":"","potentialAction":[{"@type":"SearchAction","target":{"@type":"EntryPoint","urlTemplate":"https:\/\/www.bachmann.ch\/en\/?s={search_term_string}"},"query-input":{"@type":"PropertyValueSpecification","valueRequired":true,"valueName":"search_term_string"}}],"inLanguage":"fr-FR"}]}},"_links":{"self":[{"href":"https:\/\/www.bachmann.ch\/fr\/wp-json\/wp\/v2\/pages\/3946","targetHints":{"allow":["GET"]}}],"collection":[{"href":"https:\/\/www.bachmann.ch\/fr\/wp-json\/wp\/v2\/pages"}],"about":[{"href":"https:\/\/www.bachmann.ch\/fr\/wp-json\/wp\/v2\/types\/page"}],"author":[{"embeddable":true,"href":"https:\/\/www.bachmann.ch\/fr\/wp-json\/wp\/v2\/users\/10"}],"replies":[{"embeddable":true,"href":"https:\/\/www.bachmann.ch\/fr\/wp-json\/wp\/v2\/comments?post=3946"}],"version-history":[{"count":2,"href":"https:\/\/www.bachmann.ch\/fr\/wp-json\/wp\/v2\/pages\/3946\/revisions"}],"predecessor-version":[{"id":3976,"href":"https:\/\/www.bachmann.ch\/fr\/wp-json\/wp\/v2\/pages\/3946\/revisions\/3976"}],"up":[{"embeddable":true,"href":"https:\/\/www.bachmann.ch\/fr\/wp-json\/wp\/v2\/pages\/3211"}],"wp:attachment":[{"href":"https:\/\/www.bachmann.ch\/fr\/wp-json\/wp\/v2\/media?parent=3946"}],"curies":[{"name":"wp","href":"https:\/\/api.w.org\/{rel}","templated":true}]}}