{"id":3906,"date":"2025-01-31T11:13:40","date_gmt":"2025-01-31T10:13:40","guid":{"rendered":"https:\/\/www.bachmann.ch\/?page_id=3906"},"modified":"2025-01-31T11:24:25","modified_gmt":"2025-01-31T10:24:25","slug":"foodwaste","status":"publish","type":"page","link":"https:\/\/www.bachmann.ch\/fr\/nachhaltigkeit\/foodwaste\/","title":{"rendered":"D\u00e9chets alimentaires"},"content":{"rendered":"<div id=\"pl-3906\"  class=\"panel-layout\" ><div id=\"pg-3906-0\"  class=\"panel-grid panel-has-style\" ><div data-iw-animation-delay=\"\" data-iw-animation-position=\"\" class=\"panel-row-style panel-row-style-for-3906-0\" ><div id=\"pgc-3906-0-0\"  class=\"panel-grid-cell\" ><div id=\"panel-3906-0-0-0\" class=\"so-panel widget widget_media_image panel-first-child\" data-index=\"0\" ><div data-iw-animation-delay=\"\" data-iw-animation-position=\"\" class=\"panel-widget-style panel-widget-style-for-3906-0-0-0\" ><img loading=\"lazy\" decoding=\"async\" width=\"1920\" height=\"500\" src=\"https:\/\/www.bachmann.ch\/wp-content\/uploads\/Foodwaste.jpg\" class=\"image wp-image-3910  attachment-full size-full\" alt=\"\" style=\"max-width: 100%; height: auto;\" srcset=\"https:\/\/www.bachmann.ch\/wp-content\/uploads\/Foodwaste.jpg 1920w, https:\/\/www.bachmann.ch\/wp-content\/uploads\/Foodwaste-300x78.jpg 300w, https:\/\/www.bachmann.ch\/wp-content\/uploads\/Foodwaste-1024x267.jpg 1024w, https:\/\/www.bachmann.ch\/wp-content\/uploads\/Foodwaste-768x200.jpg 768w, https:\/\/www.bachmann.ch\/wp-content\/uploads\/Foodwaste-1536x400.jpg 1536w\" sizes=\"auto, (max-width: 1920px) 100vw, 1920px\" \/><\/div><\/div><div id=\"panel-3906-0-0-1\" class=\"so-panel widget widget_bachmanncontentspacer-widget panel-last-child\" data-index=\"1\" ><div data-iw-animation-delay=\"\" data-iw-animation-position=\"\" class=\"panel-widget-style panel-widget-style-for-3906-0-0-1\" ><div\n\t\t\t\n\t\t\tclass=\"so-widget-bachmanncontentspacer-widget so-widget-bachmanncontentspacer-widget-base\"\n\t\t\t\n\t\t>    <div class=\"contentspacer-small\"><\/div>\n<\/div><\/div><\/div><\/div><\/div><\/div><div id=\"pg-3906-1\"  class=\"panel-grid panel-has-style\" ><div data-iw-animation-delay=\"\" data-iw-animation-position=\"\" class=\"panel-row-style panel-row-style-for-3906-1\" ><div id=\"pgc-3906-1-0\"  class=\"panel-grid-cell\" ><div id=\"panel-3906-1-0-0\" class=\"so-panel widget widget_sow-editor panel-first-child panel-last-child\" data-index=\"2\" ><div data-iw-animation-delay=\"\" data-iw-animation-position=\"\" class=\"panel-widget-style panel-widget-style-for-3906-1-0-0\" ><div\n\t\t\t\n\t\t\tclass=\"so-widget-sow-editor so-widget-sow-editor-base\"\n\t\t\t\n\t\t>\n<div class=\"siteorigin-widget-tinymce textwidget\">\n\t<p>Un emballage remplit diverses fonctions et contribue de plusieurs mani\u00e8res \u00e0 r\u00e9duire le gaspillage alimentaire:<\/p>\n<ul>\n<li><b>Protection contre les influences environnementales: <\/b>Les aliments sont prot\u00e9g\u00e9s contre la perte, les dommages ou le vol.<\/li>\n<li><b>Pr\u00e9vention de la contamination: <\/b>Une fermeture s\u00e9curis\u00e9e emp\u00eache les aliments d'entrer en contact avec des germes ou de la salet\u00e9.<\/li>\n<li><b>Prolongation de la dur\u00e9e de conservation gr\u00e2ce \u00e0 diverses technologies: <\/b>Des technologies comme l'emballage sous vide ou les atmosph\u00e8res modifi\u00e9es, ainsi que le choix appropri\u00e9 des mat\u00e9riaux, aident \u00e0 prolonger la dur\u00e9e de conservation des aliments.<\/li>\n<li><b>Stockage et transport plus efficaces et meilleurs: <\/b>Les emballages permettent de stocker et de transporter les aliments de mani\u00e8re plus compacte et s\u00fbre, r\u00e9duisant ainsi les dommages et les pertes.<\/li>\n<\/ul>\n<p>Saviez-vous que la part de l'emballage dans l'empreinte carbone des aliments emball\u00e9s n'est que d'environ 3 % (dvi, 2023)?<\/p>\n<\/div>\n<\/div><\/div><\/div><\/div><\/div><\/div><\/div>","protected":false},"excerpt":{"rendered":"<p>Un emballage remplit diverses fonctions et contribue de plusieurs mani\u00e8res \u00e0 r\u00e9duire le gaspillage alimentaire: Protection contre les influences environnementales: Les aliments sont prot\u00e9g\u00e9s contre la perte, les dommages ou le vol. Pr\u00e9vention de la contamination: Une fermeture s\u00e9curis\u00e9e emp\u00eache les aliments d&rsquo;entrer en contact avec des germes ou de la salet\u00e9. Prolongation de la [&hellip;]<\/p>\n","protected":false},"author":10,"featured_media":0,"parent":3211,"menu_order":0,"comment_status":"closed","ping_status":"closed","template":"page-gruppe.php","meta":{"footnotes":""},"class_list":["post-3906","page","type-page","status-publish","hentry"],"yoast_head":"<!-- This site is optimized with the Yoast SEO plugin v25.9 - https:\/\/yoast.com\/wordpress\/plugins\/seo\/ -->\n<title>D\u00e9chets alimentaires - BACHMANN GROUP<\/title>\n<meta name=\"robots\" content=\"index, follow, max-snippet:-1, max-image-preview:large, max-video-preview:-1\" \/>\n<link rel=\"canonical\" href=\"https:\/\/www.bachmann.ch\/fr\/nachhaltigkeit\/foodwaste\/\" \/>\n<meta property=\"og:locale\" content=\"fr_FR\" \/>\n<meta property=\"og:type\" content=\"article\" \/>\n<meta property=\"og:title\" content=\"D\u00e9chets alimentaires - BACHMANN GROUP\" \/>\n<meta property=\"og:description\" content=\"Un emballage remplit diverses fonctions et contribue de plusieurs mani\u00e8res \u00e0 r\u00e9duire le gaspillage alimentaire: Protection contre les influences environnementales: Les aliments sont prot\u00e9g\u00e9s contre la perte, les dommages ou le vol. Pr\u00e9vention de la contamination: Une fermeture s\u00e9curis\u00e9e emp\u00eache les aliments d&#039;entrer en contact avec des germes ou de la salet\u00e9. Prolongation de la [&hellip;]\" \/>\n<meta property=\"og:url\" content=\"https:\/\/www.bachmann.ch\/fr\/nachhaltigkeit\/foodwaste\/\" \/>\n<meta property=\"og:site_name\" content=\"BACHMANN GROUP\" \/>\n<meta property=\"article:modified_time\" content=\"2025-01-31T10:24:25+00:00\" \/>\n<meta name=\"twitter:card\" content=\"summary_large_image\" \/>\n<meta name=\"twitter:label1\" content=\"Dur\u00e9e de lecture estim\u00e9e\" \/>\n\t<meta name=\"twitter:data1\" content=\"1 minute\" \/>\n<script type=\"application\/ld+json\" class=\"yoast-schema-graph\">{\"@context\":\"https:\/\/schema.org\",\"@graph\":[{\"@type\":\"WebPage\",\"@id\":\"https:\/\/www.bachmann.ch\/fr\/nachhaltigkeit\/foodwaste\/\",\"url\":\"https:\/\/www.bachmann.ch\/fr\/nachhaltigkeit\/foodwaste\/\",\"name\":\"D\u00e9chets alimentaires - BACHMANN GROUP\",\"isPartOf\":{\"@id\":\"https:\/\/www.bachmann.ch\/en\/#website\"},\"datePublished\":\"2025-01-31T10:13:40+00:00\",\"dateModified\":\"2025-01-31T10:24:25+00:00\",\"breadcrumb\":{\"@id\":\"https:\/\/www.bachmann.ch\/fr\/nachhaltigkeit\/foodwaste\/#breadcrumb\"},\"inLanguage\":\"fr-FR\",\"potentialAction\":[{\"@type\":\"ReadAction\",\"target\":[\"https:\/\/www.bachmann.ch\/fr\/nachhaltigkeit\/foodwaste\/\"]}]},{\"@type\":\"BreadcrumbList\",\"@id\":\"https:\/\/www.bachmann.ch\/fr\/nachhaltigkeit\/foodwaste\/#breadcrumb\",\"itemListElement\":[{\"@type\":\"ListItem\",\"position\":1,\"name\":\"Home\",\"item\":\"https:\/\/www.bachmann.ch\/fr\/\"},{\"@type\":\"ListItem\",\"position\":2,\"name\":\"Durabilit\u00e9\",\"item\":\"https:\/\/www.bachmann.ch\/fr\/nachhaltigkeit\/\"},{\"@type\":\"ListItem\",\"position\":3,\"name\":\"D\u00e9chets alimentaires\"}]},{\"@type\":\"WebSite\",\"@id\":\"https:\/\/www.bachmann.ch\/en\/#website\",\"url\":\"https:\/\/www.bachmann.ch\/en\/\",\"name\":\"BACHMANN GROUP\",\"description\":\"\",\"potentialAction\":[{\"@type\":\"SearchAction\",\"target\":{\"@type\":\"EntryPoint\",\"urlTemplate\":\"https:\/\/www.bachmann.ch\/en\/?s={search_term_string}\"},\"query-input\":{\"@type\":\"PropertyValueSpecification\",\"valueRequired\":true,\"valueName\":\"search_term_string\"}}],\"inLanguage\":\"fr-FR\"}]}<\/script>\n<!-- \/ Yoast SEO plugin. -->","yoast_head_json":{"title":"D\u00e9chets alimentaires - BACHMANN GROUP","robots":{"index":"index","follow":"follow","max-snippet":"max-snippet:-1","max-image-preview":"max-image-preview:large","max-video-preview":"max-video-preview:-1"},"canonical":"https:\/\/www.bachmann.ch\/fr\/nachhaltigkeit\/foodwaste\/","og_locale":"fr_FR","og_type":"article","og_title":"D\u00e9chets alimentaires - BACHMANN GROUP","og_description":"Un emballage remplit diverses fonctions et contribue de plusieurs mani\u00e8res \u00e0 r\u00e9duire le gaspillage alimentaire: Protection contre les influences environnementales: Les aliments sont prot\u00e9g\u00e9s contre la perte, les dommages ou le vol. Pr\u00e9vention de la contamination: Une fermeture s\u00e9curis\u00e9e emp\u00eache les aliments d'entrer en contact avec des germes ou de la salet\u00e9. Prolongation de la [&hellip;]","og_url":"https:\/\/www.bachmann.ch\/fr\/nachhaltigkeit\/foodwaste\/","og_site_name":"BACHMANN GROUP","article_modified_time":"2025-01-31T10:24:25+00:00","twitter_card":"summary_large_image","twitter_misc":{"Dur\u00e9e de lecture estim\u00e9e":"1 minute"},"schema":{"@context":"https:\/\/schema.org","@graph":[{"@type":"WebPage","@id":"https:\/\/www.bachmann.ch\/fr\/nachhaltigkeit\/foodwaste\/","url":"https:\/\/www.bachmann.ch\/fr\/nachhaltigkeit\/foodwaste\/","name":"D\u00e9chets alimentaires - BACHMANN GROUP","isPartOf":{"@id":"https:\/\/www.bachmann.ch\/en\/#website"},"datePublished":"2025-01-31T10:13:40+00:00","dateModified":"2025-01-31T10:24:25+00:00","breadcrumb":{"@id":"https:\/\/www.bachmann.ch\/fr\/nachhaltigkeit\/foodwaste\/#breadcrumb"},"inLanguage":"fr-FR","potentialAction":[{"@type":"ReadAction","target":["https:\/\/www.bachmann.ch\/fr\/nachhaltigkeit\/foodwaste\/"]}]},{"@type":"BreadcrumbList","@id":"https:\/\/www.bachmann.ch\/fr\/nachhaltigkeit\/foodwaste\/#breadcrumb","itemListElement":[{"@type":"ListItem","position":1,"name":"Home","item":"https:\/\/www.bachmann.ch\/fr\/"},{"@type":"ListItem","position":2,"name":"Durabilit\u00e9","item":"https:\/\/www.bachmann.ch\/fr\/nachhaltigkeit\/"},{"@type":"ListItem","position":3,"name":"D\u00e9chets alimentaires"}]},{"@type":"WebSite","@id":"https:\/\/www.bachmann.ch\/en\/#website","url":"https:\/\/www.bachmann.ch\/en\/","name":"BACHMANN GROUP","description":"","potentialAction":[{"@type":"SearchAction","target":{"@type":"EntryPoint","urlTemplate":"https:\/\/www.bachmann.ch\/en\/?s={search_term_string}"},"query-input":{"@type":"PropertyValueSpecification","valueRequired":true,"valueName":"search_term_string"}}],"inLanguage":"fr-FR"}]}},"_links":{"self":[{"href":"https:\/\/www.bachmann.ch\/fr\/wp-json\/wp\/v2\/pages\/3906","targetHints":{"allow":["GET"]}}],"collection":[{"href":"https:\/\/www.bachmann.ch\/fr\/wp-json\/wp\/v2\/pages"}],"about":[{"href":"https:\/\/www.bachmann.ch\/fr\/wp-json\/wp\/v2\/types\/page"}],"author":[{"embeddable":true,"href":"https:\/\/www.bachmann.ch\/fr\/wp-json\/wp\/v2\/users\/10"}],"replies":[{"embeddable":true,"href":"https:\/\/www.bachmann.ch\/fr\/wp-json\/wp\/v2\/comments?post=3906"}],"version-history":[{"count":2,"href":"https:\/\/www.bachmann.ch\/fr\/wp-json\/wp\/v2\/pages\/3906\/revisions"}],"predecessor-version":[{"id":3990,"href":"https:\/\/www.bachmann.ch\/fr\/wp-json\/wp\/v2\/pages\/3906\/revisions\/3990"}],"up":[{"embeddable":true,"href":"https:\/\/www.bachmann.ch\/fr\/wp-json\/wp\/v2\/pages\/3211"}],"wp:attachment":[{"href":"https:\/\/www.bachmann.ch\/fr\/wp-json\/wp\/v2\/media?parent=3906"}],"curies":[{"name":"wp","href":"https:\/\/api.w.org\/{rel}","templated":true}]}}