{"id":3739,"date":"2024-06-19T09:18:18","date_gmt":"2024-06-19T07:18:18","guid":{"rendered":"https:\/\/www.bachmann.ch\/nachhaltigkeit\/kuehlschrank-story\/"},"modified":"2024-06-19T10:48:38","modified_gmt":"2024-06-19T08:48:38","slug":"kuehlschrank-story","status":"publish","type":"page","link":"https:\/\/www.bachmann.ch\/fr\/nachhaltigkeit\/kuehlschrank-story\/","title":{"rendered":"HISTOIRE DE R\u00c9FRIG\u00c9RATEUR"},"content":{"rendered":"<div id=\"pl-3739\"  class=\"panel-layout\" ><div id=\"pg-3739-0\"  class=\"panel-grid panel-has-style\" ><div data-iw-animation-delay=\"\" data-iw-animation-position=\"\" class=\"panel-row-style panel-row-style-for-3739-0\" ><div id=\"pgc-3739-0-0\"  class=\"panel-grid-cell\" ><div id=\"panel-3739-0-0-0\" class=\"so-panel widget widget_media_image panel-first-child\" data-index=\"0\" ><div data-iw-animation-delay=\"\" data-iw-animation-position=\"\" class=\"panel-widget-style panel-widget-style-for-3739-0-0-0\" ><img loading=\"lazy\" decoding=\"async\" width=\"1920\" height=\"500\" src=\"https:\/\/www.bachmann.ch\/wp-content\/uploads\/Kuehlschrank-Story.jpg\" class=\"image wp-image-3731  attachment-full size-full\" alt=\"\" style=\"max-width: 100%; height: auto;\" srcset=\"https:\/\/www.bachmann.ch\/wp-content\/uploads\/Kuehlschrank-Story.jpg 1920w, https:\/\/www.bachmann.ch\/wp-content\/uploads\/Kuehlschrank-Story-300x78.jpg 300w, https:\/\/www.bachmann.ch\/wp-content\/uploads\/Kuehlschrank-Story-1024x267.jpg 1024w, https:\/\/www.bachmann.ch\/wp-content\/uploads\/Kuehlschrank-Story-768x200.jpg 768w, https:\/\/www.bachmann.ch\/wp-content\/uploads\/Kuehlschrank-Story-1536x400.jpg 1536w\" sizes=\"auto, (max-width: 1920px) 100vw, 1920px\" \/><\/div><\/div><div id=\"panel-3739-0-0-1\" class=\"so-panel widget widget_bachmanncontentspacer-widget panel-last-child\" data-index=\"1\" ><div data-iw-animation-delay=\"\" data-iw-animation-position=\"\" class=\"panel-widget-style panel-widget-style-for-3739-0-0-1\" ><div\n\t\t\t\n\t\t\tclass=\"so-widget-bachmanncontentspacer-widget so-widget-bachmanncontentspacer-widget-base\"\n\t\t\t\n\t\t>    <div class=\"contentspacer-small\"><\/div>\n<\/div><\/div><\/div><\/div><\/div><\/div><div id=\"pg-3739-1\"  class=\"panel-grid panel-has-style\" ><div data-iw-animation-delay=\"\" data-iw-animation-position=\"\" class=\"panel-row-style panel-row-style-for-3739-1\" ><div id=\"pgc-3739-1-0\"  class=\"panel-grid-cell\" ><div id=\"panel-3739-1-0-0\" class=\"so-panel widget widget_sow-editor panel-first-child panel-last-child\" data-index=\"2\" ><div data-iw-animation-delay=\"\" data-iw-animation-position=\"\" class=\"panel-widget-style panel-widget-style-for-3739-1-0-0\" ><div\n\t\t\t\n\t\t\tclass=\"so-widget-sow-editor so-widget-sow-editor-base\"\n\t\t\t\n\t\t><h3 class=\"widget-title\">Recyclage de r\u00e9frig\u00e9rateurs \u2013 Avec un double avantage pour le climat <\/h3>\n<div class=\"siteorigin-widget-tinymce textwidget\">\n\t<p>Depuis des ann\u00e9es, BACHMANN PLANTEC int\u00e8gre des mati\u00e8res premi\u00e8res pr\u00e9cieuses issues de vieux r\u00e9frig\u00e9rateurs dans la production de nouveaux biens. Gr\u00e2ce \u00e0 la r\u00e9utilisation de polystyr\u00e8ne recycl\u00e9 certifi\u00e9 provenant de r\u00e9frig\u00e9rateurs au lieu de mat\u00e9riaux neufs, BACHMANN PLANTEC a \u00e9conomis\u00e9 5\u2019381 tonnes de CO<sub>2<\/sub> lors du dernier exercice fiscal.<\/p>\n<p>Mais les avantages du recyclage des r\u00e9frig\u00e9rateurs ne s\u2019arr\u00eatent pas l\u00e0: L'\u00e9limination appropri\u00e9e des r\u00e9frig\u00e9rants et des mousses isolantes emp\u00eache \u00e9galement le rejet d'environ 11\u2019000 tonnes d'\u00e9quivalents CO<sub>2<\/sub> dans l'atmosph\u00e8re.<\/p>\n<p>Ces r\u00e9ductions de CO<sub>2<\/sub> permettent de prot\u00e9ger l\u2019environnement et de contribuer de mani\u00e8re significative au ralentissement du changement climatique.<\/p>\n<\/div>\n<\/div><\/div><\/div><\/div><\/div><\/div><\/div>","protected":false},"excerpt":{"rendered":"<p>Depuis des ann\u00e9es, BACHMANN PLANTEC int\u00e8gre des mati\u00e8res premi\u00e8res pr\u00e9cieuses issues de vieux r\u00e9frig\u00e9rateurs dans la production de nouveaux biens. Gr\u00e2ce \u00e0 la r\u00e9utilisation de polystyr\u00e8ne recycl\u00e9 certifi\u00e9 provenant de r\u00e9frig\u00e9rateurs au lieu de mat\u00e9riaux neufs, BACHMANN PLANTEC a \u00e9conomis\u00e9 5\u2019381 tonnes de CO2 lors du dernier exercice fiscal. Mais les avantages du recyclage des [&hellip;]<\/p>\n","protected":false},"author":10,"featured_media":0,"parent":3211,"menu_order":0,"comment_status":"closed","ping_status":"closed","template":"page-gruppe.php","meta":{"footnotes":""},"class_list":["post-3739","page","type-page","status-publish","hentry"],"yoast_head":"<!-- This site is optimized with the Yoast SEO plugin v25.9 - https:\/\/yoast.com\/wordpress\/plugins\/seo\/ -->\n<title>HISTOIRE DE R\u00c9FRIG\u00c9RATEUR - BACHMANN GROUP<\/title>\n<meta name=\"robots\" content=\"index, follow, max-snippet:-1, max-image-preview:large, max-video-preview:-1\" \/>\n<link rel=\"canonical\" href=\"https:\/\/www.bachmann.ch\/fr\/nachhaltigkeit\/kuehlschrank-story\/\" \/>\n<meta property=\"og:locale\" content=\"fr_FR\" \/>\n<meta property=\"og:type\" content=\"article\" \/>\n<meta property=\"og:title\" content=\"HISTOIRE DE R\u00c9FRIG\u00c9RATEUR - BACHMANN GROUP\" \/>\n<meta property=\"og:description\" content=\"Depuis des ann\u00e9es, BACHMANN PLANTEC int\u00e8gre des mati\u00e8res premi\u00e8res pr\u00e9cieuses issues de vieux r\u00e9frig\u00e9rateurs dans la production de nouveaux biens. Gr\u00e2ce \u00e0 la r\u00e9utilisation de polystyr\u00e8ne recycl\u00e9 certifi\u00e9 provenant de r\u00e9frig\u00e9rateurs au lieu de mat\u00e9riaux neufs, BACHMANN PLANTEC a \u00e9conomis\u00e9 5\u2019381 tonnes de CO2 lors du dernier exercice fiscal. Mais les avantages du recyclage des [&hellip;]\" \/>\n<meta property=\"og:url\" content=\"https:\/\/www.bachmann.ch\/fr\/nachhaltigkeit\/kuehlschrank-story\/\" \/>\n<meta property=\"og:site_name\" content=\"BACHMANN GROUP\" \/>\n<meta property=\"article:modified_time\" content=\"2024-06-19T08:48:38+00:00\" \/>\n<meta name=\"twitter:card\" content=\"summary_large_image\" \/>\n<meta name=\"twitter:label1\" content=\"Dur\u00e9e de lecture estim\u00e9e\" \/>\n\t<meta name=\"twitter:data1\" content=\"1 minute\" \/>\n<script type=\"application\/ld+json\" class=\"yoast-schema-graph\">{\"@context\":\"https:\/\/schema.org\",\"@graph\":[{\"@type\":\"WebPage\",\"@id\":\"https:\/\/www.bachmann.ch\/fr\/nachhaltigkeit\/kuehlschrank-story\/\",\"url\":\"https:\/\/www.bachmann.ch\/fr\/nachhaltigkeit\/kuehlschrank-story\/\",\"name\":\"HISTOIRE DE R\u00c9FRIG\u00c9RATEUR - BACHMANN GROUP\",\"isPartOf\":{\"@id\":\"https:\/\/www.bachmann.ch\/en\/#website\"},\"datePublished\":\"2024-06-19T07:18:18+00:00\",\"dateModified\":\"2024-06-19T08:48:38+00:00\",\"breadcrumb\":{\"@id\":\"https:\/\/www.bachmann.ch\/fr\/nachhaltigkeit\/kuehlschrank-story\/#breadcrumb\"},\"inLanguage\":\"fr-FR\",\"potentialAction\":[{\"@type\":\"ReadAction\",\"target\":[\"https:\/\/www.bachmann.ch\/fr\/nachhaltigkeit\/kuehlschrank-story\/\"]}]},{\"@type\":\"BreadcrumbList\",\"@id\":\"https:\/\/www.bachmann.ch\/fr\/nachhaltigkeit\/kuehlschrank-story\/#breadcrumb\",\"itemListElement\":[{\"@type\":\"ListItem\",\"position\":1,\"name\":\"Home\",\"item\":\"https:\/\/www.bachmann.ch\/fr\/\"},{\"@type\":\"ListItem\",\"position\":2,\"name\":\"Durabilit\u00e9\",\"item\":\"https:\/\/www.bachmann.ch\/fr\/nachhaltigkeit\/\"},{\"@type\":\"ListItem\",\"position\":3,\"name\":\"HISTOIRE DE R\u00c9FRIG\u00c9RATEUR\"}]},{\"@type\":\"WebSite\",\"@id\":\"https:\/\/www.bachmann.ch\/en\/#website\",\"url\":\"https:\/\/www.bachmann.ch\/en\/\",\"name\":\"BACHMANN GROUP\",\"description\":\"\",\"potentialAction\":[{\"@type\":\"SearchAction\",\"target\":{\"@type\":\"EntryPoint\",\"urlTemplate\":\"https:\/\/www.bachmann.ch\/en\/?s={search_term_string}\"},\"query-input\":{\"@type\":\"PropertyValueSpecification\",\"valueRequired\":true,\"valueName\":\"search_term_string\"}}],\"inLanguage\":\"fr-FR\"}]}<\/script>\n<!-- \/ Yoast SEO plugin. -->","yoast_head_json":{"title":"HISTOIRE DE R\u00c9FRIG\u00c9RATEUR - BACHMANN GROUP","robots":{"index":"index","follow":"follow","max-snippet":"max-snippet:-1","max-image-preview":"max-image-preview:large","max-video-preview":"max-video-preview:-1"},"canonical":"https:\/\/www.bachmann.ch\/fr\/nachhaltigkeit\/kuehlschrank-story\/","og_locale":"fr_FR","og_type":"article","og_title":"HISTOIRE DE R\u00c9FRIG\u00c9RATEUR - BACHMANN GROUP","og_description":"Depuis des ann\u00e9es, BACHMANN PLANTEC int\u00e8gre des mati\u00e8res premi\u00e8res pr\u00e9cieuses issues de vieux r\u00e9frig\u00e9rateurs dans la production de nouveaux biens. Gr\u00e2ce \u00e0 la r\u00e9utilisation de polystyr\u00e8ne recycl\u00e9 certifi\u00e9 provenant de r\u00e9frig\u00e9rateurs au lieu de mat\u00e9riaux neufs, BACHMANN PLANTEC a \u00e9conomis\u00e9 5\u2019381 tonnes de CO2 lors du dernier exercice fiscal. Mais les avantages du recyclage des [&hellip;]","og_url":"https:\/\/www.bachmann.ch\/fr\/nachhaltigkeit\/kuehlschrank-story\/","og_site_name":"BACHMANN GROUP","article_modified_time":"2024-06-19T08:48:38+00:00","twitter_card":"summary_large_image","twitter_misc":{"Dur\u00e9e de lecture estim\u00e9e":"1 minute"},"schema":{"@context":"https:\/\/schema.org","@graph":[{"@type":"WebPage","@id":"https:\/\/www.bachmann.ch\/fr\/nachhaltigkeit\/kuehlschrank-story\/","url":"https:\/\/www.bachmann.ch\/fr\/nachhaltigkeit\/kuehlschrank-story\/","name":"HISTOIRE DE R\u00c9FRIG\u00c9RATEUR - BACHMANN GROUP","isPartOf":{"@id":"https:\/\/www.bachmann.ch\/en\/#website"},"datePublished":"2024-06-19T07:18:18+00:00","dateModified":"2024-06-19T08:48:38+00:00","breadcrumb":{"@id":"https:\/\/www.bachmann.ch\/fr\/nachhaltigkeit\/kuehlschrank-story\/#breadcrumb"},"inLanguage":"fr-FR","potentialAction":[{"@type":"ReadAction","target":["https:\/\/www.bachmann.ch\/fr\/nachhaltigkeit\/kuehlschrank-story\/"]}]},{"@type":"BreadcrumbList","@id":"https:\/\/www.bachmann.ch\/fr\/nachhaltigkeit\/kuehlschrank-story\/#breadcrumb","itemListElement":[{"@type":"ListItem","position":1,"name":"Home","item":"https:\/\/www.bachmann.ch\/fr\/"},{"@type":"ListItem","position":2,"name":"Durabilit\u00e9","item":"https:\/\/www.bachmann.ch\/fr\/nachhaltigkeit\/"},{"@type":"ListItem","position":3,"name":"HISTOIRE DE R\u00c9FRIG\u00c9RATEUR"}]},{"@type":"WebSite","@id":"https:\/\/www.bachmann.ch\/en\/#website","url":"https:\/\/www.bachmann.ch\/en\/","name":"BACHMANN GROUP","description":"","potentialAction":[{"@type":"SearchAction","target":{"@type":"EntryPoint","urlTemplate":"https:\/\/www.bachmann.ch\/en\/?s={search_term_string}"},"query-input":{"@type":"PropertyValueSpecification","valueRequired":true,"valueName":"search_term_string"}}],"inLanguage":"fr-FR"}]}},"_links":{"self":[{"href":"https:\/\/www.bachmann.ch\/fr\/wp-json\/wp\/v2\/pages\/3739","targetHints":{"allow":["GET"]}}],"collection":[{"href":"https:\/\/www.bachmann.ch\/fr\/wp-json\/wp\/v2\/pages"}],"about":[{"href":"https:\/\/www.bachmann.ch\/fr\/wp-json\/wp\/v2\/types\/page"}],"author":[{"embeddable":true,"href":"https:\/\/www.bachmann.ch\/fr\/wp-json\/wp\/v2\/users\/10"}],"replies":[{"embeddable":true,"href":"https:\/\/www.bachmann.ch\/fr\/wp-json\/wp\/v2\/comments?post=3739"}],"version-history":[{"count":3,"href":"https:\/\/www.bachmann.ch\/fr\/wp-json\/wp\/v2\/pages\/3739\/revisions"}],"predecessor-version":[{"id":3751,"href":"https:\/\/www.bachmann.ch\/fr\/wp-json\/wp\/v2\/pages\/3739\/revisions\/3751"}],"up":[{"embeddable":true,"href":"https:\/\/www.bachmann.ch\/fr\/wp-json\/wp\/v2\/pages\/3211"}],"wp:attachment":[{"href":"https:\/\/www.bachmann.ch\/fr\/wp-json\/wp\/v2\/media?parent=3739"}],"curies":[{"name":"wp","href":"https:\/\/api.w.org\/{rel}","templated":true}]}}