{"id":3723,"date":"2024-06-19T09:08:07","date_gmt":"2024-06-19T07:08:07","guid":{"rendered":"https:\/\/www.bachmann.ch\/nachhaltigkeit\/soziale-aktivitaeten\/"},"modified":"2024-06-19T09:10:47","modified_gmt":"2024-06-19T07:10:47","slug":"soziale-aktivitaeten","status":"publish","type":"page","link":"https:\/\/www.bachmann.ch\/fr\/nachhaltigkeit\/soziale-aktivitaeten\/","title":{"rendered":"Activit\u00e9s Sociales"},"content":{"rendered":"<div id=\"pl-3723\"  class=\"panel-layout\" ><div id=\"pg-3723-0\"  class=\"panel-grid panel-has-style\" ><div data-iw-animation-delay=\"\" data-iw-animation-position=\"\" class=\"panel-row-style panel-row-style-for-3723-0\" ><div id=\"pgc-3723-0-0\"  class=\"panel-grid-cell\" ><div id=\"panel-3723-0-0-0\" class=\"so-panel widget widget_media_image panel-first-child\" data-index=\"0\" ><div data-iw-animation-delay=\"\" data-iw-animation-position=\"\" class=\"panel-widget-style panel-widget-style-for-3723-0-0-0\" ><img loading=\"lazy\" decoding=\"async\" width=\"1920\" height=\"500\" src=\"https:\/\/www.bachmann.ch\/wp-content\/uploads\/Soziale-Aktivitaeten.jpg\" class=\"image wp-image-3716  attachment-full size-full\" alt=\"\" style=\"max-width: 100%; height: auto;\" srcset=\"https:\/\/www.bachmann.ch\/wp-content\/uploads\/Soziale-Aktivitaeten.jpg 1920w, https:\/\/www.bachmann.ch\/wp-content\/uploads\/Soziale-Aktivitaeten-300x78.jpg 300w, https:\/\/www.bachmann.ch\/wp-content\/uploads\/Soziale-Aktivitaeten-1024x267.jpg 1024w, https:\/\/www.bachmann.ch\/wp-content\/uploads\/Soziale-Aktivitaeten-768x200.jpg 768w, https:\/\/www.bachmann.ch\/wp-content\/uploads\/Soziale-Aktivitaeten-1536x400.jpg 1536w\" sizes=\"auto, (max-width: 1920px) 100vw, 1920px\" \/><\/div><\/div><div id=\"panel-3723-0-0-1\" class=\"so-panel widget widget_bachmanncontentspacer-widget panel-last-child\" data-index=\"1\" ><div data-iw-animation-delay=\"\" data-iw-animation-position=\"\" class=\"panel-widget-style panel-widget-style-for-3723-0-0-1\" ><div\n\t\t\t\n\t\t\tclass=\"so-widget-bachmanncontentspacer-widget so-widget-bachmanncontentspacer-widget-base\"\n\t\t\t\n\t\t>    <div class=\"contentspacer-small\"><\/div>\n<\/div><\/div><\/div><\/div><\/div><\/div><div id=\"pg-3723-1\"  class=\"panel-grid panel-has-style\" ><div data-iw-animation-delay=\"\" data-iw-animation-position=\"\" class=\"panel-row-style panel-row-style-for-3723-1\" ><div id=\"pgc-3723-1-0\"  class=\"panel-grid-cell\" ><div id=\"panel-3723-1-0-0\" class=\"so-panel widget widget_sow-editor panel-first-child panel-last-child\" data-index=\"2\" ><div data-iw-animation-delay=\"\" data-iw-animation-position=\"\" class=\"panel-widget-style panel-widget-style-for-3723-1-0-0\" ><div\n\t\t\t\n\t\t\tclass=\"so-widget-sow-editor so-widget-sow-editor-base\"\n\t\t\t\n\t\t>\n<div class=\"siteorigin-widget-tinymce textwidget\">\n\t<p>Outre notre travail, nous accordons une grande importance \u00e0 la vie sociale, \u00e0 la promotion de l\u2019esprit d\u2019\u00e9quipe et au soutien de projets bienfaisance. Nous nous engageons activement pour un environnement positif et bienviellant, tant au sein de notre \u00e9quipe que dans la communaut\u00e9 qui nous entoure.<\/p>\n<p>Notre engagement se manifeste \u00e0 tranvers diverses actions:<\/p>\n<ul>\n<li><b>F\u00eate<\/b> <b>d\u2019\u00e9t\u00e9<\/b><b>:<\/b>\u00a0Notre \u00e9v\u00e9nement annuel incontournable qui nous permet de nous pr\u00e9parer pour l\u2019\u00e9t\u00e9 dans la joie et la bonne humeur.<\/li>\n<\/ul>\n<ul>\n<li><b>F\u00eate<\/b><b> de No\u00ebl:<\/b><b>\u00a0<\/b>Lors de cette rencontre conviviale, nous avons l\u2019occasion de r\u00e9fl\u00e9chir ensamle \u00e0 l\u2019ann\u00e9e \u00e9coul\u00e9e.<\/li>\n<\/ul>\n<ul>\n<li><b>Bi\u00e8re apr\u00e8s <\/b><b>quatre<\/b><b>:<\/b>\u00a0Une fois par mois, nous nous r\u00e9unissons pour profiter de la fin de la journ\u00e9e de travail.<\/li>\n<\/ul>\n<ul>\n<li><b>\u00c9v\u00e9nement<\/b> <b>d\u2019equipe<\/b><b>:<\/b>\u00a0Pour renforcer l'esprit d'\u00e9quipe, chaque \u00e9quipe organise son propre \u00e9v\u00e9nement sp\u00e9cial de mani\u00e8re individuelle.<\/li>\n<\/ul>\n<ul>\n<li><b>Surprise <\/b><b>d\u2019anniversaire<\/b><b>, de No\u00ebl, et de <\/b><b>P\u00e2ques<\/b><b>:<\/b><b>\u00a0<\/b>Avec de petits cadeaux, nous exprimons notre gratitude envers chaque membre de l'entreprise.<\/li>\n<\/ul>\n<ul>\n<li><b>Sponsoring:<\/b>\u00a0Nous soutenons des associations sportives locales et des projets communautaires afin de contribuer au bien-\u00eatre de la soci\u00e9t\u00e9.<\/li>\n<\/ul>\n<\/div>\n<\/div><\/div><\/div><\/div><\/div><\/div><\/div>","protected":false},"excerpt":{"rendered":"<p>Outre notre travail, nous accordons une grande importance \u00e0 la vie sociale, \u00e0 la promotion de l\u2019esprit d\u2019\u00e9quipe et au soutien de projets bienfaisance. Nous nous engageons activement pour un environnement positif et bienviellant, tant au sein de notre \u00e9quipe que dans la communaut\u00e9 qui nous entoure. Notre engagement se manifeste \u00e0 tranvers diverses actions: [&hellip;]<\/p>\n","protected":false},"author":10,"featured_media":0,"parent":3211,"menu_order":0,"comment_status":"closed","ping_status":"closed","template":"page-gruppe.php","meta":{"footnotes":""},"class_list":["post-3723","page","type-page","status-publish","hentry"],"yoast_head":"<!-- This site is optimized with the Yoast SEO plugin v25.9 - https:\/\/yoast.com\/wordpress\/plugins\/seo\/ -->\n<title>Activit\u00e9s Sociales - BACHMANN GROUP<\/title>\n<meta name=\"robots\" content=\"index, follow, max-snippet:-1, max-image-preview:large, max-video-preview:-1\" \/>\n<link rel=\"canonical\" href=\"https:\/\/www.bachmann.ch\/fr\/nachhaltigkeit\/soziale-aktivitaeten\/\" \/>\n<meta property=\"og:locale\" content=\"fr_FR\" \/>\n<meta property=\"og:type\" content=\"article\" \/>\n<meta property=\"og:title\" content=\"Activit\u00e9s Sociales - BACHMANN GROUP\" \/>\n<meta property=\"og:description\" content=\"Outre notre travail, nous accordons une grande importance \u00e0 la vie sociale, \u00e0 la promotion de l\u2019esprit d\u2019\u00e9quipe et au soutien de projets bienfaisance. Nous nous engageons activement pour un environnement positif et bienviellant, tant au sein de notre \u00e9quipe que dans la communaut\u00e9 qui nous entoure. Notre engagement se manifeste \u00e0 tranvers diverses actions: [&hellip;]\" \/>\n<meta property=\"og:url\" content=\"https:\/\/www.bachmann.ch\/fr\/nachhaltigkeit\/soziale-aktivitaeten\/\" \/>\n<meta property=\"og:site_name\" content=\"BACHMANN GROUP\" \/>\n<meta property=\"article:modified_time\" content=\"2024-06-19T07:10:47+00:00\" \/>\n<meta name=\"twitter:card\" content=\"summary_large_image\" \/>\n<meta name=\"twitter:label1\" content=\"Dur\u00e9e de lecture estim\u00e9e\" \/>\n\t<meta name=\"twitter:data1\" content=\"2 minutes\" \/>\n<script type=\"application\/ld+json\" class=\"yoast-schema-graph\">{\"@context\":\"https:\/\/schema.org\",\"@graph\":[{\"@type\":\"WebPage\",\"@id\":\"https:\/\/www.bachmann.ch\/fr\/nachhaltigkeit\/soziale-aktivitaeten\/\",\"url\":\"https:\/\/www.bachmann.ch\/fr\/nachhaltigkeit\/soziale-aktivitaeten\/\",\"name\":\"Activit\u00e9s Sociales - BACHMANN GROUP\",\"isPartOf\":{\"@id\":\"https:\/\/www.bachmann.ch\/en\/#website\"},\"datePublished\":\"2024-06-19T07:08:07+00:00\",\"dateModified\":\"2024-06-19T07:10:47+00:00\",\"breadcrumb\":{\"@id\":\"https:\/\/www.bachmann.ch\/fr\/nachhaltigkeit\/soziale-aktivitaeten\/#breadcrumb\"},\"inLanguage\":\"fr-FR\",\"potentialAction\":[{\"@type\":\"ReadAction\",\"target\":[\"https:\/\/www.bachmann.ch\/fr\/nachhaltigkeit\/soziale-aktivitaeten\/\"]}]},{\"@type\":\"BreadcrumbList\",\"@id\":\"https:\/\/www.bachmann.ch\/fr\/nachhaltigkeit\/soziale-aktivitaeten\/#breadcrumb\",\"itemListElement\":[{\"@type\":\"ListItem\",\"position\":1,\"name\":\"Home\",\"item\":\"https:\/\/www.bachmann.ch\/fr\/\"},{\"@type\":\"ListItem\",\"position\":2,\"name\":\"Durabilit\u00e9\",\"item\":\"https:\/\/www.bachmann.ch\/fr\/nachhaltigkeit\/\"},{\"@type\":\"ListItem\",\"position\":3,\"name\":\"Activit\u00e9s Sociales\"}]},{\"@type\":\"WebSite\",\"@id\":\"https:\/\/www.bachmann.ch\/en\/#website\",\"url\":\"https:\/\/www.bachmann.ch\/en\/\",\"name\":\"BACHMANN GROUP\",\"description\":\"\",\"potentialAction\":[{\"@type\":\"SearchAction\",\"target\":{\"@type\":\"EntryPoint\",\"urlTemplate\":\"https:\/\/www.bachmann.ch\/en\/?s={search_term_string}\"},\"query-input\":{\"@type\":\"PropertyValueSpecification\",\"valueRequired\":true,\"valueName\":\"search_term_string\"}}],\"inLanguage\":\"fr-FR\"}]}<\/script>\n<!-- \/ Yoast SEO plugin. -->","yoast_head_json":{"title":"Activit\u00e9s Sociales - BACHMANN GROUP","robots":{"index":"index","follow":"follow","max-snippet":"max-snippet:-1","max-image-preview":"max-image-preview:large","max-video-preview":"max-video-preview:-1"},"canonical":"https:\/\/www.bachmann.ch\/fr\/nachhaltigkeit\/soziale-aktivitaeten\/","og_locale":"fr_FR","og_type":"article","og_title":"Activit\u00e9s Sociales - BACHMANN GROUP","og_description":"Outre notre travail, nous accordons une grande importance \u00e0 la vie sociale, \u00e0 la promotion de l\u2019esprit d\u2019\u00e9quipe et au soutien de projets bienfaisance. Nous nous engageons activement pour un environnement positif et bienviellant, tant au sein de notre \u00e9quipe que dans la communaut\u00e9 qui nous entoure. Notre engagement se manifeste \u00e0 tranvers diverses actions: [&hellip;]","og_url":"https:\/\/www.bachmann.ch\/fr\/nachhaltigkeit\/soziale-aktivitaeten\/","og_site_name":"BACHMANN GROUP","article_modified_time":"2024-06-19T07:10:47+00:00","twitter_card":"summary_large_image","twitter_misc":{"Dur\u00e9e de lecture estim\u00e9e":"2 minutes"},"schema":{"@context":"https:\/\/schema.org","@graph":[{"@type":"WebPage","@id":"https:\/\/www.bachmann.ch\/fr\/nachhaltigkeit\/soziale-aktivitaeten\/","url":"https:\/\/www.bachmann.ch\/fr\/nachhaltigkeit\/soziale-aktivitaeten\/","name":"Activit\u00e9s Sociales - BACHMANN GROUP","isPartOf":{"@id":"https:\/\/www.bachmann.ch\/en\/#website"},"datePublished":"2024-06-19T07:08:07+00:00","dateModified":"2024-06-19T07:10:47+00:00","breadcrumb":{"@id":"https:\/\/www.bachmann.ch\/fr\/nachhaltigkeit\/soziale-aktivitaeten\/#breadcrumb"},"inLanguage":"fr-FR","potentialAction":[{"@type":"ReadAction","target":["https:\/\/www.bachmann.ch\/fr\/nachhaltigkeit\/soziale-aktivitaeten\/"]}]},{"@type":"BreadcrumbList","@id":"https:\/\/www.bachmann.ch\/fr\/nachhaltigkeit\/soziale-aktivitaeten\/#breadcrumb","itemListElement":[{"@type":"ListItem","position":1,"name":"Home","item":"https:\/\/www.bachmann.ch\/fr\/"},{"@type":"ListItem","position":2,"name":"Durabilit\u00e9","item":"https:\/\/www.bachmann.ch\/fr\/nachhaltigkeit\/"},{"@type":"ListItem","position":3,"name":"Activit\u00e9s Sociales"}]},{"@type":"WebSite","@id":"https:\/\/www.bachmann.ch\/en\/#website","url":"https:\/\/www.bachmann.ch\/en\/","name":"BACHMANN GROUP","description":"","potentialAction":[{"@type":"SearchAction","target":{"@type":"EntryPoint","urlTemplate":"https:\/\/www.bachmann.ch\/en\/?s={search_term_string}"},"query-input":{"@type":"PropertyValueSpecification","valueRequired":true,"valueName":"search_term_string"}}],"inLanguage":"fr-FR"}]}},"_links":{"self":[{"href":"https:\/\/www.bachmann.ch\/fr\/wp-json\/wp\/v2\/pages\/3723","targetHints":{"allow":["GET"]}}],"collection":[{"href":"https:\/\/www.bachmann.ch\/fr\/wp-json\/wp\/v2\/pages"}],"about":[{"href":"https:\/\/www.bachmann.ch\/fr\/wp-json\/wp\/v2\/types\/page"}],"author":[{"embeddable":true,"href":"https:\/\/www.bachmann.ch\/fr\/wp-json\/wp\/v2\/users\/10"}],"replies":[{"embeddable":true,"href":"https:\/\/www.bachmann.ch\/fr\/wp-json\/wp\/v2\/comments?post=3723"}],"version-history":[{"count":1,"href":"https:\/\/www.bachmann.ch\/fr\/wp-json\/wp\/v2\/pages\/3723\/revisions"}],"predecessor-version":[{"id":3726,"href":"https:\/\/www.bachmann.ch\/fr\/wp-json\/wp\/v2\/pages\/3723\/revisions\/3726"}],"up":[{"embeddable":true,"href":"https:\/\/www.bachmann.ch\/fr\/wp-json\/wp\/v2\/pages\/3211"}],"wp:attachment":[{"href":"https:\/\/www.bachmann.ch\/fr\/wp-json\/wp\/v2\/media?parent=3723"}],"curies":[{"name":"wp","href":"https:\/\/api.w.org\/{rel}","templated":true}]}}