{"id":368,"date":"2020-09-04T07:49:29","date_gmt":"2020-09-04T05:49:29","guid":{"rendered":"http:\/\/vmkrgwrep.cyon.link\/home\/"},"modified":"2025-03-04T08:02:13","modified_gmt":"2025-03-04T07:02:13","slug":"home","status":"publish","type":"page","link":"https:\/\/www.bachmann.ch\/fr\/","title":{"rendered":"Home"},"content":{"rendered":"<div id=\"pl-368\"  class=\"panel-layout\" ><div id=\"pg-368-0\"  class=\"panel-grid panel-has-style\" ><div data-iw-animation-delay=\"\" data-iw-animation-position=\"\" class=\"panel-row-style panel-row-style-for-368-0\" ><div id=\"pgc-368-0-0\"  class=\"panel-grid-cell\" ><div id=\"panel-368-0-0-0\" class=\"so-panel widget widget_bachmannteaser-widget panel-first-child\" data-index=\"0\" ><div data-iw-animation-delay=\"\" data-iw-animation-position=\"\" class=\"panel-widget-style panel-widget-style-for-368-0-0-0\" ><div\n\t\t\t\n\t\t\tclass=\"so-widget-bachmannteaser-widget so-widget-bachmannteaser-widget-base\"\n\t\t\t\n\t\t>\n<div class=\"teaser teaser_gray\">\n    <div uk-grid>\n        <div class=\"uk-width-1-2@m contentVerticalCenterBox\">\n            <div class=\"contentVerticalCenter\">\n                <h2>BACHMANN GROUP<\/h2><div><p>Le respect, l'ouverture d'esprit, le professionnalisme et l'enthousiasme sont les principes fondamentaux pour le fils du fondateur de l\u2019entreprise et pour les 310 employ\u00e9s.<\/p>\n<\/div><div class=\"uk-margin-top\"><a href=\"https:\/\/www.bachmann.ch\/fr\/bachmann-group\/\">En savoir plus<span uk-icon=\"icon:arrow-right; scale: 1.2;\"><\/span><\/a><\/div>            <\/div>\n        <\/div>\n        <div class=\"uk-width-1-2@m contentVerticalCenterBox\">\n            <div class=\"contentVerticalCenter\">\n                    <div><a href=\"https:\/\/www.bachmann.ch\/fr\/bachmann-group\/\"><img decoding=\"async\" src=\"https:\/\/www.bachmann.ch\/wp-content\/uploads\/Bachmann-Reto_low.jpg\" alt=\"\"><\/a><\/div>                <\/div>\n        <\/div>\n    <\/div>\n<\/div>\n<\/div><\/div><\/div><div id=\"panel-368-0-0-1\" class=\"widget_text so-panel widget widget_custom_html\" data-index=\"1\" ><div data-iw-animation-delay=\"\" data-iw-animation-position=\"\" class=\"widget_text panel-widget-style panel-widget-style-for-368-0-0-1\" ><div class=\"textwidget custom-html-widget\"><a class=\"anchor\" id=\"news\"><\/a><\/div><\/div><\/div><div id=\"panel-368-0-0-2\" class=\"so-panel widget widget_bachmannnews-widget\" data-index=\"2\" ><div data-iw-animation-delay=\"\" data-iw-animation-position=\"\" class=\"panel-widget-style panel-widget-style-for-368-0-0-2\" ><div\n\t\t\t\n\t\t\tclass=\"so-widget-bachmannnews-widget so-widget-bachmannnews-widget-base\"\n\t\t\t\n\t\t>            <div class=\"news news_white\">\n                <h2>News<\/h2>\n\n                                    <div uk-slider>\n                        <div class=\"uk-position-relative\">\n                            <div class=\"uk-slider-container\">\n                                <ul class=\"uk-slider-items uk-child-width-1-1 uk-child-width-1-2@s uk-child-width-1-3@m uk-grid\">\n                                                                            <li>\n                                            <a class=\"uk-margin-bottom\" href=\"https:\/\/www.bachmann-kunststoff-verpackungen.ch\/fr\/der-recybag-ist-lanciert\/\" style=\"display: block;\">\n                                                <h3>Der RecyBag ist in der Schweiz lanciert<\/h3>\n                                                                                                <div class=\"uk-margin-top uk-margin-bottom\">En savoir plus<span uk-icon=\"icon: arrow-right; ratio: 1.2;\"><\/span><\/div>\n                                                <div><img decoding=\"async\" src=\"https:\/\/www.bachmann.ch\/wp-content\/uploads\/sites\/2\/RecyBag.png\" alt=\"\"><\/div>                                            <\/a>\n                                        <\/li>\n                                                                            <li>\n                                            <a class=\"uk-margin-bottom\" href=\"https:\/\/www.bachmann-pflanzentrays.ch\/fr\/die-bachmann-group-bekommt-zuwachs\/\" style=\"display: block;\">\n                                                <h3>The BACHMANN GROUP is growing \ud83c\udf31<\/h3>\n                                                                                                <div class=\"uk-margin-top uk-margin-bottom\">En savoir plus<span uk-icon=\"icon: arrow-right; ratio: 1.2;\"><\/span><\/div>\n                                                <div><img decoding=\"async\" src=\"https:\/\/www.bachmann.ch\/wp-content\/uploads\/sites\/3\/HerkuPlast-768x512.png\" alt=\"\"><\/div>                                            <\/a>\n                                        <\/li>\n                                                                            <li>\n                                            <a class=\"uk-margin-bottom\" href=\"https:\/\/www.bachmann-kunststoff-verpackungen.ch\/fr\/zukunftstag-2024\/\" style=\"display: block;\">\n                                                <h3>Zukunftstag 2024 - auch bei uns<\/h3>\n                                                                                                <div class=\"uk-margin-top uk-margin-bottom\">En savoir plus<span uk-icon=\"icon: arrow-right; ratio: 1.2;\"><\/span><\/div>\n                                                <div><img decoding=\"async\" src=\"https:\/\/www.bachmann.ch\/wp-content\/uploads\/sites\/2\/Zukunftstagt-768x512.png\" alt=\"\"><\/div>                                            <\/a>\n                                        <\/li>\n                                                                            <li>\n                                            <a class=\"uk-margin-bottom\" href=\"https:\/\/www.bachmann-kunststoff-verpackungen.ch\/fr\/unsere-jubilarenfeier-2024\/\" style=\"display: block;\">\n                                                <h3>Unsere Jubilarenfeier 2024<\/h3>\n                                                                                                <div class=\"uk-margin-top uk-margin-bottom\">En savoir plus<span uk-icon=\"icon: arrow-right; ratio: 1.2;\"><\/span><\/div>\n                                                <div><img decoding=\"async\" src=\"https:\/\/www.bachmann.ch\/wp-content\/uploads\/sites\/2\/Jubilaren-768x512.png\" alt=\"\"><\/div>                                            <\/a>\n                                        <\/li>\n                                                                            <li>\n                                            <a class=\"uk-margin-bottom\" href=\"https:\/\/www.bachmann-kunststoff-verpackungen.ch\/fr\/swiss-packaging-award-2024\/\" style=\"display: block;\">\n                                                <h3>Swiss Packaging Award 2024 - Technik<\/h3>\n                                                                                                <div class=\"uk-margin-top uk-margin-bottom\">En savoir plus<span uk-icon=\"icon: arrow-right; ratio: 1.2;\"><\/span><\/div>\n                                                <div><img decoding=\"async\" src=\"https:\/\/www.bachmann.ch\/wp-content\/uploads\/sites\/2\/Swiss-Packaging-Award-2024-1-768x512.jpg\" alt=\"\"><\/div>                                            <\/a>\n                                        <\/li>\n                                                                            <li>\n                                            <a class=\"uk-margin-bottom\" href=\"https:\/\/www.bachmann-kunststoff-verpackungen.ch\/fr\/swiss-packaging-award-wir-sind-nominiert\/\" style=\"display: block;\">\n                                                <h3>Swiss Packaging Award: Wir sind nominiert!<\/h3>\n                                                                                                <div class=\"uk-margin-top uk-margin-bottom\">En savoir plus<span uk-icon=\"icon: arrow-right; ratio: 1.2;\"><\/span><\/div>\n                                                <div><img decoding=\"async\" src=\"https:\/\/www.bachmann.ch\/wp-content\/uploads\/sites\/2\/Nominated.jpg\" alt=\"\"><\/div>                                            <\/a>\n                                        <\/li>\n                                                                            <li>\n                                            <a class=\"uk-margin-bottom\" href=\"https:\/\/www.bachmann-kunststoff-verpackungen.ch\/fr\/bachmann-group-goes-e-mobility-%f0%9f%8c%b1%f0%9f%9a%97\/\" style=\"display: block;\">\n                                                <h3>BACHMANN GROUP goes E-Mobility \ud83c\udf31\ud83d\ude97<\/h3>\n                                                                                                <div class=\"uk-margin-top uk-margin-bottom\">En savoir plus<span uk-icon=\"icon: arrow-right; ratio: 1.2;\"><\/span><\/div>\n                                                <div><img decoding=\"async\" src=\"https:\/\/www.bachmann.ch\/wp-content\/uploads\/sites\/2\/emobility-768x512.jpg\" alt=\"\"><\/div>                                            <\/a>\n                                        <\/li>\n                                                                            <li>\n                                            <a class=\"uk-margin-bottom\" href=\"https:\/\/www.bachmann-kunststoff-verpackungen.ch\/fr\/curlingplausch-mit-unseren-lernenden\/\" style=\"display: block;\">\n                                                <h3>Curlingplausch mit unseren Lernenden<\/h3>\n                                                                                                <div class=\"uk-margin-top uk-margin-bottom\">En savoir plus<span uk-icon=\"icon: arrow-right; ratio: 1.2;\"><\/span><\/div>\n                                                <div><img decoding=\"async\" src=\"https:\/\/www.bachmann.ch\/wp-content\/uploads\/sites\/2\/Unbenannt-4.png\" alt=\"\"><\/div>                                            <\/a>\n                                        <\/li>\n                                                                            <li>\n                                            <a class=\"uk-margin-bottom\" href=\"https:\/\/www.bachmann-kunststoff-verpackungen.ch\/fr\/unser-firmengruender-ist-90\/\" style=\"display: block;\">\n                                                <h3>Unser Firmengr\u00fcnder ist 90!<\/h3>\n                                                                                                <div class=\"uk-margin-top uk-margin-bottom\">En savoir plus<span uk-icon=\"icon: arrow-right; ratio: 1.2;\"><\/span><\/div>\n                                                <div><img decoding=\"async\" src=\"https:\/\/www.bachmann.ch\/wp-content\/uploads\/sites\/2\/Seppi-Bachmann.png\" alt=\"\"><\/div>                                            <\/a>\n                                        <\/li>\n                                                                    <\/ul>\n                            <\/div>\n                            <div class=\"uk-hidden@s uk-light\">\n                                <a class=\"uk-position-center-left uk-position-small\" href=\"#\" uk-slidenav-previous uk-slider-item=\"previous\"><\/a>\n                                <a class=\"uk-position-center-right uk-position-small\" href=\"#\" uk-slidenav-next uk-slider-item=\"next\"><\/a>\n                            <\/div>\n\n                            <div class=\"uk-visible@s\">\n                                <a class=\"uk-position-center-left-out uk-position-small\" href=\"#\" uk-slidenav-previous uk-slider-item=\"previous\"><\/a>\n                                <a class=\"uk-position-center-right-out uk-position-small\" href=\"#\" uk-slidenav-next uk-slider-item=\"next\"><\/a>\n                            <\/div>\n                        <\/div>\n\n                    <\/div>\n                            <\/div>\n            <\/div><\/div><\/div><div id=\"panel-368-0-0-3\" class=\"so-panel widget widget_bachmannteaser-widget\" data-index=\"3\" ><div data-iw-animation-delay=\"\" data-iw-animation-position=\"\" class=\"panel-widget-style panel-widget-style-for-368-0-0-3\" ><div\n\t\t\t\n\t\t\tclass=\"so-widget-bachmannteaser-widget so-widget-bachmannteaser-widget-base\"\n\t\t\t\n\t\t>\n<div class=\"teaser teaser_gray\">\n    <div uk-grid>\n        <div class=\"uk-width-1-2@m contentVerticalCenterBox\">\n            <div class=\"contentVerticalCenter\">\n                <h2>PAC2PAC: Le sac de collecte en plastique suisse en circuit ferm\u00e9<\/h2><div><p>Notre syst\u00e8me PAC2PAC cr\u00e9e de nouveaux emballages PET \u00e0 partir des sacs de collecte en plastique suisses.<\/p>\n<p>De mani\u00e8re durable. De mani\u00e8re efficace. Encore et toujours.<\/p>\n<\/div><div class=\"uk-margin-top\"><a href=\"https:\/\/www.pac2pac.ch\/en\/\">Savoir en plus<span uk-icon=\"icon:arrow-right; scale: 1.2;\"><\/span><\/a><\/div>            <\/div>\n        <\/div>\n        <div class=\"uk-width-1-2@m contentVerticalCenterBox\">\n            <div class=\"contentVerticalCenter\">\n                    <div><a href=\"https:\/\/www.pac2pac.ch\/en\/\"><img decoding=\"async\" src=\"https:\/\/www.bachmann.ch\/wp-content\/uploads\/pac2pac.jpg\" alt=\"\"><\/a><\/div>                <\/div>\n        <\/div>\n    <\/div>\n<\/div>\n<\/div><\/div><\/div><div id=\"panel-368-0-0-4\" class=\"so-panel widget widget_bachmannteaser-widget\" data-index=\"4\" ><div data-iw-animation-delay=\"\" data-iw-animation-position=\"\" class=\"panel-widget-style panel-widget-style-for-368-0-0-4\" ><div\n\t\t\t\n\t\t\tclass=\"so-widget-bachmannteaser-widget so-widget-bachmannteaser-widget-base\"\n\t\t\t\n\t\t>\n<div class=\"teaser teaser_white\">\n    <div uk-grid>\n        <div class=\"uk-width-1-2@m contentVerticalCenterBox\">\n            <div class=\"contentVerticalCenter\">\n                    <div><a href=\"https:\/\/www.bachmann.ch\/nachhaltigkeit\/\"><img decoding=\"async\" src=\"https:\/\/www.bachmann.ch\/wp-content\/uploads\/iStock-1435661969-scaled.jpg\" alt=\"\"><\/a><\/div>                <\/div>\n        <\/div>\n        <div class=\"uk-width-1-2@m contentVerticalCenterBox\">\n            <div class=\"contentVerticalCenter\">\n                <h2>Notre contribution \u00e0 un avenir durable pour les g\u00e9n\u00e9rations futures!<\/h2><div><p>BACHMANN GROUP est active et s'engage pour un d\u00e9veloppement durable pour les g\u00e9n\u00e9rations futures. Notre objectif est de continuer \u00e0 cro\u00eetre et \u00e0 progresser dans ce domaine crucial.<\/p>\n<\/div><div class=\"uk-margin-top\"><a href=\"https:\/\/www.bachmann.ch\/nachhaltigkeit\/\">En savoir plus<span uk-icon=\"icon:arrow-right; scale: 1.2;\"><\/span><\/a><\/div>            <\/div>\n        <\/div>\n    <\/div>\n<\/div>\n<\/div><\/div><\/div><div id=\"panel-368-0-0-5\" class=\"so-panel widget widget_bachmannjob-widget\" data-index=\"5\" ><div data-iw-animation-delay=\"\" data-iw-animation-position=\"\" class=\"panel-widget-style panel-widget-style-for-368-0-0-5\" ><div\n\t\t\t\n\t\t\tclass=\"so-widget-bachmannjob-widget so-widget-bachmannjob-widget-base\"\n\t\t\t\n\t\t>\n<div class=\"job job_gray\">\n    <div uk-grid>\n        <div class=\"uk-width-1-2@m\">\n            <div><a href=\"https:\/\/jobs.bachmann.ch\/\" target=\"_blank\"><img decoding=\"async\" src=\"https:\/\/www.bachmann.ch\/wp-content\/uploads\/Teamfoto-freigestellt.png\" alt=\"\"><\/a><\/div>        <\/div>\n        <div class=\"uk-width-1-2@m contentVerticalCenterBox\">\n            <div class=\"contentVerticalCenter\">\n                <div class=\"jobtitel\">Nous entra\u00eenons<\/div>                <div class=\"jobtitelklein\">Nous offrons \u00e0 une personnalit\u00e9 motiv\u00e9e un Apprentissage de<\/div>                <div class=\"jobname\">Kunststofftechnologe\/login EFZ<\/div>                <div class=\"joblink\"><a href=\"https:\/\/jobs.bachmann.ch\/\" target=\"_blank\">PLUS<\/a><\/div>            <\/div>\n        <\/div>\n    <\/div>\n<\/div>\n<\/div><\/div><\/div><div id=\"panel-368-0-0-6\" class=\"so-panel widget widget_bachmannstandort-widget panel-last-child\" data-index=\"6\" ><div data-iw-animation-delay=\"\" data-iw-animation-position=\"\" class=\"panel-widget-style panel-widget-style-for-368-0-0-6\" ><div\n\t\t\t\n\t\t\tclass=\"so-widget-bachmannstandort-widget so-widget-bachmannstandort-widget-base\"\n\t\t\t\n\t\t>    <div class=\"standort standort_1\">\n        <div uk-grid>\n            <div class=\"uk-width-1-2@m\">\n                                    <h3 class=\"uk-text-uppercase\">BACHMANN GROUP<\/h3>\n                                                    <div>An der Ron 4<\/div>\n                                                    <div>CH-6280 Hochdorf<\/div>\n                                                    <div class=\"uk-margin-bottom\">N\u00b0 de t\u00e9l\u00e9phone +41 41 914 72 00<\/div>\n                                                    <div><a href=\"ma&#105;&#108;&#116;&#x6f;&#x3a;&#x69;&#x6e;fo&#64;&#98;&#97;&#x63;&#x68;&#x6d;&#x61;nn&#46;&#99;&#104;\">&#105;n&#x66;o&#x40;b&#x61;c&#x68;&#109;&#x61;&#110;&#x6e;&#46;&#x63;&#104;<\/a><\/div>\n                                                    <div class=\"uk-margin-bottom\"><a href=\"https:\/\/www.bachmann.ch\">www.bachmann.ch<\/a><\/div>\n                                                    <div class=\"uk-margin-bottom\"><a href=\"\/fr\/contact\/\">Prendre contact<span uk-icon=\"icon: arrow-right; ratio: 1.4;\"><\/span><\/a><\/div>\n                            <\/div>\n            <div class=\"uk-width-1-2@m\">\n                                    <iframe loading=\"lazy\" src=\"https:\/\/www.google.com\/maps\/embed?pb=!1m18!1m12!1m3!1d2712.736903163718!2d8.27785435140631!3d47.16300702640572!2m3!1f0!2f0!3f0!3m2!1i1024!2i768!4f13.1!3m3!1m2!1s0x47901d4c28dc96eb%3A0x98ae649c7e12d703!2sAn%20der%20Ron%204%2C%206280%20Hochdorf!5e0!3m2!1sfr!2sch!4v1599491977641!5m2!1sfr!2sch\" width=\"100%\" height=\"350\" frameborder=\"0\" style=\"border:0;\" allowfullscreen=\"\" aria-hidden=\"false\" tabindex=\"0\"><\/iframe>\n                            <\/div>\n        <\/div>\n    <\/div>\n    <\/div><\/div><\/div><\/div><\/div><\/div><\/div>","protected":false},"excerpt":{"rendered":"<p>BACHMANN GROUPLe respect, l&rsquo;ouverture d&rsquo;esprit, le professionnalisme et l&rsquo;enthousiasme sont les principes fondamentaux pour le fils du fondateur de l\u2019entreprise et pour les 310 employ\u00e9s. En savoir plus News Der RecyBag ist in der Schweiz lanciert En savoir plus The BACHMANN GROUP is growing \ud83c\udf31 En savoir plus Zukunftstag 2024 &#8211; auch bei uns En [&hellip;]<\/p>\n","protected":false},"author":1,"featured_media":0,"parent":0,"menu_order":0,"comment_status":"closed","ping_status":"closed","template":"page-home-bachmann.php","meta":{"footnotes":""},"class_list":["post-368","page","type-page","status-publish","hentry"],"yoast_head":"<!-- This site is optimized with the Yoast SEO plugin v25.9 - https:\/\/yoast.com\/wordpress\/plugins\/seo\/ -->\n<title>Home - BACHMANN GROUP<\/title>\n<meta name=\"robots\" content=\"index, follow, max-snippet:-1, max-image-preview:large, max-video-preview:-1\" \/>\n<link rel=\"canonical\" href=\"https:\/\/www.bachmann.ch\/fr\/\" \/>\n<meta property=\"og:locale\" content=\"fr_FR\" \/>\n<meta property=\"og:type\" content=\"article\" \/>\n<meta property=\"og:title\" content=\"Home - BACHMANN GROUP\" \/>\n<meta property=\"og:description\" content=\"BACHMANN GROUPLe respect, l&#039;ouverture d&#039;esprit, le professionnalisme et l&#039;enthousiasme sont les principes fondamentaux pour le fils du fondateur de l\u2019entreprise et pour les 310 employ\u00e9s. En savoir plus News Der RecyBag ist in der Schweiz lanciert En savoir plus The BACHMANN GROUP is growing \ud83c\udf31 En savoir plus Zukunftstag 2024 - auch bei uns En [&hellip;]\" \/>\n<meta property=\"og:url\" content=\"https:\/\/www.bachmann.ch\/fr\/\" \/>\n<meta property=\"og:site_name\" content=\"BACHMANN GROUP\" \/>\n<meta property=\"article:modified_time\" content=\"2025-03-04T07:02:13+00:00\" \/>\n<meta name=\"twitter:card\" content=\"summary_large_image\" \/>\n<meta name=\"twitter:label1\" content=\"Dur\u00e9e de lecture estim\u00e9e\" \/>\n\t<meta name=\"twitter:data1\" content=\"4 minutes\" \/>\n<script type=\"application\/ld+json\" class=\"yoast-schema-graph\">{\"@context\":\"https:\/\/schema.org\",\"@graph\":[{\"@type\":\"WebPage\",\"@id\":\"https:\/\/www.bachmann.ch\/fr\/\",\"url\":\"https:\/\/www.bachmann.ch\/fr\/\",\"name\":\"Home - BACHMANN GROUP\",\"isPartOf\":{\"@id\":\"https:\/\/www.bachmann.ch\/en\/#website\"},\"datePublished\":\"2020-09-04T05:49:29+00:00\",\"dateModified\":\"2025-03-04T07:02:13+00:00\",\"breadcrumb\":{\"@id\":\"https:\/\/www.bachmann.ch\/fr\/#breadcrumb\"},\"inLanguage\":\"fr-FR\",\"potentialAction\":[{\"@type\":\"ReadAction\",\"target\":[\"https:\/\/www.bachmann.ch\/fr\/\"]}]},{\"@type\":\"BreadcrumbList\",\"@id\":\"https:\/\/www.bachmann.ch\/fr\/#breadcrumb\",\"itemListElement\":[{\"@type\":\"ListItem\",\"position\":1,\"name\":\"Home\",\"item\":\"https:\/\/www.bachmann.ch\/fr\/\"},{\"@type\":\"ListItem\",\"position\":2,\"name\":\"Home\"}]},{\"@type\":\"WebSite\",\"@id\":\"https:\/\/www.bachmann.ch\/en\/#website\",\"url\":\"https:\/\/www.bachmann.ch\/en\/\",\"name\":\"BACHMANN GROUP\",\"description\":\"\",\"potentialAction\":[{\"@type\":\"SearchAction\",\"target\":{\"@type\":\"EntryPoint\",\"urlTemplate\":\"https:\/\/www.bachmann.ch\/en\/?s={search_term_string}\"},\"query-input\":{\"@type\":\"PropertyValueSpecification\",\"valueRequired\":true,\"valueName\":\"search_term_string\"}}],\"inLanguage\":\"fr-FR\"}]}<\/script>\n<!-- \/ Yoast SEO plugin. -->","yoast_head_json":{"title":"Home - BACHMANN GROUP","robots":{"index":"index","follow":"follow","max-snippet":"max-snippet:-1","max-image-preview":"max-image-preview:large","max-video-preview":"max-video-preview:-1"},"canonical":"https:\/\/www.bachmann.ch\/fr\/","og_locale":"fr_FR","og_type":"article","og_title":"Home - BACHMANN GROUP","og_description":"BACHMANN GROUPLe respect, l'ouverture d'esprit, le professionnalisme et l'enthousiasme sont les principes fondamentaux pour le fils du fondateur de l\u2019entreprise et pour les 310 employ\u00e9s. En savoir plus News Der RecyBag ist in der Schweiz lanciert En savoir plus The BACHMANN GROUP is growing \ud83c\udf31 En savoir plus Zukunftstag 2024 - auch bei uns En [&hellip;]","og_url":"https:\/\/www.bachmann.ch\/fr\/","og_site_name":"BACHMANN GROUP","article_modified_time":"2025-03-04T07:02:13+00:00","twitter_card":"summary_large_image","twitter_misc":{"Dur\u00e9e de lecture estim\u00e9e":"4 minutes"},"schema":{"@context":"https:\/\/schema.org","@graph":[{"@type":"WebPage","@id":"https:\/\/www.bachmann.ch\/fr\/","url":"https:\/\/www.bachmann.ch\/fr\/","name":"Home - BACHMANN GROUP","isPartOf":{"@id":"https:\/\/www.bachmann.ch\/en\/#website"},"datePublished":"2020-09-04T05:49:29+00:00","dateModified":"2025-03-04T07:02:13+00:00","breadcrumb":{"@id":"https:\/\/www.bachmann.ch\/fr\/#breadcrumb"},"inLanguage":"fr-FR","potentialAction":[{"@type":"ReadAction","target":["https:\/\/www.bachmann.ch\/fr\/"]}]},{"@type":"BreadcrumbList","@id":"https:\/\/www.bachmann.ch\/fr\/#breadcrumb","itemListElement":[{"@type":"ListItem","position":1,"name":"Home","item":"https:\/\/www.bachmann.ch\/fr\/"},{"@type":"ListItem","position":2,"name":"Home"}]},{"@type":"WebSite","@id":"https:\/\/www.bachmann.ch\/en\/#website","url":"https:\/\/www.bachmann.ch\/en\/","name":"BACHMANN GROUP","description":"","potentialAction":[{"@type":"SearchAction","target":{"@type":"EntryPoint","urlTemplate":"https:\/\/www.bachmann.ch\/en\/?s={search_term_string}"},"query-input":{"@type":"PropertyValueSpecification","valueRequired":true,"valueName":"search_term_string"}}],"inLanguage":"fr-FR"}]}},"_links":{"self":[{"href":"https:\/\/www.bachmann.ch\/fr\/wp-json\/wp\/v2\/pages\/368","targetHints":{"allow":["GET"]}}],"collection":[{"href":"https:\/\/www.bachmann.ch\/fr\/wp-json\/wp\/v2\/pages"}],"about":[{"href":"https:\/\/www.bachmann.ch\/fr\/wp-json\/wp\/v2\/types\/page"}],"author":[{"embeddable":true,"href":"https:\/\/www.bachmann.ch\/fr\/wp-json\/wp\/v2\/users\/1"}],"replies":[{"embeddable":true,"href":"https:\/\/www.bachmann.ch\/fr\/wp-json\/wp\/v2\/comments?post=368"}],"version-history":[{"count":12,"href":"https:\/\/www.bachmann.ch\/fr\/wp-json\/wp\/v2\/pages\/368\/revisions"}],"predecessor-version":[{"id":4131,"href":"https:\/\/www.bachmann.ch\/fr\/wp-json\/wp\/v2\/pages\/368\/revisions\/4131"}],"wp:attachment":[{"href":"https:\/\/www.bachmann.ch\/fr\/wp-json\/wp\/v2\/media?parent=368"}],"curies":[{"name":"wp","href":"https:\/\/api.w.org\/{rel}","templated":true}]}}