{"id":3671,"date":"2023-09-28T11:28:03","date_gmt":"2023-09-28T09:28:03","guid":{"rendered":"https:\/\/www.bachmann.ch\/solarkraftwerk\/"},"modified":"2024-06-12T09:55:05","modified_gmt":"2024-06-12T07:55:05","slug":"solarkraftwerk","status":"publish","type":"page","link":"https:\/\/www.bachmann.ch\/fr\/solarkraftwerk\/","title":{"rendered":"Centrale solaire"},"content":{"rendered":"<div id=\"pl-3671\"  class=\"panel-layout\" ><div id=\"pg-3671-0\"  class=\"panel-grid panel-has-style\" ><div data-iw-animation-delay=\"\" data-iw-animation-position=\"\" class=\"panel-row-style panel-row-style-for-3671-0\" ><div id=\"pgc-3671-0-0\"  class=\"panel-grid-cell\" ><div id=\"panel-3671-0-0-0\" class=\"so-panel widget widget_media_image panel-first-child panel-last-child\" data-index=\"0\" ><div data-iw-animation-delay=\"\" data-iw-animation-position=\"\" class=\"panel-widget-style panel-widget-style-for-3671-0-0-0\" ><img loading=\"lazy\" decoding=\"async\" width=\"1920\" height=\"500\" src=\"https:\/\/www.bachmann.ch\/wp-content\/uploads\/Header.jpg\" class=\"image wp-image-3262  attachment-full size-full\" alt=\"\" style=\"max-width: 100%; height: auto;\" srcset=\"https:\/\/www.bachmann.ch\/wp-content\/uploads\/Header.jpg 1920w, https:\/\/www.bachmann.ch\/wp-content\/uploads\/Header-300x78.jpg 300w, https:\/\/www.bachmann.ch\/wp-content\/uploads\/Header-1024x267.jpg 1024w, https:\/\/www.bachmann.ch\/wp-content\/uploads\/Header-768x200.jpg 768w, https:\/\/www.bachmann.ch\/wp-content\/uploads\/Header-1536x400.jpg 1536w\" sizes=\"auto, (max-width: 1920px) 100vw, 1920px\" \/><\/div><\/div><\/div><\/div><\/div><div id=\"pg-3671-1\"  class=\"panel-grid panel-has-style\" ><div data-iw-animation-delay=\"\" data-iw-animation-position=\"\" class=\"panel-row-style panel-row-style-for-3671-1\" ><div id=\"pgc-3671-1-0\"  class=\"panel-grid-cell\" ><div id=\"panel-3671-1-0-0\" class=\"so-panel widget widget_bachmanncontentspacer-widget panel-first-child panel-last-child\" data-index=\"1\" ><div data-iw-animation-delay=\"\" data-iw-animation-position=\"\" class=\"panel-widget-style panel-widget-style-for-3671-1-0-0\" ><div\n\t\t\t\n\t\t\tclass=\"so-widget-bachmanncontentspacer-widget so-widget-bachmanncontentspacer-widget-base\"\n\t\t\t\n\t\t>    <div class=\"contentspacer-small\"><\/div>\n<\/div><\/div><\/div><\/div><\/div><\/div><div id=\"pg-3671-2\"  class=\"panel-grid panel-has-style\" ><div data-iw-animation-delay=\"\" data-iw-animation-position=\"\" class=\"panel-row-style panel-row-style-for-3671-2\" ><div id=\"pgc-3671-2-0\"  class=\"panel-grid-cell\" ><div id=\"panel-3671-2-0-0\" class=\"so-panel widget widget_text panel-first-child panel-last-child\" data-index=\"2\" ><div data-iw-animation-delay=\"\" data-iw-animation-position=\"\" class=\"panel-widget-style panel-widget-style-for-3671-2-0-0\" >\t\t\t<div class=\"textwidget\"><\/div>\n\t\t<\/div><\/div><\/div><\/div><\/div><div id=\"pg-3671-3\"  class=\"panel-grid panel-has-style\" ><div data-iw-animation-delay=\"\" data-iw-animation-position=\"\" class=\"panel-row-style panel-row-style-for-3671-3\" ><div id=\"pgc-3671-3-0\"  class=\"panel-grid-cell\" ><div id=\"panel-3671-3-0-0\" class=\"so-panel widget widget_media_image panel-first-child panel-last-child\" data-index=\"3\" ><div data-iw-animation-delay=\"\" data-iw-animation-position=\"\" class=\"panel-widget-style panel-widget-style-for-3671-3-0-0\" ><img loading=\"lazy\" decoding=\"async\" width=\"822\" height=\"321\" src=\"https:\/\/www.bachmann.ch\/wp-content\/uploads\/Solar-FR.jpg\" class=\"image wp-image-3679  attachment-full size-full\" alt=\"\" style=\"max-width: 100%; height: auto;\" srcset=\"https:\/\/www.bachmann.ch\/wp-content\/uploads\/Solar-FR.jpg 822w, https:\/\/www.bachmann.ch\/wp-content\/uploads\/Solar-FR-300x117.jpg 300w, https:\/\/www.bachmann.ch\/wp-content\/uploads\/Solar-FR-768x300.jpg 768w\" sizes=\"auto, (max-width: 822px) 100vw, 822px\" \/><\/div><\/div><\/div><div id=\"pgc-3671-3-1\"  class=\"panel-grid-cell\" ><div id=\"panel-3671-3-1-0\" class=\"so-panel widget widget_media_image panel-first-child panel-last-child\" data-index=\"4\" ><div data-iw-animation-delay=\"\" data-iw-animation-position=\"\" class=\"panel-widget-style panel-widget-style-for-3671-3-1-0\" ><img loading=\"lazy\" decoding=\"async\" width=\"154\" height=\"300\" src=\"https:\/\/www.bachmann.ch\/wp-content\/uploads\/2023-09-28-09_03_35-PowerPoint-_-Microsoft-Teams-Classic-e1695892832765-154x300.png\" class=\"image wp-image-2506  attachment-medium size-medium\" alt=\"\" style=\"max-width: 100%; height: auto;\" srcset=\"https:\/\/www.bachmann.ch\/wp-content\/uploads\/2023-09-28-09_03_35-PowerPoint-_-Microsoft-Teams-Classic-e1695892832765-154x300.png 154w, https:\/\/www.bachmann.ch\/wp-content\/uploads\/2023-09-28-09_03_35-PowerPoint-_-Microsoft-Teams-Classic-e1695892832765.png 324w\" sizes=\"auto, (max-width: 154px) 100vw, 154px\" \/><\/div><\/div><\/div><\/div><\/div><div id=\"pg-3671-4\"  class=\"panel-grid panel-has-style\" ><div data-iw-animation-delay=\"\" data-iw-animation-position=\"\" class=\"panel-row-style panel-row-style-for-3671-4\" ><div id=\"pgc-3671-4-0\"  class=\"panel-grid-cell\" ><div id=\"panel-3671-4-0-0\" class=\"so-panel widget widget_bachmanncontentspacer-widget panel-first-child panel-last-child\" data-index=\"5\" ><div data-iw-animation-delay=\"\" data-iw-animation-position=\"\" class=\"panel-widget-style panel-widget-style-for-3671-4-0-0\" ><div\n\t\t\t\n\t\t\tclass=\"so-widget-bachmanncontentspacer-widget so-widget-bachmanncontentspacer-widget-base\"\n\t\t\t\n\t\t>    <div class=\"contentspacer-small\"><\/div>\n<\/div><\/div><\/div><\/div><\/div><\/div><div id=\"pg-3671-5\"  class=\"panel-grid panel-has-style\" ><div data-iw-animation-delay=\"\" data-iw-animation-position=\"\" class=\"panel-row-style panel-row-style-for-3671-5\" ><div id=\"pgc-3671-5-0\"  class=\"panel-grid-cell\" ><div id=\"panel-3671-5-0-0\" class=\"so-panel widget widget_bachmannsimpleteaser-widget panel-first-child panel-last-child\" data-index=\"6\" ><div data-iw-animation-delay=\"\" data-iw-animation-position=\"\" class=\"panel-widget-style panel-widget-style-for-3671-5-0-0\" ><div\n\t\t\t\n\t\t\tclass=\"so-widget-bachmannsimpleteaser-widget so-widget-bachmannsimpleteaser-widget-base\"\n\t\t\t\n\t\t>        <div uk-grid class=\"uk-grid-match\">\n                            <div class=\"uk-width-1-3@m simpleteaser\">\n                    <div class=\"simpleteaserItem\">\n                        <div class=\"simpleteaserItemImg uk-inline-clip uk-transition-toggle\">\n                            <a href=\"https:\/\/youtu.be\/E_4GPGNo18Y?si=Hz8aNzoLXqnR4D1D\" target=\"_blank\">                                <img decoding=\"async\" class=\"uk-transition-opaque\" src=\"https:\/\/www.bachmann.ch\/wp-content\/uploads\/Unbenannt-111.png\" alt=\"Oh Solar mio\">\n                                <h3 class=\"simpleteaserItemImgTitle uk-text-uppercase\">Oh Solar mio<\/h3>\n                            <\/a>                        <\/div>\n                                                    <div class=\"simpleteaserItemText\">\n                                Regardez notre vid\u00e9o solaire \u00ab oh solar mio \u00bb.                             <\/div>\n                                                                            <a href=\"https:\/\/youtu.be\/E_4GPGNo18Y?si=Hz8aNzoLXqnR4D1D\" target=\"_blank\">\n                                <div class=\"simpleteaserItemLink\">Regarder le film <span uk-icon=\"arrow-right\"><\/span><\/div>\n                            <\/a>\n                                            <\/div>\n                <\/div>\n                                <div class=\"uk-width-1-3@m simpleteaser\">\n                    <div class=\"simpleteaserItem\">\n                        <div class=\"simpleteaserItemImg uk-inline-clip uk-transition-toggle\">\n                            <a href=\"https:\/\/www.bachmann-kunststoff-verpackungen.ch\/einweihung-solarkraftwerk\/\" target=\"_blank\">                                <img decoding=\"async\" class=\"uk-transition-opaque\" src=\"https:\/\/www.bachmann.ch\/wp-content\/uploads\/45-scaled-e1695364412390.jpg\" alt=\"C\u00e9r\u00e9monie d'inauguration\">\n                                <h3 class=\"simpleteaserItemImgTitle uk-text-uppercase\">C\u00e9r\u00e9monie d'inauguration<\/h3>\n                            <\/a>                        <\/div>\n                                                    <div class=\"simpleteaserItemText\">\n                                Impressions de notre f\u00eate d'inauguration du 23 juin 2023.                            <\/div>\n                                                                            <a href=\"https:\/\/www.bachmann-kunststoff-verpackungen.ch\/einweihung-solarkraftwerk\/\" target=\"_blank\">\n                                <div class=\"simpleteaserItemLink\">Voir plus <span uk-icon=\"arrow-right\"><\/span><\/div>\n                            <\/a>\n                                            <\/div>\n                <\/div>\n                                <div class=\"uk-width-1-3@m simpleteaser\">\n                    <div class=\"simpleteaserItem\">\n                        <div class=\"simpleteaserItemImg uk-inline-clip uk-transition-toggle\">\n                            <a href=\"https:\/\/www.bachmann-kunststoff-verpackungen.ch\/solarkraftwerk-news\/\" target=\"_blank\">                                <img decoding=\"async\" class=\"uk-transition-opaque\" src=\"https:\/\/www.bachmann.ch\/wp-content\/uploads\/BFS_AmpereDynamic-Bachmann-Edit-003-scaled.jpg\" alt=\"Blog solaire\">\n                                <h3 class=\"simpleteaserItemImgTitle uk-text-uppercase\">Blog solaire<\/h3>\n                            <\/a>                        <\/div>\n                                                    <div class=\"simpleteaserItemText\">\n                                Lisez nos articles de blog sur la construction de notre centrale solaire.                             <\/div>\n                                                                            <a href=\"https:\/\/www.bachmann-kunststoff-verpackungen.ch\/solarkraftwerk-news\/\" target=\"_blank\">\n                                <div class=\"simpleteaserItemLink\">Lire plus <span uk-icon=\"arrow-right\"><\/span><\/div>\n                            <\/a>\n                                            <\/div>\n                <\/div>\n                        <\/div>\n    <\/div><\/div><\/div><\/div><\/div><\/div><div id=\"pg-3671-6\"  class=\"panel-grid panel-has-style\" ><div data-iw-animation-delay=\"\" data-iw-animation-position=\"\" class=\"panel-row-style panel-row-style-for-3671-6\" ><div id=\"pgc-3671-6-0\"  class=\"panel-grid-cell\" ><div id=\"panel-3671-6-0-0\" class=\"so-panel widget widget_bachmanncontentspacer-widget panel-first-child panel-last-child\" data-index=\"7\" ><div data-iw-animation-delay=\"\" data-iw-animation-position=\"\" class=\"panel-widget-style panel-widget-style-for-3671-6-0-0\" ><div\n\t\t\t\n\t\t\tclass=\"so-widget-bachmanncontentspacer-widget so-widget-bachmanncontentspacer-widget-base\"\n\t\t\t\n\t\t>    <div class=\"contentspacer-small\"><\/div>\n<\/div><\/div><\/div><\/div><\/div><\/div><div id=\"pg-3671-7\"  class=\"panel-grid panel-has-style\" ><div data-iw-animation-delay=\"\" data-iw-animation-position=\"\" class=\"panel-row-style panel-row-style-for-3671-7\" ><div id=\"pgc-3671-7-0\"  class=\"panel-grid-cell\" ><div id=\"panel-3671-7-0-0\" class=\"so-panel widget widget_media_image panel-first-child panel-last-child\" data-index=\"8\" ><div data-iw-animation-delay=\"\" data-iw-animation-position=\"\" class=\"panel-widget-style panel-widget-style-for-3671-7-0-0\" ><img loading=\"lazy\" decoding=\"async\" width=\"1024\" height=\"458\" src=\"https:\/\/www.bachmann.ch\/wp-content\/uploads\/DJI_0193-scaled-e1695884826652-1024x458.jpg\" class=\"image wp-image-2498  attachment-large size-large\" alt=\"\" style=\"max-width: 100%; height: auto;\" srcset=\"https:\/\/www.bachmann.ch\/wp-content\/uploads\/DJI_0193-scaled-e1695884826652-1024x458.jpg 1024w, https:\/\/www.bachmann.ch\/wp-content\/uploads\/DJI_0193-scaled-e1695884826652-300x134.jpg 300w, https:\/\/www.bachmann.ch\/wp-content\/uploads\/DJI_0193-scaled-e1695884826652-768x344.jpg 768w, https:\/\/www.bachmann.ch\/wp-content\/uploads\/DJI_0193-scaled-e1695884826652-1536x687.jpg 1536w, https:\/\/www.bachmann.ch\/wp-content\/uploads\/DJI_0193-scaled-e1695884826652-2048x916.jpg 2048w\" sizes=\"auto, (max-width: 1024px) 100vw, 1024px\" \/><\/div><\/div><\/div><\/div><\/div><div id=\"pg-3671-8\"  class=\"panel-grid panel-has-style\" ><div data-iw-animation-delay=\"\" data-iw-animation-position=\"\" class=\"panel-row-style panel-row-style-for-3671-8\" ><div id=\"pgc-3671-8-0\"  class=\"panel-grid-cell\" ><div id=\"panel-3671-8-0-0\" class=\"so-panel widget widget_bachmanncontentspacer-widget panel-first-child\" data-index=\"9\" ><div data-iw-animation-delay=\"\" data-iw-animation-position=\"\" class=\"panel-widget-style panel-widget-style-for-3671-8-0-0\" ><div\n\t\t\t\n\t\t\tclass=\"so-widget-bachmanncontentspacer-widget so-widget-bachmanncontentspacer-widget-base\"\n\t\t\t\n\t\t>    <div class=\"contentspacer-small\"><\/div>\n<\/div><\/div><\/div><div id=\"panel-3671-8-0-1\" class=\"so-panel widget widget_text\" data-index=\"10\" ><div data-iw-animation-delay=\"\" data-iw-animation-position=\"\" class=\"panel-widget-style panel-widget-style-for-3671-8-0-1\" >\t\t\t<div class=\"textwidget\"><\/div>\n\t\t<\/div><\/div><div id=\"panel-3671-8-0-2\" class=\"so-panel widget widget_text\" data-index=\"11\" ><div data-iw-animation-delay=\"\" data-iw-animation-position=\"\" class=\"panel-widget-style panel-widget-style-for-3671-8-0-2\" >\t\t\t<div class=\"textwidget\"><\/div>\n\t\t<\/div><\/div><div id=\"panel-3671-8-0-3\" class=\"so-panel widget widget_text\" data-index=\"12\" ><div data-iw-animation-delay=\"\" data-iw-animation-position=\"\" class=\"panel-widget-style panel-widget-style-for-3671-8-0-3\" >\t\t\t<div class=\"textwidget\"><\/div>\n\t\t<\/div><\/div><\/div><\/div><\/div><\/div>","protected":false},"excerpt":{"rendered":"<p>Oh Solar mio Regardez notre vid\u00e9o solaire \u00ab oh solar mio \u00bb. Regarder le film C\u00e9r\u00e9monie d&rsquo;inauguration Impressions de notre f\u00eate d&rsquo;inauguration du 23 juin 2023. Voir plus Blog solaire Lisez nos articles de blog sur la construction de notre centrale solaire. Lire plus<\/p>\n","protected":false},"author":10,"featured_media":0,"parent":0,"menu_order":0,"comment_status":"closed","ping_status":"closed","template":"page-gruppe.php","meta":{"footnotes":""},"class_list":["post-3671","page","type-page","status-publish","hentry"],"yoast_head":"<!-- This site is optimized with the Yoast SEO plugin v25.9 - https:\/\/yoast.com\/wordpress\/plugins\/seo\/ -->\n<title>Centrale solaire - BACHMANN GROUP<\/title>\n<meta name=\"robots\" content=\"index, follow, max-snippet:-1, max-image-preview:large, max-video-preview:-1\" \/>\n<link rel=\"canonical\" href=\"https:\/\/www.bachmann.ch\/fr\/solarkraftwerk\/\" \/>\n<meta property=\"og:locale\" content=\"fr_FR\" \/>\n<meta property=\"og:type\" content=\"article\" \/>\n<meta property=\"og:title\" content=\"Centrale solaire - BACHMANN GROUP\" \/>\n<meta property=\"og:description\" content=\"Oh Solar mio Regardez notre vid\u00e9o solaire \u00ab oh solar mio \u00bb. Regarder le film C\u00e9r\u00e9monie d&#039;inauguration Impressions de notre f\u00eate d&#039;inauguration du 23 juin 2023. Voir plus Blog solaire Lisez nos articles de blog sur la construction de notre centrale solaire. Lire plus\" \/>\n<meta property=\"og:url\" content=\"https:\/\/www.bachmann.ch\/fr\/solarkraftwerk\/\" \/>\n<meta property=\"og:site_name\" content=\"BACHMANN GROUP\" \/>\n<meta property=\"article:modified_time\" content=\"2024-06-12T07:55:05+00:00\" \/>\n<meta name=\"twitter:card\" content=\"summary_large_image\" \/>\n<meta name=\"twitter:label1\" content=\"Dur\u00e9e de lecture estim\u00e9e\" \/>\n\t<meta name=\"twitter:data1\" content=\"2 minutes\" \/>\n<script type=\"application\/ld+json\" class=\"yoast-schema-graph\">{\"@context\":\"https:\/\/schema.org\",\"@graph\":[{\"@type\":\"WebPage\",\"@id\":\"https:\/\/www.bachmann.ch\/fr\/solarkraftwerk\/\",\"url\":\"https:\/\/www.bachmann.ch\/fr\/solarkraftwerk\/\",\"name\":\"Centrale solaire - BACHMANN GROUP\",\"isPartOf\":{\"@id\":\"https:\/\/www.bachmann.ch\/en\/#website\"},\"datePublished\":\"2023-09-28T09:28:03+00:00\",\"dateModified\":\"2024-06-12T07:55:05+00:00\",\"breadcrumb\":{\"@id\":\"https:\/\/www.bachmann.ch\/fr\/solarkraftwerk\/#breadcrumb\"},\"inLanguage\":\"fr-FR\",\"potentialAction\":[{\"@type\":\"ReadAction\",\"target\":[\"https:\/\/www.bachmann.ch\/fr\/solarkraftwerk\/\"]}]},{\"@type\":\"BreadcrumbList\",\"@id\":\"https:\/\/www.bachmann.ch\/fr\/solarkraftwerk\/#breadcrumb\",\"itemListElement\":[{\"@type\":\"ListItem\",\"position\":1,\"name\":\"Home\",\"item\":\"https:\/\/www.bachmann.ch\/fr\/\"},{\"@type\":\"ListItem\",\"position\":2,\"name\":\"Centrale solaire\"}]},{\"@type\":\"WebSite\",\"@id\":\"https:\/\/www.bachmann.ch\/en\/#website\",\"url\":\"https:\/\/www.bachmann.ch\/en\/\",\"name\":\"BACHMANN GROUP\",\"description\":\"\",\"potentialAction\":[{\"@type\":\"SearchAction\",\"target\":{\"@type\":\"EntryPoint\",\"urlTemplate\":\"https:\/\/www.bachmann.ch\/en\/?s={search_term_string}\"},\"query-input\":{\"@type\":\"PropertyValueSpecification\",\"valueRequired\":true,\"valueName\":\"search_term_string\"}}],\"inLanguage\":\"fr-FR\"}]}<\/script>\n<!-- \/ Yoast SEO plugin. -->","yoast_head_json":{"title":"Centrale solaire - BACHMANN GROUP","robots":{"index":"index","follow":"follow","max-snippet":"max-snippet:-1","max-image-preview":"max-image-preview:large","max-video-preview":"max-video-preview:-1"},"canonical":"https:\/\/www.bachmann.ch\/fr\/solarkraftwerk\/","og_locale":"fr_FR","og_type":"article","og_title":"Centrale solaire - BACHMANN GROUP","og_description":"Oh Solar mio Regardez notre vid\u00e9o solaire \u00ab oh solar mio \u00bb. Regarder le film C\u00e9r\u00e9monie d'inauguration Impressions de notre f\u00eate d'inauguration du 23 juin 2023. Voir plus Blog solaire Lisez nos articles de blog sur la construction de notre centrale solaire. Lire plus","og_url":"https:\/\/www.bachmann.ch\/fr\/solarkraftwerk\/","og_site_name":"BACHMANN GROUP","article_modified_time":"2024-06-12T07:55:05+00:00","twitter_card":"summary_large_image","twitter_misc":{"Dur\u00e9e de lecture estim\u00e9e":"2 minutes"},"schema":{"@context":"https:\/\/schema.org","@graph":[{"@type":"WebPage","@id":"https:\/\/www.bachmann.ch\/fr\/solarkraftwerk\/","url":"https:\/\/www.bachmann.ch\/fr\/solarkraftwerk\/","name":"Centrale solaire - BACHMANN GROUP","isPartOf":{"@id":"https:\/\/www.bachmann.ch\/en\/#website"},"datePublished":"2023-09-28T09:28:03+00:00","dateModified":"2024-06-12T07:55:05+00:00","breadcrumb":{"@id":"https:\/\/www.bachmann.ch\/fr\/solarkraftwerk\/#breadcrumb"},"inLanguage":"fr-FR","potentialAction":[{"@type":"ReadAction","target":["https:\/\/www.bachmann.ch\/fr\/solarkraftwerk\/"]}]},{"@type":"BreadcrumbList","@id":"https:\/\/www.bachmann.ch\/fr\/solarkraftwerk\/#breadcrumb","itemListElement":[{"@type":"ListItem","position":1,"name":"Home","item":"https:\/\/www.bachmann.ch\/fr\/"},{"@type":"ListItem","position":2,"name":"Centrale solaire"}]},{"@type":"WebSite","@id":"https:\/\/www.bachmann.ch\/en\/#website","url":"https:\/\/www.bachmann.ch\/en\/","name":"BACHMANN GROUP","description":"","potentialAction":[{"@type":"SearchAction","target":{"@type":"EntryPoint","urlTemplate":"https:\/\/www.bachmann.ch\/en\/?s={search_term_string}"},"query-input":{"@type":"PropertyValueSpecification","valueRequired":true,"valueName":"search_term_string"}}],"inLanguage":"fr-FR"}]}},"_links":{"self":[{"href":"https:\/\/www.bachmann.ch\/fr\/wp-json\/wp\/v2\/pages\/3671","targetHints":{"allow":["GET"]}}],"collection":[{"href":"https:\/\/www.bachmann.ch\/fr\/wp-json\/wp\/v2\/pages"}],"about":[{"href":"https:\/\/www.bachmann.ch\/fr\/wp-json\/wp\/v2\/types\/page"}],"author":[{"embeddable":true,"href":"https:\/\/www.bachmann.ch\/fr\/wp-json\/wp\/v2\/users\/10"}],"replies":[{"embeddable":true,"href":"https:\/\/www.bachmann.ch\/fr\/wp-json\/wp\/v2\/comments?post=3671"}],"version-history":[{"count":4,"href":"https:\/\/www.bachmann.ch\/fr\/wp-json\/wp\/v2\/pages\/3671\/revisions"}],"predecessor-version":[{"id":3696,"href":"https:\/\/www.bachmann.ch\/fr\/wp-json\/wp\/v2\/pages\/3671\/revisions\/3696"}],"wp:attachment":[{"href":"https:\/\/www.bachmann.ch\/fr\/wp-json\/wp\/v2\/media?parent=3671"}],"curies":[{"name":"wp","href":"https:\/\/api.w.org\/{rel}","templated":true}]}}