{"id":3658,"date":"2024-06-11T08:56:32","date_gmt":"2024-06-11T06:56:32","guid":{"rendered":"https:\/\/www.bachmann.ch\/nachhaltigkeit\/circular-by-2025\/"},"modified":"2025-02-21T09:54:57","modified_gmt":"2025-02-21T08:54:57","slug":"circular-by-2025","status":"publish","type":"page","link":"https:\/\/www.bachmann.ch\/fr\/nachhaltigkeit\/circular-by-2025\/","title":{"rendered":"future-proof packaging"},"content":{"rendered":"<div id=\"pl-3658\"  class=\"panel-layout\" ><div id=\"pg-3658-0\"  class=\"panel-grid panel-has-style\" ><div data-iw-animation-delay=\"\" data-iw-animation-position=\"\" class=\"panel-row-style panel-row-style-for-3658-0\" ><div id=\"pgc-3658-0-0\"  class=\"panel-grid-cell\" ><div id=\"panel-3658-0-0-0\" class=\"so-panel widget widget_media_image panel-first-child\" data-index=\"0\" ><div data-iw-animation-delay=\"\" data-iw-animation-position=\"\" class=\"panel-widget-style panel-widget-style-for-3658-0-0-0\" ><img loading=\"lazy\" decoding=\"async\" width=\"1920\" height=\"500\" src=\"https:\/\/www.bachmann.ch\/wp-content\/uploads\/Rigi.jpg\" class=\"image wp-image-3614  attachment-full size-full\" alt=\"\" style=\"max-width: 100%; height: auto;\" srcset=\"https:\/\/www.bachmann.ch\/wp-content\/uploads\/Rigi.jpg 1920w, https:\/\/www.bachmann.ch\/wp-content\/uploads\/Rigi-300x78.jpg 300w, https:\/\/www.bachmann.ch\/wp-content\/uploads\/Rigi-1024x267.jpg 1024w, https:\/\/www.bachmann.ch\/wp-content\/uploads\/Rigi-768x200.jpg 768w, https:\/\/www.bachmann.ch\/wp-content\/uploads\/Rigi-1536x400.jpg 1536w\" sizes=\"auto, (max-width: 1920px) 100vw, 1920px\" \/><\/div><\/div><div id=\"panel-3658-0-0-1\" class=\"so-panel widget widget_bachmanncontentspacer-widget panel-last-child\" data-index=\"1\" ><div data-iw-animation-delay=\"\" data-iw-animation-position=\"\" class=\"panel-widget-style panel-widget-style-for-3658-0-0-1\" ><div\n\t\t\t\n\t\t\tclass=\"so-widget-bachmanncontentspacer-widget so-widget-bachmanncontentspacer-widget-base\"\n\t\t\t\n\t\t>    <div class=\"contentspacer-small\"><\/div>\n<\/div><\/div><\/div><\/div><\/div><\/div><div id=\"pg-3658-1\"  class=\"panel-grid panel-has-style\" ><div data-iw-animation-delay=\"\" data-iw-animation-position=\"\" class=\"panel-row-style panel-row-style-for-3658-1\" ><div id=\"pgc-3658-1-0\"  class=\"panel-grid-cell\" ><div id=\"panel-3658-1-0-0\" class=\"so-panel widget widget_sow-editor panel-first-child panel-last-child\" data-index=\"2\" ><div data-iw-animation-delay=\"\" data-iw-animation-position=\"\" class=\"panel-widget-style panel-widget-style-for-3658-1-0-0\" ><div\n\t\t\t\n\t\t\tclass=\"so-widget-sow-editor so-widget-sow-editor-base\"\n\t\t\t\n\t\t>\n<div class=\"siteorigin-widget-tinymce textwidget\">\n\t<p>Les clients et les l\u00e9gislateurs exigent de plus en plus des produits con\u00e7us de mani\u00e8re durable. Nous d\u00e9veloppons nos emballages \u00e0 l'\u00e9preuve du temps selon les r\u00e8gles de base de D4R (Design for Recycling). Pour ce faire, nous misons sur des monofilms optimis\u00e9s en termes de quantit\u00e9, sans colorants et avec une part de recyclage maximale.<\/p>\n<p>Le plastique est un mat\u00e9riau recyclable ! C'est pourquoi les emballages n'ont plus leur place dans les incin\u00e9rateurs, mais doivent imp\u00e9rativement \u00eatre int\u00e9gr\u00e9s dans le circuit.<\/p>\n<\/div>\n<\/div><\/div><\/div><\/div><\/div><\/div><\/div>","protected":false},"excerpt":{"rendered":"<p>Les clients et les l\u00e9gislateurs exigent de plus en plus des produits con\u00e7us de mani\u00e8re durable. Nous d\u00e9veloppons nos emballages \u00e0 l&rsquo;\u00e9preuve du temps selon les r\u00e8gles de base de D4R (Design for Recycling). Pour ce faire, nous misons sur des monofilms optimis\u00e9s en termes de quantit\u00e9, sans colorants et avec une part de recyclage [&hellip;]<\/p>\n","protected":false},"author":10,"featured_media":0,"parent":3211,"menu_order":0,"comment_status":"closed","ping_status":"closed","template":"page-gruppe.php","meta":{"footnotes":""},"class_list":["post-3658","page","type-page","status-publish","hentry"],"yoast_head":"<!-- This site is optimized with the Yoast SEO plugin v25.9 - https:\/\/yoast.com\/wordpress\/plugins\/seo\/ -->\n<title>future-proof packaging - BACHMANN GROUP<\/title>\n<meta name=\"robots\" content=\"index, follow, max-snippet:-1, max-image-preview:large, max-video-preview:-1\" \/>\n<link rel=\"canonical\" href=\"https:\/\/www.bachmann.ch\/fr\/nachhaltigkeit\/circular-by-2025\/\" \/>\n<meta property=\"og:locale\" content=\"fr_FR\" \/>\n<meta property=\"og:type\" content=\"article\" \/>\n<meta property=\"og:title\" content=\"future-proof packaging - BACHMANN GROUP\" \/>\n<meta property=\"og:description\" content=\"Les clients et les l\u00e9gislateurs exigent de plus en plus des produits con\u00e7us de mani\u00e8re durable. Nous d\u00e9veloppons nos emballages \u00e0 l&#039;\u00e9preuve du temps selon les r\u00e8gles de base de D4R (Design for Recycling). Pour ce faire, nous misons sur des monofilms optimis\u00e9s en termes de quantit\u00e9, sans colorants et avec une part de recyclage [&hellip;]\" \/>\n<meta property=\"og:url\" content=\"https:\/\/www.bachmann.ch\/fr\/nachhaltigkeit\/circular-by-2025\/\" \/>\n<meta property=\"og:site_name\" content=\"BACHMANN GROUP\" \/>\n<meta property=\"article:modified_time\" content=\"2025-02-21T08:54:57+00:00\" \/>\n<meta name=\"twitter:card\" content=\"summary_large_image\" \/>\n<meta name=\"twitter:label1\" content=\"Dur\u00e9e de lecture estim\u00e9e\" \/>\n\t<meta name=\"twitter:data1\" content=\"1 minute\" \/>\n<script type=\"application\/ld+json\" class=\"yoast-schema-graph\">{\"@context\":\"https:\/\/schema.org\",\"@graph\":[{\"@type\":\"WebPage\",\"@id\":\"https:\/\/www.bachmann.ch\/fr\/nachhaltigkeit\/circular-by-2025\/\",\"url\":\"https:\/\/www.bachmann.ch\/fr\/nachhaltigkeit\/circular-by-2025\/\",\"name\":\"future-proof packaging - BACHMANN GROUP\",\"isPartOf\":{\"@id\":\"https:\/\/www.bachmann.ch\/en\/#website\"},\"datePublished\":\"2024-06-11T06:56:32+00:00\",\"dateModified\":\"2025-02-21T08:54:57+00:00\",\"breadcrumb\":{\"@id\":\"https:\/\/www.bachmann.ch\/fr\/nachhaltigkeit\/circular-by-2025\/#breadcrumb\"},\"inLanguage\":\"fr-FR\",\"potentialAction\":[{\"@type\":\"ReadAction\",\"target\":[\"https:\/\/www.bachmann.ch\/fr\/nachhaltigkeit\/circular-by-2025\/\"]}]},{\"@type\":\"BreadcrumbList\",\"@id\":\"https:\/\/www.bachmann.ch\/fr\/nachhaltigkeit\/circular-by-2025\/#breadcrumb\",\"itemListElement\":[{\"@type\":\"ListItem\",\"position\":1,\"name\":\"Home\",\"item\":\"https:\/\/www.bachmann.ch\/fr\/\"},{\"@type\":\"ListItem\",\"position\":2,\"name\":\"Durabilit\u00e9\",\"item\":\"https:\/\/www.bachmann.ch\/fr\/nachhaltigkeit\/\"},{\"@type\":\"ListItem\",\"position\":3,\"name\":\"future-proof packaging\"}]},{\"@type\":\"WebSite\",\"@id\":\"https:\/\/www.bachmann.ch\/en\/#website\",\"url\":\"https:\/\/www.bachmann.ch\/en\/\",\"name\":\"BACHMANN GROUP\",\"description\":\"\",\"potentialAction\":[{\"@type\":\"SearchAction\",\"target\":{\"@type\":\"EntryPoint\",\"urlTemplate\":\"https:\/\/www.bachmann.ch\/en\/?s={search_term_string}\"},\"query-input\":{\"@type\":\"PropertyValueSpecification\",\"valueRequired\":true,\"valueName\":\"search_term_string\"}}],\"inLanguage\":\"fr-FR\"}]}<\/script>\n<!-- \/ Yoast SEO plugin. -->","yoast_head_json":{"title":"future-proof packaging - BACHMANN GROUP","robots":{"index":"index","follow":"follow","max-snippet":"max-snippet:-1","max-image-preview":"max-image-preview:large","max-video-preview":"max-video-preview:-1"},"canonical":"https:\/\/www.bachmann.ch\/fr\/nachhaltigkeit\/circular-by-2025\/","og_locale":"fr_FR","og_type":"article","og_title":"future-proof packaging - BACHMANN GROUP","og_description":"Les clients et les l\u00e9gislateurs exigent de plus en plus des produits con\u00e7us de mani\u00e8re durable. Nous d\u00e9veloppons nos emballages \u00e0 l'\u00e9preuve du temps selon les r\u00e8gles de base de D4R (Design for Recycling). Pour ce faire, nous misons sur des monofilms optimis\u00e9s en termes de quantit\u00e9, sans colorants et avec une part de recyclage [&hellip;]","og_url":"https:\/\/www.bachmann.ch\/fr\/nachhaltigkeit\/circular-by-2025\/","og_site_name":"BACHMANN GROUP","article_modified_time":"2025-02-21T08:54:57+00:00","twitter_card":"summary_large_image","twitter_misc":{"Dur\u00e9e de lecture estim\u00e9e":"1 minute"},"schema":{"@context":"https:\/\/schema.org","@graph":[{"@type":"WebPage","@id":"https:\/\/www.bachmann.ch\/fr\/nachhaltigkeit\/circular-by-2025\/","url":"https:\/\/www.bachmann.ch\/fr\/nachhaltigkeit\/circular-by-2025\/","name":"future-proof packaging - BACHMANN GROUP","isPartOf":{"@id":"https:\/\/www.bachmann.ch\/en\/#website"},"datePublished":"2024-06-11T06:56:32+00:00","dateModified":"2025-02-21T08:54:57+00:00","breadcrumb":{"@id":"https:\/\/www.bachmann.ch\/fr\/nachhaltigkeit\/circular-by-2025\/#breadcrumb"},"inLanguage":"fr-FR","potentialAction":[{"@type":"ReadAction","target":["https:\/\/www.bachmann.ch\/fr\/nachhaltigkeit\/circular-by-2025\/"]}]},{"@type":"BreadcrumbList","@id":"https:\/\/www.bachmann.ch\/fr\/nachhaltigkeit\/circular-by-2025\/#breadcrumb","itemListElement":[{"@type":"ListItem","position":1,"name":"Home","item":"https:\/\/www.bachmann.ch\/fr\/"},{"@type":"ListItem","position":2,"name":"Durabilit\u00e9","item":"https:\/\/www.bachmann.ch\/fr\/nachhaltigkeit\/"},{"@type":"ListItem","position":3,"name":"future-proof packaging"}]},{"@type":"WebSite","@id":"https:\/\/www.bachmann.ch\/en\/#website","url":"https:\/\/www.bachmann.ch\/en\/","name":"BACHMANN GROUP","description":"","potentialAction":[{"@type":"SearchAction","target":{"@type":"EntryPoint","urlTemplate":"https:\/\/www.bachmann.ch\/en\/?s={search_term_string}"},"query-input":{"@type":"PropertyValueSpecification","valueRequired":true,"valueName":"search_term_string"}}],"inLanguage":"fr-FR"}]}},"_links":{"self":[{"href":"https:\/\/www.bachmann.ch\/fr\/wp-json\/wp\/v2\/pages\/3658","targetHints":{"allow":["GET"]}}],"collection":[{"href":"https:\/\/www.bachmann.ch\/fr\/wp-json\/wp\/v2\/pages"}],"about":[{"href":"https:\/\/www.bachmann.ch\/fr\/wp-json\/wp\/v2\/types\/page"}],"author":[{"embeddable":true,"href":"https:\/\/www.bachmann.ch\/fr\/wp-json\/wp\/v2\/users\/10"}],"replies":[{"embeddable":true,"href":"https:\/\/www.bachmann.ch\/fr\/wp-json\/wp\/v2\/comments?post=3658"}],"version-history":[{"count":2,"href":"https:\/\/www.bachmann.ch\/fr\/wp-json\/wp\/v2\/pages\/3658\/revisions"}],"predecessor-version":[{"id":4120,"href":"https:\/\/www.bachmann.ch\/fr\/wp-json\/wp\/v2\/pages\/3658\/revisions\/4120"}],"up":[{"embeddable":true,"href":"https:\/\/www.bachmann.ch\/fr\/wp-json\/wp\/v2\/pages\/3211"}],"wp:attachment":[{"href":"https:\/\/www.bachmann.ch\/fr\/wp-json\/wp\/v2\/media?parent=3658"}],"curies":[{"name":"wp","href":"https:\/\/api.w.org\/{rel}","templated":true}]}}