{"id":3651,"date":"2024-04-15T11:28:43","date_gmt":"2024-04-15T09:28:43","guid":{"rendered":"https:\/\/www.bachmann.ch\/nachhaltigkeit\/recypac\/"},"modified":"2025-03-04T08:09:47","modified_gmt":"2025-03-04T07:09:47","slug":"recypac","status":"publish","type":"page","link":"https:\/\/www.bachmann.ch\/fr\/nachhaltigkeit\/recypac\/","title":{"rendered":"Recypac"},"content":{"rendered":"<div id=\"pl-3651\"  class=\"panel-layout\" ><div id=\"pg-3651-0\"  class=\"panel-grid panel-has-style\" ><div data-iw-animation-delay=\"\" data-iw-animation-position=\"\" class=\"panel-row-style panel-row-style-for-3651-0\" ><div id=\"pgc-3651-0-0\"  class=\"panel-grid-cell\" ><div id=\"panel-3651-0-0-0\" class=\"so-panel widget widget_media_image panel-first-child panel-last-child\" data-index=\"0\" ><div data-iw-animation-delay=\"\" data-iw-animation-position=\"\" class=\"panel-widget-style panel-widget-style-for-3651-0-0-0\" ><img loading=\"lazy\" decoding=\"async\" width=\"1920\" height=\"500\" src=\"https:\/\/www.bachmann.ch\/wp-content\/uploads\/Recypac_.jpg\" class=\"image wp-image-4065  attachment-full size-full\" alt=\"\" style=\"max-width: 100%; height: auto;\" srcset=\"https:\/\/www.bachmann.ch\/wp-content\/uploads\/Recypac_.jpg 1920w, https:\/\/www.bachmann.ch\/wp-content\/uploads\/Recypac_-300x78.jpg 300w, https:\/\/www.bachmann.ch\/wp-content\/uploads\/Recypac_-1024x267.jpg 1024w, https:\/\/www.bachmann.ch\/wp-content\/uploads\/Recypac_-768x200.jpg 768w, https:\/\/www.bachmann.ch\/wp-content\/uploads\/Recypac_-1536x400.jpg 1536w\" sizes=\"auto, (max-width: 1920px) 100vw, 1920px\" \/><\/div><\/div><\/div><\/div><\/div><div id=\"pg-3651-1\"  class=\"panel-grid panel-has-style\" ><div data-iw-animation-delay=\"\" data-iw-animation-position=\"\" class=\"panel-row-style panel-row-style-for-3651-1\" ><div id=\"pgc-3651-1-0\"  class=\"panel-grid-cell\" ><div id=\"panel-3651-1-0-0\" class=\"so-panel widget widget_bachmanncontentspacer-widget panel-first-child panel-last-child\" data-index=\"1\" ><div data-iw-animation-delay=\"\" data-iw-animation-position=\"\" class=\"panel-widget-style panel-widget-style-for-3651-1-0-0\" ><div\n\t\t\t\n\t\t\tclass=\"so-widget-bachmanncontentspacer-widget so-widget-bachmanncontentspacer-widget-base\"\n\t\t\t\n\t\t>    <div class=\"contentspacer-small\"><\/div>\n<\/div><\/div><\/div><\/div><\/div><\/div><div id=\"pg-3651-2\"  class=\"panel-grid panel-has-style\" ><div data-iw-animation-delay=\"\" data-iw-animation-position=\"\" class=\"panel-row-style panel-row-style-for-3651-2\" ><div id=\"pgc-3651-2-0\"  class=\"panel-grid-cell\" ><div id=\"panel-3651-2-0-0\" class=\"so-panel widget widget_sow-editor panel-first-child panel-last-child\" data-index=\"2\" ><div data-iw-animation-delay=\"\" data-iw-animation-position=\"\" class=\"panel-widget-style panel-widget-style-for-3651-2-0-0\" ><div\n\t\t\t\n\t\t\tclass=\"so-widget-sow-editor so-widget-sow-editor-base\"\n\t\t\t\n\t\t>\n<div class=\"siteorigin-widget-tinymce textwidget\">\n\t<p>Avec la fondation de Recypac le 30 novembre 2023, une \u00e9tape importante pour l\u2019\u00e9conomie circulaire en Suisse a \u00e9t\u00e9 franchie. Le GROUPE BACHMANN fait partie des membres fondateurs.<\/p>\n<p>Cette nouvelle association vise \u00e0 mettre en place une collecte et un recyclage uniformes des emballages en plastique et des cartons \u00e0 boissons, \u00e0 l'exception des bouteilles PET, \u00e0 l'\u00e9chelle nationale. En tant que producteur d\u2019emballages participant, Recypac s\u2019inscrit parfaitement dans notre axe strat\u00e9gique principal \u00abcircular packaging\u00bb.<\/p>\n<p>&nbsp;<\/p>\n<p><strong>Le recyclage:<\/strong><\/p>\n<ul>\n<li>Pr\u00e9serve les ressources<\/li>\n<li>\u00c9conomise de l\u2019\u00e9nergie<\/li>\n<li>R\u00e9duit les \u00e9missions de gaz \u00e0 effet de serre<\/li>\n<li>G\u00e9n\u00e8re des mati\u00e8res premi\u00e8res secondaires<\/li>\n<li>Favorise l\u2019\u00e9conomie circulaire en Suisse<\/li>\n<\/ul>\n<p>&nbsp;<\/p>\n<p><strong>Objectifs 2030 <\/strong>(conformes \u00e0 l\u2019UE): Taux de recyclage de 55 % pour les plastiques \/ 70 % pour les cartons \u00e0 boissons<\/p>\n<p>Comme l\u2019Union europ\u00e9enne, la nouvelle organisation s\u2019est fix\u00e9 des objectifs ambitieux en mati\u00e8re de durabilit\u00e9 (environnementale, \u00e9conomique et sociale) \u00e0 atteindre d\u2019ici 2030 et les surveille en permanence gr\u00e2ce \u00e0 un syst\u00e8me d\u2019objectifs transparent et complet. D'ici 2030, un syst\u00e8me de recyclage efficace doit \u00eatre \u00e9tabli. Le syst\u00e8me est ouvert aux innovations et aux d\u00e9veloppements tant au niveau national qu'international, et vise une optimisation continue.<\/p>\n<p>Il s'agit d'une solution industrielle suisse sur une base volontaire. Tous les participants de la cha\u00eene de processus, des fabricants d'emballages aux fabricants de marques, en passant par les d\u00e9taillants, les communes et les recycleurs, sont impliqu\u00e9s dans le processus, permettant ainsi un recyclage efficace et efficient. Cela signifie que l'\u00e9tablissement de canaux de collecte et de recyclage va de pair avec l'augmentation de la recyclabilit\u00e9 des produits afin que les cycles soient compl\u00e8tement ferm\u00e9s.<\/p>\n<p>&nbsp;<\/p>\n<p><strong>La collecte avec le \u00abRecyBag\u00bb<\/strong><\/p>\n<p>Depuis janvier 2025, les premi\u00e8res communes ont introduit le nouveau syst\u00e8me de collecte, marquant ainsi une nouvelle avanc\u00e9e vers un syst\u00e8me de collecte coordonn\u00e9 \u00e0 l\u2019\u00e9chelle nationale. La collecte des emballages plastiques et des cartons \u00e0 boissons se fait via le \u00a0\u00a0\u00abRecyBag\u00bb. Les RecyBags peuvent \u00eatre achet\u00e9s et retourn\u00e9s dans les communes ainsi que dans certains magasins de d\u00e9tail. Une vue d\u2019ensemble des points de vente et de retour actuels est disponible sur <strong>Map | RecyBag<\/strong>. D\u2019autres communes suivront bient\u00f4t.<\/p>\n<p>Pour plus d\u2019informations sur RecyBag : <strong>RecyBag \u2013 pour les emballages en plastique et les cartons \u00e0 boissons.<\/strong><\/p>\n<\/div>\n<\/div><\/div><\/div><\/div><\/div><\/div><\/div>","protected":false},"excerpt":{"rendered":"<p>Avec la fondation de Recypac le 30 novembre 2023, une \u00e9tape importante pour l\u2019\u00e9conomie circulaire en Suisse a \u00e9t\u00e9 franchie. Le GROUPE BACHMANN fait partie des membres fondateurs. Cette nouvelle association vise \u00e0 mettre en place une collecte et un recyclage uniformes des emballages en plastique et des cartons \u00e0 boissons, \u00e0 l&rsquo;exception des bouteilles [&hellip;]<\/p>\n","protected":false},"author":10,"featured_media":0,"parent":3211,"menu_order":0,"comment_status":"closed","ping_status":"closed","template":"page-gruppe.php","meta":{"footnotes":""},"class_list":["post-3651","page","type-page","status-publish","hentry"],"yoast_head":"<!-- This site is optimized with the Yoast SEO plugin v25.9 - https:\/\/yoast.com\/wordpress\/plugins\/seo\/ -->\n<title>Recypac - BACHMANN GROUP<\/title>\n<meta name=\"robots\" content=\"index, follow, max-snippet:-1, max-image-preview:large, max-video-preview:-1\" \/>\n<link rel=\"canonical\" href=\"https:\/\/www.bachmann.ch\/fr\/nachhaltigkeit\/recypac\/\" \/>\n<meta property=\"og:locale\" content=\"fr_FR\" \/>\n<meta property=\"og:type\" content=\"article\" \/>\n<meta property=\"og:title\" content=\"Recypac - BACHMANN GROUP\" \/>\n<meta property=\"og:description\" content=\"Avec la fondation de Recypac le 30 novembre 2023, une \u00e9tape importante pour l\u2019\u00e9conomie circulaire en Suisse a \u00e9t\u00e9 franchie. Le GROUPE BACHMANN fait partie des membres fondateurs. Cette nouvelle association vise \u00e0 mettre en place une collecte et un recyclage uniformes des emballages en plastique et des cartons \u00e0 boissons, \u00e0 l&#039;exception des bouteilles [&hellip;]\" \/>\n<meta property=\"og:url\" content=\"https:\/\/www.bachmann.ch\/fr\/nachhaltigkeit\/recypac\/\" \/>\n<meta property=\"og:site_name\" content=\"BACHMANN GROUP\" \/>\n<meta property=\"article:modified_time\" content=\"2025-03-04T07:09:47+00:00\" \/>\n<meta name=\"twitter:card\" content=\"summary_large_image\" \/>\n<meta name=\"twitter:label1\" content=\"Dur\u00e9e de lecture estim\u00e9e\" \/>\n\t<meta name=\"twitter:data1\" content=\"3 minutes\" \/>\n<script type=\"application\/ld+json\" class=\"yoast-schema-graph\">{\"@context\":\"https:\/\/schema.org\",\"@graph\":[{\"@type\":\"WebPage\",\"@id\":\"https:\/\/www.bachmann.ch\/fr\/nachhaltigkeit\/recypac\/\",\"url\":\"https:\/\/www.bachmann.ch\/fr\/nachhaltigkeit\/recypac\/\",\"name\":\"Recypac - BACHMANN GROUP\",\"isPartOf\":{\"@id\":\"https:\/\/www.bachmann.ch\/en\/#website\"},\"datePublished\":\"2024-04-15T09:28:43+00:00\",\"dateModified\":\"2025-03-04T07:09:47+00:00\",\"breadcrumb\":{\"@id\":\"https:\/\/www.bachmann.ch\/fr\/nachhaltigkeit\/recypac\/#breadcrumb\"},\"inLanguage\":\"fr-FR\",\"potentialAction\":[{\"@type\":\"ReadAction\",\"target\":[\"https:\/\/www.bachmann.ch\/fr\/nachhaltigkeit\/recypac\/\"]}]},{\"@type\":\"BreadcrumbList\",\"@id\":\"https:\/\/www.bachmann.ch\/fr\/nachhaltigkeit\/recypac\/#breadcrumb\",\"itemListElement\":[{\"@type\":\"ListItem\",\"position\":1,\"name\":\"Home\",\"item\":\"https:\/\/www.bachmann.ch\/fr\/\"},{\"@type\":\"ListItem\",\"position\":2,\"name\":\"Durabilit\u00e9\",\"item\":\"https:\/\/www.bachmann.ch\/fr\/nachhaltigkeit\/\"},{\"@type\":\"ListItem\",\"position\":3,\"name\":\"Recypac\"}]},{\"@type\":\"WebSite\",\"@id\":\"https:\/\/www.bachmann.ch\/en\/#website\",\"url\":\"https:\/\/www.bachmann.ch\/en\/\",\"name\":\"BACHMANN GROUP\",\"description\":\"\",\"potentialAction\":[{\"@type\":\"SearchAction\",\"target\":{\"@type\":\"EntryPoint\",\"urlTemplate\":\"https:\/\/www.bachmann.ch\/en\/?s={search_term_string}\"},\"query-input\":{\"@type\":\"PropertyValueSpecification\",\"valueRequired\":true,\"valueName\":\"search_term_string\"}}],\"inLanguage\":\"fr-FR\"}]}<\/script>\n<!-- \/ Yoast SEO plugin. -->","yoast_head_json":{"title":"Recypac - BACHMANN GROUP","robots":{"index":"index","follow":"follow","max-snippet":"max-snippet:-1","max-image-preview":"max-image-preview:large","max-video-preview":"max-video-preview:-1"},"canonical":"https:\/\/www.bachmann.ch\/fr\/nachhaltigkeit\/recypac\/","og_locale":"fr_FR","og_type":"article","og_title":"Recypac - BACHMANN GROUP","og_description":"Avec la fondation de Recypac le 30 novembre 2023, une \u00e9tape importante pour l\u2019\u00e9conomie circulaire en Suisse a \u00e9t\u00e9 franchie. Le GROUPE BACHMANN fait partie des membres fondateurs. Cette nouvelle association vise \u00e0 mettre en place une collecte et un recyclage uniformes des emballages en plastique et des cartons \u00e0 boissons, \u00e0 l'exception des bouteilles [&hellip;]","og_url":"https:\/\/www.bachmann.ch\/fr\/nachhaltigkeit\/recypac\/","og_site_name":"BACHMANN GROUP","article_modified_time":"2025-03-04T07:09:47+00:00","twitter_card":"summary_large_image","twitter_misc":{"Dur\u00e9e de lecture estim\u00e9e":"3 minutes"},"schema":{"@context":"https:\/\/schema.org","@graph":[{"@type":"WebPage","@id":"https:\/\/www.bachmann.ch\/fr\/nachhaltigkeit\/recypac\/","url":"https:\/\/www.bachmann.ch\/fr\/nachhaltigkeit\/recypac\/","name":"Recypac - BACHMANN GROUP","isPartOf":{"@id":"https:\/\/www.bachmann.ch\/en\/#website"},"datePublished":"2024-04-15T09:28:43+00:00","dateModified":"2025-03-04T07:09:47+00:00","breadcrumb":{"@id":"https:\/\/www.bachmann.ch\/fr\/nachhaltigkeit\/recypac\/#breadcrumb"},"inLanguage":"fr-FR","potentialAction":[{"@type":"ReadAction","target":["https:\/\/www.bachmann.ch\/fr\/nachhaltigkeit\/recypac\/"]}]},{"@type":"BreadcrumbList","@id":"https:\/\/www.bachmann.ch\/fr\/nachhaltigkeit\/recypac\/#breadcrumb","itemListElement":[{"@type":"ListItem","position":1,"name":"Home","item":"https:\/\/www.bachmann.ch\/fr\/"},{"@type":"ListItem","position":2,"name":"Durabilit\u00e9","item":"https:\/\/www.bachmann.ch\/fr\/nachhaltigkeit\/"},{"@type":"ListItem","position":3,"name":"Recypac"}]},{"@type":"WebSite","@id":"https:\/\/www.bachmann.ch\/en\/#website","url":"https:\/\/www.bachmann.ch\/en\/","name":"BACHMANN GROUP","description":"","potentialAction":[{"@type":"SearchAction","target":{"@type":"EntryPoint","urlTemplate":"https:\/\/www.bachmann.ch\/en\/?s={search_term_string}"},"query-input":{"@type":"PropertyValueSpecification","valueRequired":true,"valueName":"search_term_string"}}],"inLanguage":"fr-FR"}]}},"_links":{"self":[{"href":"https:\/\/www.bachmann.ch\/fr\/wp-json\/wp\/v2\/pages\/3651","targetHints":{"allow":["GET"]}}],"collection":[{"href":"https:\/\/www.bachmann.ch\/fr\/wp-json\/wp\/v2\/pages"}],"about":[{"href":"https:\/\/www.bachmann.ch\/fr\/wp-json\/wp\/v2\/types\/page"}],"author":[{"embeddable":true,"href":"https:\/\/www.bachmann.ch\/fr\/wp-json\/wp\/v2\/users\/10"}],"replies":[{"embeddable":true,"href":"https:\/\/www.bachmann.ch\/fr\/wp-json\/wp\/v2\/comments?post=3651"}],"version-history":[{"count":2,"href":"https:\/\/www.bachmann.ch\/fr\/wp-json\/wp\/v2\/pages\/3651\/revisions"}],"predecessor-version":[{"id":4135,"href":"https:\/\/www.bachmann.ch\/fr\/wp-json\/wp\/v2\/pages\/3651\/revisions\/4135"}],"up":[{"embeddable":true,"href":"https:\/\/www.bachmann.ch\/fr\/wp-json\/wp\/v2\/pages\/3211"}],"wp:attachment":[{"href":"https:\/\/www.bachmann.ch\/fr\/wp-json\/wp\/v2\/media?parent=3651"}],"curies":[{"name":"wp","href":"https:\/\/api.w.org\/{rel}","templated":true}]}}