{"id":3629,"date":"2024-06-11T08:31:30","date_gmt":"2024-06-11T06:31:30","guid":{"rendered":"https:\/\/www.bachmann.ch\/nachhaltigkeit\/design-for-recycling-d4r\/"},"modified":"2024-06-12T09:00:30","modified_gmt":"2024-06-12T07:00:30","slug":"design-for-recycling-d4r","status":"publish","type":"page","link":"https:\/\/www.bachmann.ch\/fr\/nachhaltigkeit\/design-for-recycling-d4r\/","title":{"rendered":"Design for Recycling (D4R)"},"content":{"rendered":"<div id=\"pl-3629\"  class=\"panel-layout\" ><div id=\"pg-3629-0\"  class=\"panel-grid panel-has-style\" ><div data-iw-animation-delay=\"\" data-iw-animation-position=\"\" class=\"panel-row-style panel-row-style-for-3629-0\" ><div id=\"pgc-3629-0-0\"  class=\"panel-grid-cell\" ><div id=\"panel-3629-0-0-0\" class=\"so-panel widget widget_media_image panel-first-child\" data-index=\"0\" ><div data-iw-animation-delay=\"\" data-iw-animation-position=\"\" class=\"panel-widget-style panel-widget-style-for-3629-0-0-0\" ><img loading=\"lazy\" decoding=\"async\" width=\"1920\" height=\"500\" src=\"https:\/\/www.bachmann.ch\/wp-content\/uploads\/design-for-recycling.jpg\" class=\"image wp-image-3594  attachment-full size-full\" alt=\"\" style=\"max-width: 100%; height: auto;\" srcset=\"https:\/\/www.bachmann.ch\/wp-content\/uploads\/design-for-recycling.jpg 1920w, https:\/\/www.bachmann.ch\/wp-content\/uploads\/design-for-recycling-300x78.jpg 300w, https:\/\/www.bachmann.ch\/wp-content\/uploads\/design-for-recycling-1024x267.jpg 1024w, https:\/\/www.bachmann.ch\/wp-content\/uploads\/design-for-recycling-768x200.jpg 768w, https:\/\/www.bachmann.ch\/wp-content\/uploads\/design-for-recycling-1536x400.jpg 1536w\" sizes=\"auto, (max-width: 1920px) 100vw, 1920px\" \/><\/div><\/div><div id=\"panel-3629-0-0-1\" class=\"so-panel widget widget_bachmanncontentspacer-widget panel-last-child\" data-index=\"1\" ><div data-iw-animation-delay=\"\" data-iw-animation-position=\"\" class=\"panel-widget-style panel-widget-style-for-3629-0-0-1\" ><div\n\t\t\t\n\t\t\tclass=\"so-widget-bachmanncontentspacer-widget so-widget-bachmanncontentspacer-widget-base\"\n\t\t\t\n\t\t>    <div class=\"contentspacer-small\"><\/div>\n<\/div><\/div><\/div><\/div><\/div><\/div><div id=\"pg-3629-1\"  class=\"panel-grid panel-has-style\" ><div data-iw-animation-delay=\"\" data-iw-animation-position=\"\" class=\"panel-row-style panel-row-style-for-3629-1\" ><div id=\"pgc-3629-1-0\"  class=\"panel-grid-cell\" ><div id=\"panel-3629-1-0-0\" class=\"so-panel widget widget_sow-editor panel-first-child\" data-index=\"2\" ><div data-iw-animation-delay=\"\" data-iw-animation-position=\"\" class=\"panel-widget-style panel-widget-style-for-3629-1-0-0\" ><div\n\t\t\t\n\t\t\tclass=\"so-widget-sow-editor so-widget-sow-editor-base\"\n\t\t\t\n\t\t>\n<div class=\"siteorigin-widget-tinymce textwidget\">\n\t<p>Le concept de Design for Recycling (D4R) signifie que nous concevons les emballages de mani\u00e8re \u00e0 ce qu'ils soient plus facilement recyclables \u00e0 la fin de leur cycle de vie. Notre objectif est de veiller, d\u00e8s la conception de l'emballage, \u00e0 ce que les mat\u00e9riaux puissent \u00eatre r\u00e9utilis\u00e9s par la suite. Cela prot\u00e8ge l'environnement, r\u00e9duit les d\u00e9chets et pr\u00e9serve les ressources.<\/p>\n<p>Il est important pour nous d'impliquer activement nos clients. Nous souhaitons les soutenir afin qu'ils puissent suivre ce chemin\u00a0 avec nous.<\/p>\n<\/div>\n<\/div><\/div><\/div><div id=\"panel-3629-1-0-1\" class=\"so-panel widget widget_bachmanncontentspacer-widget panel-last-child\" data-index=\"3\" ><div data-iw-animation-delay=\"\" data-iw-animation-position=\"\" class=\"panel-widget-style panel-widget-style-for-3629-1-0-1\" ><div\n\t\t\t\n\t\t\tclass=\"so-widget-bachmanncontentspacer-widget so-widget-bachmanncontentspacer-widget-base\"\n\t\t\t\n\t\t>    <div class=\"contentspacer-small\"><\/div>\n<\/div><\/div><\/div><\/div><\/div><\/div><div id=\"pg-3629-2\"  class=\"panel-grid panel-has-style\" ><div data-iw-animation-delay=\"\" data-iw-animation-position=\"\" class=\"panel-row-style panel-row-style-for-3629-2\" ><div id=\"pgc-3629-2-0\"  class=\"panel-grid-cell\" ><div id=\"panel-3629-2-0-0\" class=\"so-panel widget widget_media_image panel-first-child\" data-index=\"4\" ><div data-iw-animation-delay=\"\" data-iw-animation-position=\"\" class=\"panel-widget-style panel-widget-style-for-3629-2-0-0\" ><h3 class=\"widget-title\">Pour un d\u00e9veloppment optimal du D4R, les points suivants sont pris en compte:<\/h3><img loading=\"lazy\" decoding=\"async\" width=\"1664\" height=\"692\" src=\"https:\/\/www.bachmann.ch\/wp-content\/uploads\/FR.png\" class=\"image wp-image-3637  attachment-full size-full\" alt=\"\" style=\"max-width: 100%; height: auto;\" title=\"F\u00fcr eine optimale D4R Entwicklung werden die folgenden Punkte beachtetet:\" srcset=\"https:\/\/www.bachmann.ch\/wp-content\/uploads\/FR.png 1664w, https:\/\/www.bachmann.ch\/wp-content\/uploads\/FR-300x125.png 300w, https:\/\/www.bachmann.ch\/wp-content\/uploads\/FR-1024x426.png 1024w, https:\/\/www.bachmann.ch\/wp-content\/uploads\/FR-768x319.png 768w, https:\/\/www.bachmann.ch\/wp-content\/uploads\/FR-1536x639.png 1536w\" sizes=\"auto, (max-width: 1664px) 100vw, 1664px\" \/><\/div><\/div><div id=\"panel-3629-2-0-1\" class=\"so-panel widget widget_bachmanncontentspacer-widget panel-last-child\" data-index=\"5\" ><div data-iw-animation-delay=\"\" data-iw-animation-position=\"\" class=\"panel-widget-style panel-widget-style-for-3629-2-0-1\" ><div\n\t\t\t\n\t\t\tclass=\"so-widget-bachmanncontentspacer-widget so-widget-bachmanncontentspacer-widget-base\"\n\t\t\t\n\t\t>    <div class=\"contentspacer-small\"><\/div>\n<\/div><\/div><\/div><\/div><\/div><\/div><div id=\"pg-3629-3\"  class=\"panel-grid panel-has-style\" ><div data-iw-animation-delay=\"\" data-iw-animation-position=\"\" class=\"panel-row-style panel-row-style-for-3629-3\" ><div id=\"pgc-3629-3-0\"  class=\"panel-grid-cell\" ><div id=\"panel-3629-3-0-0\" class=\"so-panel widget widget_sow-editor panel-first-child panel-last-child\" data-index=\"6\" ><div data-iw-animation-delay=\"\" data-iw-animation-position=\"\" class=\"panel-widget-style panel-widget-style-for-3629-3-0-0\" ><div\n\t\t\t\n\t\t\tclass=\"so-widget-sow-editor so-widget-sow-editor-base\"\n\t\t\t\n\t\t>\n<div class=\"siteorigin-widget-tinymce textwidget\">\n\t<p>Pour plus d\u2019information <a href=\"https:\/\/recyclass.eu\/recyclability\/design-for-recycling-guidelines\/\">ici<\/a>.<\/p>\n<p>&nbsp;<\/p>\n<p>&nbsp;<\/p>\n<\/div>\n<\/div><\/div><\/div><\/div><\/div><\/div><\/div>","protected":false},"excerpt":{"rendered":"<p>Le concept de Design for Recycling (D4R) signifie que nous concevons les emballages de mani\u00e8re \u00e0 ce qu&rsquo;ils soient plus facilement recyclables \u00e0 la fin de leur cycle de vie. Notre objectif est de veiller, d\u00e8s la conception de l&#8217;emballage, \u00e0 ce que les mat\u00e9riaux puissent \u00eatre r\u00e9utilis\u00e9s par la suite. Cela prot\u00e8ge l&rsquo;environnement, r\u00e9duit [&hellip;]<\/p>\n","protected":false},"author":10,"featured_media":0,"parent":3211,"menu_order":0,"comment_status":"closed","ping_status":"closed","template":"page-gruppe.php","meta":{"footnotes":""},"class_list":["post-3629","page","type-page","status-publish","hentry"],"yoast_head":"<!-- This site is optimized with the Yoast SEO plugin v25.9 - https:\/\/yoast.com\/wordpress\/plugins\/seo\/ -->\n<title>Design for Recycling (D4R) - BACHMANN GROUP<\/title>\n<meta name=\"robots\" content=\"index, follow, max-snippet:-1, max-image-preview:large, max-video-preview:-1\" \/>\n<link rel=\"canonical\" href=\"https:\/\/www.bachmann.ch\/fr\/nachhaltigkeit\/design-for-recycling-d4r\/\" \/>\n<meta property=\"og:locale\" content=\"fr_FR\" \/>\n<meta property=\"og:type\" content=\"article\" \/>\n<meta property=\"og:title\" content=\"Design for Recycling (D4R) - BACHMANN GROUP\" \/>\n<meta property=\"og:description\" content=\"Le concept de Design for Recycling (D4R) signifie que nous concevons les emballages de mani\u00e8re \u00e0 ce qu&#039;ils soient plus facilement recyclables \u00e0 la fin de leur cycle de vie. Notre objectif est de veiller, d\u00e8s la conception de l&#039;emballage, \u00e0 ce que les mat\u00e9riaux puissent \u00eatre r\u00e9utilis\u00e9s par la suite. Cela prot\u00e8ge l&#039;environnement, r\u00e9duit [&hellip;]\" \/>\n<meta property=\"og:url\" content=\"https:\/\/www.bachmann.ch\/fr\/nachhaltigkeit\/design-for-recycling-d4r\/\" \/>\n<meta property=\"og:site_name\" content=\"BACHMANN GROUP\" \/>\n<meta property=\"article:modified_time\" content=\"2024-06-12T07:00:30+00:00\" \/>\n<meta name=\"twitter:card\" content=\"summary_large_image\" \/>\n<meta name=\"twitter:label1\" content=\"Dur\u00e9e de lecture estim\u00e9e\" \/>\n\t<meta name=\"twitter:data1\" content=\"1 minute\" \/>\n<script type=\"application\/ld+json\" class=\"yoast-schema-graph\">{\"@context\":\"https:\/\/schema.org\",\"@graph\":[{\"@type\":\"WebPage\",\"@id\":\"https:\/\/www.bachmann.ch\/fr\/nachhaltigkeit\/design-for-recycling-d4r\/\",\"url\":\"https:\/\/www.bachmann.ch\/fr\/nachhaltigkeit\/design-for-recycling-d4r\/\",\"name\":\"Design for Recycling (D4R) - BACHMANN GROUP\",\"isPartOf\":{\"@id\":\"https:\/\/www.bachmann.ch\/en\/#website\"},\"datePublished\":\"2024-06-11T06:31:30+00:00\",\"dateModified\":\"2024-06-12T07:00:30+00:00\",\"breadcrumb\":{\"@id\":\"https:\/\/www.bachmann.ch\/fr\/nachhaltigkeit\/design-for-recycling-d4r\/#breadcrumb\"},\"inLanguage\":\"fr-FR\",\"potentialAction\":[{\"@type\":\"ReadAction\",\"target\":[\"https:\/\/www.bachmann.ch\/fr\/nachhaltigkeit\/design-for-recycling-d4r\/\"]}]},{\"@type\":\"BreadcrumbList\",\"@id\":\"https:\/\/www.bachmann.ch\/fr\/nachhaltigkeit\/design-for-recycling-d4r\/#breadcrumb\",\"itemListElement\":[{\"@type\":\"ListItem\",\"position\":1,\"name\":\"Home\",\"item\":\"https:\/\/www.bachmann.ch\/fr\/\"},{\"@type\":\"ListItem\",\"position\":2,\"name\":\"Durabilit\u00e9\",\"item\":\"https:\/\/www.bachmann.ch\/fr\/nachhaltigkeit\/\"},{\"@type\":\"ListItem\",\"position\":3,\"name\":\"Design for Recycling (D4R)\"}]},{\"@type\":\"WebSite\",\"@id\":\"https:\/\/www.bachmann.ch\/en\/#website\",\"url\":\"https:\/\/www.bachmann.ch\/en\/\",\"name\":\"BACHMANN GROUP\",\"description\":\"\",\"potentialAction\":[{\"@type\":\"SearchAction\",\"target\":{\"@type\":\"EntryPoint\",\"urlTemplate\":\"https:\/\/www.bachmann.ch\/en\/?s={search_term_string}\"},\"query-input\":{\"@type\":\"PropertyValueSpecification\",\"valueRequired\":true,\"valueName\":\"search_term_string\"}}],\"inLanguage\":\"fr-FR\"}]}<\/script>\n<!-- \/ Yoast SEO plugin. -->","yoast_head_json":{"title":"Design for Recycling (D4R) - BACHMANN GROUP","robots":{"index":"index","follow":"follow","max-snippet":"max-snippet:-1","max-image-preview":"max-image-preview:large","max-video-preview":"max-video-preview:-1"},"canonical":"https:\/\/www.bachmann.ch\/fr\/nachhaltigkeit\/design-for-recycling-d4r\/","og_locale":"fr_FR","og_type":"article","og_title":"Design for Recycling (D4R) - BACHMANN GROUP","og_description":"Le concept de Design for Recycling (D4R) signifie que nous concevons les emballages de mani\u00e8re \u00e0 ce qu'ils soient plus facilement recyclables \u00e0 la fin de leur cycle de vie. Notre objectif est de veiller, d\u00e8s la conception de l'emballage, \u00e0 ce que les mat\u00e9riaux puissent \u00eatre r\u00e9utilis\u00e9s par la suite. Cela prot\u00e8ge l'environnement, r\u00e9duit [&hellip;]","og_url":"https:\/\/www.bachmann.ch\/fr\/nachhaltigkeit\/design-for-recycling-d4r\/","og_site_name":"BACHMANN GROUP","article_modified_time":"2024-06-12T07:00:30+00:00","twitter_card":"summary_large_image","twitter_misc":{"Dur\u00e9e de lecture estim\u00e9e":"1 minute"},"schema":{"@context":"https:\/\/schema.org","@graph":[{"@type":"WebPage","@id":"https:\/\/www.bachmann.ch\/fr\/nachhaltigkeit\/design-for-recycling-d4r\/","url":"https:\/\/www.bachmann.ch\/fr\/nachhaltigkeit\/design-for-recycling-d4r\/","name":"Design for Recycling (D4R) - BACHMANN GROUP","isPartOf":{"@id":"https:\/\/www.bachmann.ch\/en\/#website"},"datePublished":"2024-06-11T06:31:30+00:00","dateModified":"2024-06-12T07:00:30+00:00","breadcrumb":{"@id":"https:\/\/www.bachmann.ch\/fr\/nachhaltigkeit\/design-for-recycling-d4r\/#breadcrumb"},"inLanguage":"fr-FR","potentialAction":[{"@type":"ReadAction","target":["https:\/\/www.bachmann.ch\/fr\/nachhaltigkeit\/design-for-recycling-d4r\/"]}]},{"@type":"BreadcrumbList","@id":"https:\/\/www.bachmann.ch\/fr\/nachhaltigkeit\/design-for-recycling-d4r\/#breadcrumb","itemListElement":[{"@type":"ListItem","position":1,"name":"Home","item":"https:\/\/www.bachmann.ch\/fr\/"},{"@type":"ListItem","position":2,"name":"Durabilit\u00e9","item":"https:\/\/www.bachmann.ch\/fr\/nachhaltigkeit\/"},{"@type":"ListItem","position":3,"name":"Design for Recycling (D4R)"}]},{"@type":"WebSite","@id":"https:\/\/www.bachmann.ch\/en\/#website","url":"https:\/\/www.bachmann.ch\/en\/","name":"BACHMANN GROUP","description":"","potentialAction":[{"@type":"SearchAction","target":{"@type":"EntryPoint","urlTemplate":"https:\/\/www.bachmann.ch\/en\/?s={search_term_string}"},"query-input":{"@type":"PropertyValueSpecification","valueRequired":true,"valueName":"search_term_string"}}],"inLanguage":"fr-FR"}]}},"_links":{"self":[{"href":"https:\/\/www.bachmann.ch\/fr\/wp-json\/wp\/v2\/pages\/3629","targetHints":{"allow":["GET"]}}],"collection":[{"href":"https:\/\/www.bachmann.ch\/fr\/wp-json\/wp\/v2\/pages"}],"about":[{"href":"https:\/\/www.bachmann.ch\/fr\/wp-json\/wp\/v2\/types\/page"}],"author":[{"embeddable":true,"href":"https:\/\/www.bachmann.ch\/fr\/wp-json\/wp\/v2\/users\/10"}],"replies":[{"embeddable":true,"href":"https:\/\/www.bachmann.ch\/fr\/wp-json\/wp\/v2\/comments?post=3629"}],"version-history":[{"count":2,"href":"https:\/\/www.bachmann.ch\/fr\/wp-json\/wp\/v2\/pages\/3629\/revisions"}],"predecessor-version":[{"id":3642,"href":"https:\/\/www.bachmann.ch\/fr\/wp-json\/wp\/v2\/pages\/3629\/revisions\/3642"}],"up":[{"embeddable":true,"href":"https:\/\/www.bachmann.ch\/fr\/wp-json\/wp\/v2\/pages\/3211"}],"wp:attachment":[{"href":"https:\/\/www.bachmann.ch\/fr\/wp-json\/wp\/v2\/media?parent=3629"}],"curies":[{"name":"wp","href":"https:\/\/api.w.org\/{rel}","templated":true}]}}